{"id":1962,"date":"2025-11-02T22:16:29","date_gmt":"2025-11-02T22:16:29","guid":{"rendered":"https:\/\/pong-bot.de\/?page_id=1962"},"modified":"2026-04-03T19:24:58","modified_gmt":"2026-04-03T18:24:58","slug":"%f0%9f%8f%85vereine-sportler-sonderrabatt","status":"publish","type":"page","link":"https:\/\/pong-bot.de\/de\/%f0%9f%8f%85vereine-sportler-sonderrabatt\/","title":{"rendered":"Vereine, Sportschulen, Trainer &amp; Sportler \u2013 Sonderrabatt"},"content":{"rendered":"\n<p>Wir m\u00f6chten aktive Sportlerinnen und Sportler sowie <strong>Tischtennis- und Tennisvereine, Sportschulen und professionelle Trainer<\/strong> <strong>sowie Sportler <\/strong>gezielt unterst\u00fctzen.<br>Daher bieten wir exklusive Sonderrabatte auf ausgew\u00e4hlte Produkte wie Ballmaschinen, Trainingszubeh\u00f6r und Ersatzteile \u2013 f\u00fcr beide Sportarten. (g\u00fcltig ab 01.01.2026)<\/p>\n\n\n\n<h2 class=\"wp-block-heading\">&#x1f3c5;<strong>So funktioniert\u2019s:<\/strong><\/h2>\n\n\n\n<h3 class=\"wp-block-heading\"><strong>1. Senden Sie uns einfach einen kurzen Nachweis per E-Mail oder WhatsApp:<\/strong><\/h3>\n\n\n\n<p><strong>F\u00fcr Vereine:<\/strong><\/p>\n\n\n\n<ul class=\"wp-block-list\">\n<li>Vereinsname oder offizieller Nachweis (z. B. Vereinsregister, Vereinswebsite oder Best\u00e4tigung des Vorstands).<\/li>\n<\/ul>\n\n\n\n<p><strong>F\u00fcr Sportschulen:<\/strong><\/p>\n\n\n\n<ul class=\"wp-block-list\">\n<li>Offizieller Nachweis der Sportschule (Website, Gewerbenachweis, Unternehmensregistrierung).<\/li>\n<\/ul>\n\n\n\n<p><strong>F\u00fcr Trainer (Tischtennis oder Tennis):<\/strong><\/p>\n\n\n\n<ul class=\"wp-block-list\">\n<li>Trainerlizenz, Zertifikat, Vereinsbest\u00e4tigung oder Nachweis der aktiven Trainert\u00e4tigkeit.<\/li>\n<\/ul>\n\n\n\n<p><strong>F\u00fcr aktive Sportler<strong> (Tischtennis oder Tennis)<\/strong>:<\/strong><\/p>\n\n\n\n<ul class=\"wp-block-list\">\n<li>Spielerpass, Mitgliedsausweis oder Nachweis der aktiven Teilnahme im Spielbetrieb.<\/li>\n<\/ul>\n\n\n\n<p>&#x1f4e7; <strong>E-Mail:<\/strong> <a>contact@pong-bot.de<\/a><br>&#x1f4ac; <strong>WhatsApp:<\/strong> wa.me\/4915565264192<\/p>\n\n\n\n<h2 class=\"wp-block-heading\"><strong>2. Erhalten Sie sofort Ihren Sonderrabatt<\/strong><\/h2>\n\n\n\n<p>Nach Pr\u00fcfung senden wir Ihnen entweder:<\/p>\n\n\n\n<ul class=\"wp-block-list\">\n<li><strong>5<strong><strong><strong>% Rabatt ab dem 1. Ger\u00e4t<\/strong><\/strong>, 7 % Rabatt ab dem 2. Ger\u00e4t<\/strong><\/strong>, <strong><strong>9 % Rabatt ab dem 3. Ger\u00e4t<\/strong><\/strong>, <strong>10 % Rabatt ab dem 4. Ger\u00e4t<\/strong>,<\/li>\n\n\n\n<li><strong>einen pers\u00f6nlichen Rabattcode<\/strong>, den Sie im Warenkorb einl\u00f6sen k\u00f6nnen,<br><strong>oder<\/strong><\/li>\n\n\n\n<li><strong>wir hinterlegen den Rabatt direkt f\u00fcr Ihre Bestellung<\/strong> (z. B. bei Direktbestellungen via E-Mail\/WhatsApp\/Vorkasse).<\/li>\n<\/ul>\n\n\n\n<p class=\"has-small-font-size\">&#x1f449; <strong>Tipp:<\/strong> F\u00fcr gr\u00f6\u00dfere Bestellungen \u2013 etwa f\u00fcr Vereinstraining, Sportschulen, Mannschaftsausstattung oder Trainerbedarf \u2013 bieten wir individuelle <strong>Staffelpreise<\/strong> an. Schreiben Sie uns einfach \u2013 wir beraten Sie gerne pers\u00f6nlich!<\/p>\n\n\n\n<p><\/p>\n","protected":false},"excerpt":{"rendered":"<p>Wir m\u00f6chten aktive Sportlerinnen und Sportler sowie Tischtennis- und Tennisvereine, Sportschulen und professionelle Trainer sowie Sportler gezielt unterst\u00fctzen.Daher bieten wir exklusive Sonderrabatte auf ausgew\u00e4hlte Produkte wie Ballmaschinen, Trainingszubeh\u00f6r und Ersatzteile &#8230;<\/p>\n","protected":false},"author":1,"featured_media":0,"parent":0,"menu_order":0,"comment_status":"closed","ping_status":"closed","template":"","meta":{"footnotes":""},"class_list":["post-1962","page","type-page","status-publish","hentry"],"jetpack_sharing_enabled":true,"_links":{"self":[{"href":"https:\/\/pong-bot.de\/de\/wp-json\/wp\/v2\/pages\/1962","targetHints":{"allow":["GET"]}}],"collection":[{"href":"https:\/\/pong-bot.de\/de\/wp-json\/wp\/v2\/pages"}],"about":[{"href":"https:\/\/pong-bot.de\/de\/wp-json\/wp\/v2\/types\/page"}],"author":[{"embeddable":true,"href":"https:\/\/pong-bot.de\/de\/wp-json\/wp\/v2\/users\/1"}],"replies":[{"embeddable":true,"href":"https:\/\/pong-bot.de\/de\/wp-json\/wp\/v2\/comments?post=1962"}],"version-history":[{"count":13,"href":"https:\/\/pong-bot.de\/de\/wp-json\/wp\/v2\/pages\/1962\/revisions"}],"predecessor-version":[{"id":3067,"href":"https:\/\/pong-bot.de\/de\/wp-json\/wp\/v2\/pages\/1962\/revisions\/3067"}],"wp:attachment":[{"href":"https:\/\/pong-bot.de\/de\/wp-json\/wp\/v2\/media?parent=1962"}],"curies":[{"name":"wp","href":"https:\/\/api.w.org\/{rel}","templated":true}]}}