{"id":2047,"date":"2025-11-26T22:33:58","date_gmt":"2025-11-26T22:33:58","guid":{"rendered":"https:\/\/pong-bot.de\/?page_id=2047"},"modified":"2026-03-01T22:36:27","modified_gmt":"2026-03-01T21:36:27","slug":"ersatzteile","status":"publish","type":"page","link":"https:\/\/pong-bot.de\/de\/ersatzteile\/","title":{"rendered":"Ersatzteile &amp; Preise"},"content":{"rendered":"\n<p>Bei Bedarf k\u00f6nnen Sie Ersatzteile jederzeit direkt \u00fcber uns anfragen. Wir \u00fcbernehmen f\u00fcr Sie die komplette Koordination: Die ben\u00f6tigten Teile werden je nach Verf\u00fcgbarkeit aus dem Pongbot-Warenlager in Deutschland oder China beschafft, zun\u00e4chst an uns geliefert, gepr\u00fcft und anschlie\u00dfend zuverl\u00e4ssig aus Deutschland an Sie versendet.<\/p>\n\n\n\n<p>Abh\u00e4ngig von Verf\u00fcgbarkeit und Lieferzeit ist in bestimmten F\u00e4llen auch ein <strong>Direktversand vom Warenlager an den Kunden<\/strong> m\u00f6glich. Wir pr\u00fcfen jeweils die effizienteste L\u00f6sung, um eine schnelle und reibungslose Lieferung sicherzustellen.<\/p>\n\n\n\n<p>&#x1f4e6; Kontaktieren Sie uns einfach per<br><strong>E-Mail:<\/strong> <a>contact@pong-bot.de<\/a><br>oder \u00fcber <strong>WhatsApp:<\/strong> <a>wa.me\/4915565264192<\/a><\/p>\n\n\n\n<p class=\"has-large-font-size\"><strong>TENNIS SPARE PARTS<\/strong><\/p>\n\n\n\n<p class=\"has-medium-font-size\"><strong>PACE S \/ PRO<\/strong><\/p>\n\n\n\n<p>1 P-STATION S -PCS- \u20ac 99,00<br>2 P-TAG S -PCS- \u20ac 99,00<br>3 Squeeze ball wheel -PCS \u20ac 89,00<br>4 Lever -PCS- \u20ac 69,00<br>5 Ball Hopper for PACE S PRO -PCS- \u20ac 329,00<br>6 Ball Hopper for PACE S -PCS- \u20ac 329,00<br>7 P-Control PRO -PCS- \u20ac 115,00<br>8 P-Control -PCS- \u20ac 115,00<br>9 Castors -PAIR- \u20ac 49,00<\/p>\n\n\n\n<p class=\"has-large-font-size\"><strong>TABLE TENNIS SPARE PARTS<\/strong><\/p>\n\n\n\n<p class=\"has-medium-font-size\"><strong>NOVA S PRO<\/strong><\/p>\n\n\n\n<p>1 Ball Squeeze Motor \u20ac 39,00<br>2 Squeeze Ball Wheel \u20ac 59,00<br>3 Ball Outlet tube 1 \u20ac 29,00<br>4 Pitching motor \u20ac 59,00<br>5 Ball Outlet tube 4 \u20ac 29,00<br>6 Ball Outlet tube 5 \u20ac 39,00<br>7 sensor \u20ac 39,00<br>8 Left and right stepper motor \u20ac 59,00<br>9 Hall plate \u20ac 29,00<br>10 Powerboard \u20ac 39,00<br>11 Ball feed hoop2 \u20ac 59,00<br>12 Ball feed hoop3 \u20ac 59,00<br>13 ball hoop \u20ac 59,00<br>14 adapter \u20ac 59,00<br>15 controller \u20ac 69,00<br>16 battery \u20ac 119,00<br>17 battery charger \u20ac 139,00<\/p>\n\n\n\n<p class=\"has-medium-font-size\"><strong>OMNI S PRO<\/strong><\/p>\n\n\n\n<p>1 Ball Squeeze Motor \u20ac 69,00<br>2 Ball Outlet tube 1 \u20ac 39,00<br>3 Squeeze Ball Wheel \u20ac 59,00<br>4 Side rotating photoelectric stopper \u20ac 79,00<br>5 Ball Outlet tube 2 \u20ac 39,00<br>6 Ball Outlet tube 3 \u20ac 49,00<br>7 Screw Motor \u20ac 189,00<br>8 Ball Outlet tube 4 \u20ac 39,00<br>9 Left and right Motor \u20ac 79,00<br>10 Ball Outlet tube 2 \u20ac 39,00<br>11 Ball Outlet tube 5 \u20ac 39,00<br>12 Toggle assembly \u20ac 59,00<br>13 power module \u20ac 39,00<br>14 Ball feed Motor \u20ac 79,00<br>15 Gathering frame 2 \u20ac 119,00<br>16 clamping assembly \u20ac 99,00<br>17 Gathering frame 4 \u20ac 89,00<br>18 power adapter \u20ac 69,00<br>19 E-PAD \u20ac 559,00<\/p>\n\n\n\n<p class=\"has-medium-font-size\"><strong>HALO S PRO<\/strong><\/p>\n\n\n\n<p>1 Ball Squeeze Motor \u20ac 69,00<br>2 Ball Outlet tube 1 \u20ac 39,00<br>3 Squeeze Ball Wheel \u20ac 59,00<br>4 Side rotating photoelectric stopper \u20ac 79,00<br>5 Ball Outlet tube 2 \u20ac 39,00<br>6 Ball Outlet tube 3 \u20ac 49,00<br>7 Screw Motor \u20ac 189,00<br>8 Ball Outlet tube 4 \u20ac 39,00<br>9 Left and right Motor \u20ac 79,00<br>10 Ball Outlet tube 2 \u20ac 39,00<br>11 Ball Outlet tube 5 \u20ac 39,00<br>12 Toggle assembly \u20ac 59,00<br>13 power module \u20ac 39,00<br>14 Ball feed Motor \u20ac 79,00<br>15 Gathering frame 2 \u20ac 119,00<br>16 wheels \u20ac 39,00<br>17 power adapter \u20ac 69,00<br>18 E-PAD \u20ac 559,00<\/p>\n","protected":false},"excerpt":{"rendered":"<p>Ersatzteil-Liste, Preise, Verf\u00fcgbarkeit, Bestellung.<\/p>\n","protected":false},"author":1,"featured_media":0,"parent":0,"menu_order":0,"comment_status":"closed","ping_status":"closed","template":"","meta":{"footnotes":""},"class_list":["post-2047","page","type-page","status-publish","hentry"],"jetpack_sharing_enabled":true,"_links":{"self":[{"href":"https:\/\/pong-bot.de\/de\/wp-json\/wp\/v2\/pages\/2047","targetHints":{"allow":["GET"]}}],"collection":[{"href":"https:\/\/pong-bot.de\/de\/wp-json\/wp\/v2\/pages"}],"about":[{"href":"https:\/\/pong-bot.de\/de\/wp-json\/wp\/v2\/types\/page"}],"author":[{"embeddable":true,"href":"https:\/\/pong-bot.de\/de\/wp-json\/wp\/v2\/users\/1"}],"replies":[{"embeddable":true,"href":"https:\/\/pong-bot.de\/de\/wp-json\/wp\/v2\/comments?post=2047"}],"version-history":[{"count":6,"href":"https:\/\/pong-bot.de\/de\/wp-json\/wp\/v2\/pages\/2047\/revisions"}],"predecessor-version":[{"id":2443,"href":"https:\/\/pong-bot.de\/de\/wp-json\/wp\/v2\/pages\/2047\/revisions\/2443"}],"wp:attachment":[{"href":"https:\/\/pong-bot.de\/de\/wp-json\/wp\/v2\/media?parent=2047"}],"curies":[{"name":"wp","href":"https:\/\/api.w.org\/{rel}","templated":true}]}}