{"id":2408,"date":"2026-02-27T22:17:37","date_gmt":"2026-02-27T21:17:37","guid":{"rendered":"https:\/\/pong-bot.de\/?page_id=2408"},"modified":"2026-03-05T17:38:57","modified_gmt":"2026-03-05T16:38:57","slug":"inbetriebnahme-videos","status":"publish","type":"page","link":"https:\/\/pong-bot.de\/de\/inbetriebnahme-videos\/","title":{"rendered":"Inbetriebnahme-Videos"},"content":{"rendered":"\n<p class=\"has-medium-font-size\">Schritt-f\u00fcr-Schritt Video-Anleitungen f\u00fcr Aufbau, App-Verbindung und erste \u00dcbungen.<\/p>\n\n\n\n<p class=\"has-medium-font-size\"><strong>&#x1f3a5; <strong>Video-Anleitungen Pace S Pro<\/strong><\/strong><\/p>\n\n\n\n<div class=\"pongbot-video-grid\">\n\n<div class=\"pongbot-video\">\n<iframe src=\"https:\/\/www.youtube-nocookie.com\/embed\/JyiWl7elUH4\"\nallowfullscreen><\/iframe>\n<\/div>\n\n<div class=\"pongbot-video\">\n<iframe src=\"https:\/\/www.youtube-nocookie.com\/embed\/ko2dcMqM74c\"\nallowfullscreen><\/iframe>\n<\/div>\n\n<\/div>\n\n\n\n<p class=\"has-medium-font-size\"><strong>&#x1f3a5; <strong>Video-Anleitungen HALO S Pro<\/strong><\/strong><\/p>\n\n\n\n<div class=\"pongbot-video-grid\">\n\n<div class=\"pongbot-video\">\n<iframe src=\"https:\/\/www.youtube-nocookie.com\/embed\/u3Ytbg0Q5cU\"\nallowfullscreen><\/iframe>\n<\/div>\n\n<div class=\"pongbot-video\">\n<iframe src=\"https:\/\/www.youtube-nocookie.com\/embed\/Xlv53sEQjrw\"\nallowfullscreen><\/iframe>\n<\/div>\n\n<\/div>\n\n\n\n<p><\/p>\n\n\n\n<p class=\"has-medium-font-size\"><strong>&#x1f3a5; <strong>Video-Anleitungen OMNI S Pro<\/strong><\/strong><\/p>\n\n\n\n<div class=\"pongbot-video-grid\">\n\n<div class=\"pongbot-video\">\n<iframe src=\"https:\/\/www.youtube-nocookie.com\/embed\/kQaWBwuaNEY\"\nallowfullscreen><\/iframe>\n<\/div>\n\n<div class=\"pongbot-video\">\n<iframe src=\"https:\/\/www.youtube-nocookie.com\/embed\/_DfV7qZn758\"\nallowfullscreen><\/iframe>\n<\/div>\n\n<\/div>\n\n\n\n<p><\/p>\n\n\n\n<p class=\"has-medium-font-size\"><strong>&#x1f3a5; <strong>Video-Anleitungen NOVA S Pro<\/strong><\/strong><\/p>\n\n\n\n<div class=\"pongbot-video-grid\">\n\n<div class=\"pongbot-video\">\n<iframe src=\"https:\/\/www.youtube-nocookie.com\/embed\/OzcBQfg4gi0\"\nallowfullscreen><\/iframe>\n<\/div>\n\n<div class=\"pongbot-video\">\n<iframe src=\"https:\/\/www.youtube-nocookie.com\/embed\/uYS6shD6Q5E\"\nallowfullscreen><\/iframe>\n<\/div>\n\n<\/div>\n\n\n\n<p class=\"has-medium-font-size\"><\/p>\n\n\n\n<p><\/p>\n","protected":false},"excerpt":{"rendered":"<p>Setup, App-Kopplung, erste Drills \u2013 Schritt f\u00fcr Schritt.<\/p>\n","protected":false},"author":1,"featured_media":0,"parent":0,"menu_order":0,"comment_status":"closed","ping_status":"closed","template":"","meta":{"footnotes":""},"class_list":["post-2408","page","type-page","status-publish","hentry"],"jetpack_sharing_enabled":true,"_links":{"self":[{"href":"https:\/\/pong-bot.de\/de\/wp-json\/wp\/v2\/pages\/2408","targetHints":{"allow":["GET"]}}],"collection":[{"href":"https:\/\/pong-bot.de\/de\/wp-json\/wp\/v2\/pages"}],"about":[{"href":"https:\/\/pong-bot.de\/de\/wp-json\/wp\/v2\/types\/page"}],"author":[{"embeddable":true,"href":"https:\/\/pong-bot.de\/de\/wp-json\/wp\/v2\/users\/1"}],"replies":[{"embeddable":true,"href":"https:\/\/pong-bot.de\/de\/wp-json\/wp\/v2\/comments?post=2408"}],"version-history":[{"count":11,"href":"https:\/\/pong-bot.de\/de\/wp-json\/wp\/v2\/pages\/2408\/revisions"}],"predecessor-version":[{"id":2467,"href":"https:\/\/pong-bot.de\/de\/wp-json\/wp\/v2\/pages\/2408\/revisions\/2467"}],"wp:attachment":[{"href":"https:\/\/pong-bot.de\/de\/wp-json\/wp\/v2\/media?parent=2408"}],"curies":[{"name":"wp","href":"https:\/\/api.w.org\/{rel}","templated":true}]}}