{"id":1769,"date":"2025-08-29T22:56:47","date_gmt":"2025-08-29T22:56:47","guid":{"rendered":"https:\/\/pong-bot.de\/?post_type=product&#038;p=1769"},"modified":"2026-04-16T21:53:01","modified_gmt":"2026-04-16T20:53:01","slug":"nova-s-pro-set","status":"publish","type":"product","link":"https:\/\/pong-bot.de\/de\/produkt\/nova-s-pro-set\/","title":{"rendered":"Nova S Pro SET (Mit Deluxe-Tragetasche)"},"content":{"rendered":"<h4><strong>Tragbarer Tischtennis-Aufschlagroboter<\/strong><\/h4>\n<p>Erschwinglich und tragbar, ideal f\u00fcr Anf\u00e4nger, mit 264 vorprogrammierten \u00dcbungen. Passen Sie die \u00dcbungen mit der intuitiven App und dem N-Control-S-Controller ganz einfach an Ihr Spielniveau und Ihren Spielstil an.<\/p>\n<h4>Garantie<\/h4>\n<p>Roboter (Hauptger\u00e4t): 1 Jahr Garantie<br \/>\nKernkomponenten (seitlicher Drehmotor, linker und rechter Drehmotor, Neigungsmotor, Ballpressmotor, Ballzufuhrmotor \u2013 ohne Getriebe): 3 Jahre Garantie<br \/>\nVerschlei\u00dfteile (Ballpressrad): 1 Jahr Garantie<br \/>\nZubeh\u00f6r (Adapter, Ballr\u00fcckf\u00fchrungsnetz, N-Control, E-PAD mit Lithium-Batterie, Typ-C-Ladekabel, Netzclip): 1 Jahr Garantie<\/p>\n<h4 data-start=\"90\" data-end=\"149\"><strong data-start=\"90\" data-end=\"147\">Versandinformationen<\/strong><\/h4>\n<ul data-start=\"151\" data-end=\"385\">\n<li data-start=\"151\" data-end=\"209\"><strong data-start=\"153\" data-end=\"180\">Versand aus Deutschland<\/strong> nach EU und CH \u2013 schnell und zuverl\u00e4ssig und <strong data-start=\"215\" data-end=\"228\">kostenlos<\/strong>.<\/li>\n<li data-start=\"210\" data-end=\"246\"><strong data-start=\"212\" data-end=\"243\">Verf\u00fcgbar ab September 2025<\/strong>.<\/li>\n<li data-start=\"317\" data-end=\"385\"><strong data-start=\"319\" data-end=\"341\">Ab dem 01.10.2025:<\/strong> verk\u00fcrzte Lieferzeit von nur <strong data-start=\"371\" data-end=\"382\">1 Woche<\/strong>.<\/li>\n<\/ul>\n<p>Wir versenden Ihre Bestellung direkt aus unserem deutschen Lager \u2013 ohne zus\u00e4tzliche Zoll- oder Importkosten.<\/p>\n<div id='gallery-1' class='gallery galleryid-1769 gallery-columns-1 gallery-size-full'><figure class='gallery-item'>\n\t\t\t<div class='gallery-icon landscape'>\n\t\t\t\t<a href='https:\/\/pong-bot.de\/de\/?attachment_id=1833'><img loading=\"lazy\" decoding=\"async\" width=\"2560\" height=\"1707\" src=\"https:\/\/pong-bot.de\/wp-content\/uploads\/2025\/08\/IA4A0634-scaled.jpg\" class=\"attachment-full size-full\" alt=\"\" srcset=\"https:\/\/pong-bot.de\/wp-content\/uploads\/2025\/08\/IA4A0634-scaled.jpg 2560w, https:\/\/pong-bot.de\/wp-content\/uploads\/2025\/08\/IA4A0634-300x200.jpg 300w, https:\/\/pong-bot.de\/wp-content\/uploads\/2025\/08\/IA4A0634-1024x683.jpg 1024w, https:\/\/pong-bot.de\/wp-content\/uploads\/2025\/08\/IA4A0634-768x512.jpg 768w, https:\/\/pong-bot.de\/wp-content\/uploads\/2025\/08\/IA4A0634-1536x1024.jpg 1536w, https:\/\/pong-bot.de\/wp-content\/uploads\/2025\/08\/IA4A0634-2048x1365.jpg 2048w, https:\/\/pong-bot.de\/wp-content\/uploads\/2025\/08\/IA4A0634-600x400.jpg 600w\" sizes=\"auto, (max-width: 2560px) 100vw, 2560px\" \/><\/a>\n\t\t\t<\/div><\/figure><figure class='gallery-item'>\n\t\t\t<div class='gallery-icon landscape'>\n\t\t\t\t<a href='https:\/\/pong-bot.de\/de\/?attachment_id=1834'><img loading=\"lazy\" decoding=\"async\" width=\"1940\" height=\"1200\" src=\"https:\/\/pong-bot.de\/wp-content\/uploads\/2025\/08\/NOVA-S-Pro-parameter-information.jpg\" class=\"attachment-full size-full\" alt=\"\" srcset=\"https:\/\/pong-bot.de\/wp-content\/uploads\/2025\/08\/NOVA-S-Pro-parameter-information.jpg 1940w, https:\/\/pong-bot.de\/wp-content\/uploads\/2025\/08\/NOVA-S-Pro-parameter-information-300x186.jpg 300w, https:\/\/pong-bot.de\/wp-content\/uploads\/2025\/08\/NOVA-S-Pro-parameter-information-1024x633.jpg 1024w, https:\/\/pong-bot.de\/wp-content\/uploads\/2025\/08\/NOVA-S-Pro-parameter-information-768x475.jpg 768w, https:\/\/pong-bot.de\/wp-content\/uploads\/2025\/08\/NOVA-S-Pro-parameter-information-1536x950.jpg 1536w, https:\/\/pong-bot.de\/wp-content\/uploads\/2025\/08\/NOVA-S-Pro-parameter-information-600x371.jpg 600w\" sizes=\"auto, (max-width: 1940px) 100vw, 1940px\" \/><\/a>\n\t\t\t<\/div><\/figure><figure class='gallery-item'>\n\t\t\t<div class='gallery-icon landscape'>\n\t\t\t\t<a href='https:\/\/pong-bot.de\/de\/?attachment_id=1778'><img loading=\"lazy\" decoding=\"async\" width=\"1800\" height=\"1800\" src=\"https:\/\/pong-bot.de\/wp-content\/uploads\/2025\/08\/NovaSPro-1.jpg\" class=\"attachment-full size-full\" alt=\"\" srcset=\"https:\/\/pong-bot.de\/wp-content\/uploads\/2025\/08\/NovaSPro-1.jpg 1800w, https:\/\/pong-bot.de\/wp-content\/uploads\/2025\/08\/NovaSPro-1-300x300.jpg 300w, https:\/\/pong-bot.de\/wp-content\/uploads\/2025\/08\/NovaSPro-1-1024x1024.jpg 1024w, https:\/\/pong-bot.de\/wp-content\/uploads\/2025\/08\/NovaSPro-1-150x150.jpg 150w, https:\/\/pong-bot.de\/wp-content\/uploads\/2025\/08\/NovaSPro-1-768x768.jpg 768w, https:\/\/pong-bot.de\/wp-content\/uploads\/2025\/08\/NovaSPro-1-1536x1536.jpg 1536w\" sizes=\"auto, (max-width: 1800px) 100vw, 1800px\" \/><\/a>\n\t\t\t<\/div><\/figure><figure class='gallery-item'>\n\t\t\t<div class='gallery-icon portrait'>\n\t\t\t\t<a href='https:\/\/pong-bot.de\/de\/?attachment_id=1800'><img loading=\"lazy\" decoding=\"async\" width=\"1397\" height=\"1500\" src=\"https:\/\/pong-bot.de\/wp-content\/uploads\/2025\/08\/81y5MIxhjXL._AC_SL1500_.jpg\" class=\"attachment-full size-full\" alt=\"\" srcset=\"https:\/\/pong-bot.de\/wp-content\/uploads\/2025\/08\/81y5MIxhjXL._AC_SL1500_.jpg 1397w, https:\/\/pong-bot.de\/wp-content\/uploads\/2025\/08\/81y5MIxhjXL._AC_SL1500_-279x300.jpg 279w, https:\/\/pong-bot.de\/wp-content\/uploads\/2025\/08\/81y5MIxhjXL._AC_SL1500_-954x1024.jpg 954w, https:\/\/pong-bot.de\/wp-content\/uploads\/2025\/08\/81y5MIxhjXL._AC_SL1500_-768x825.jpg 768w, https:\/\/pong-bot.de\/wp-content\/uploads\/2025\/08\/81y5MIxhjXL._AC_SL1500_-600x644.jpg 600w\" sizes=\"auto, (max-width: 1397px) 100vw, 1397px\" \/><\/a>\n\t\t\t<\/div><\/figure><figure class='gallery-item'>\n\t\t\t<div class='gallery-icon landscape'>\n\t\t\t\t<a href='https:\/\/pong-bot.de\/de\/?attachment_id=1799'><img loading=\"lazy\" decoding=\"async\" width=\"1500\" height=\"1338\" src=\"https:\/\/pong-bot.de\/wp-content\/uploads\/2025\/08\/61rrv8ScNTL._AC_SL1500_.jpg\" class=\"attachment-full size-full\" alt=\"\" srcset=\"https:\/\/pong-bot.de\/wp-content\/uploads\/2025\/08\/61rrv8ScNTL._AC_SL1500_.jpg 1500w, https:\/\/pong-bot.de\/wp-content\/uploads\/2025\/08\/61rrv8ScNTL._AC_SL1500_-300x268.jpg 300w, https:\/\/pong-bot.de\/wp-content\/uploads\/2025\/08\/61rrv8ScNTL._AC_SL1500_-1024x913.jpg 1024w, https:\/\/pong-bot.de\/wp-content\/uploads\/2025\/08\/61rrv8ScNTL._AC_SL1500_-768x685.jpg 768w, https:\/\/pong-bot.de\/wp-content\/uploads\/2025\/08\/61rrv8ScNTL._AC_SL1500_-600x535.jpg 600w\" sizes=\"auto, (max-width: 1500px) 100vw, 1500px\" \/><\/a>\n\t\t\t<\/div><\/figure><figure class='gallery-item'>\n\t\t\t<div class='gallery-icon landscape'>\n\t\t\t\t<a href='https:\/\/pong-bot.de\/de\/?attachment_id=1782'><img loading=\"lazy\" decoding=\"async\" width=\"1800\" height=\"1800\" src=\"https:\/\/pong-bot.de\/wp-content\/uploads\/2025\/08\/NovaSPro-5.jpg\" class=\"attachment-full size-full\" alt=\"\" srcset=\"https:\/\/pong-bot.de\/wp-content\/uploads\/2025\/08\/NovaSPro-5.jpg 1800w, https:\/\/pong-bot.de\/wp-content\/uploads\/2025\/08\/NovaSPro-5-300x300.jpg 300w, https:\/\/pong-bot.de\/wp-content\/uploads\/2025\/08\/NovaSPro-5-1024x1024.jpg 1024w, https:\/\/pong-bot.de\/wp-content\/uploads\/2025\/08\/NovaSPro-5-150x150.jpg 150w, https:\/\/pong-bot.de\/wp-content\/uploads\/2025\/08\/NovaSPro-5-768x768.jpg 768w, https:\/\/pong-bot.de\/wp-content\/uploads\/2025\/08\/NovaSPro-5-1536x1536.jpg 1536w, https:\/\/pong-bot.de\/wp-content\/uploads\/2025\/08\/NovaSPro-5-600x600.jpg 600w, https:\/\/pong-bot.de\/wp-content\/uploads\/2025\/08\/NovaSPro-5-100x100.jpg 100w\" sizes=\"auto, (max-width: 1800px) 100vw, 1800px\" \/><\/a>\n\t\t\t<\/div><\/figure><figure class='gallery-item'>\n\t\t\t<div class='gallery-icon landscape'>\n\t\t\t\t<a href='https:\/\/pong-bot.de\/de\/?attachment_id=1783'><img loading=\"lazy\" decoding=\"async\" width=\"1800\" height=\"1800\" src=\"https:\/\/pong-bot.de\/wp-content\/uploads\/2025\/08\/NovaSPro-6.jpg\" class=\"attachment-full size-full\" alt=\"\" srcset=\"https:\/\/pong-bot.de\/wp-content\/uploads\/2025\/08\/NovaSPro-6.jpg 1800w, https:\/\/pong-bot.de\/wp-content\/uploads\/2025\/08\/NovaSPro-6-300x300.jpg 300w, https:\/\/pong-bot.de\/wp-content\/uploads\/2025\/08\/NovaSPro-6-1024x1024.jpg 1024w, https:\/\/pong-bot.de\/wp-content\/uploads\/2025\/08\/NovaSPro-6-150x150.jpg 150w, https:\/\/pong-bot.de\/wp-content\/uploads\/2025\/08\/NovaSPro-6-768x768.jpg 768w\" sizes=\"auto, (max-width: 1800px) 100vw, 1800px\" \/><\/a>\n\t\t\t<\/div><\/figure><figure class='gallery-item'>\n\t\t\t<div class='gallery-icon landscape'>\n\t\t\t\t<a href='https:\/\/pong-bot.de\/de\/?attachment_id=1779'><img loading=\"lazy\" decoding=\"async\" width=\"1800\" height=\"1800\" src=\"https:\/\/pong-bot.de\/wp-content\/uploads\/2025\/08\/NovaSPro-2.jpg\" class=\"attachment-full size-full\" alt=\"\" srcset=\"https:\/\/pong-bot.de\/wp-content\/uploads\/2025\/08\/NovaSPro-2.jpg 1800w, https:\/\/pong-bot.de\/wp-content\/uploads\/2025\/08\/NovaSPro-2-300x300.jpg 300w, https:\/\/pong-bot.de\/wp-content\/uploads\/2025\/08\/NovaSPro-2-1024x1024.jpg 1024w, https:\/\/pong-bot.de\/wp-content\/uploads\/2025\/08\/NovaSPro-2-150x150.jpg 150w, https:\/\/pong-bot.de\/wp-content\/uploads\/2025\/08\/NovaSPro-2-768x768.jpg 768w, https:\/\/pong-bot.de\/wp-content\/uploads\/2025\/08\/NovaSPro-2-1536x1536.jpg 1536w, https:\/\/pong-bot.de\/wp-content\/uploads\/2025\/08\/NovaSPro-2-600x600.jpg 600w, https:\/\/pong-bot.de\/wp-content\/uploads\/2025\/08\/NovaSPro-2-100x100.jpg 100w\" sizes=\"auto, (max-width: 1800px) 100vw, 1800px\" \/><\/a>\n\t\t\t<\/div><\/figure><figure class='gallery-item'>\n\t\t\t<div class='gallery-icon landscape'>\n\t\t\t\t<a href='https:\/\/pong-bot.de\/de\/?attachment_id=1781'><img loading=\"lazy\" decoding=\"async\" width=\"1800\" height=\"1800\" src=\"https:\/\/pong-bot.de\/wp-content\/uploads\/2025\/08\/NovaSPro-4.jpg\" class=\"attachment-full size-full\" alt=\"\" srcset=\"https:\/\/pong-bot.de\/wp-content\/uploads\/2025\/08\/NovaSPro-4.jpg 1800w, https:\/\/pong-bot.de\/wp-content\/uploads\/2025\/08\/NovaSPro-4-300x300.jpg 300w, https:\/\/pong-bot.de\/wp-content\/uploads\/2025\/08\/NovaSPro-4-1024x1024.jpg 1024w, https:\/\/pong-bot.de\/wp-content\/uploads\/2025\/08\/NovaSPro-4-150x150.jpg 150w, https:\/\/pong-bot.de\/wp-content\/uploads\/2025\/08\/NovaSPro-4-768x768.jpg 768w, https:\/\/pong-bot.de\/wp-content\/uploads\/2025\/08\/NovaSPro-4-1536x1536.jpg 1536w, https:\/\/pong-bot.de\/wp-content\/uploads\/2025\/08\/NovaSPro-4-600x600.jpg 600w, https:\/\/pong-bot.de\/wp-content\/uploads\/2025\/08\/NovaSPro-4-100x100.jpg 100w\" sizes=\"auto, (max-width: 1800px) 100vw, 1800px\" \/><\/a>\n\t\t\t<\/div><\/figure><figure class='gallery-item'>\n\t\t\t<div class='gallery-icon landscape'>\n\t\t\t\t<a href='https:\/\/pong-bot.de\/de\/?attachment_id=1780'><img loading=\"lazy\" decoding=\"async\" width=\"1800\" height=\"1800\" src=\"https:\/\/pong-bot.de\/wp-content\/uploads\/2025\/08\/NovaSPro-3.jpg\" class=\"attachment-full size-full\" alt=\"\" srcset=\"https:\/\/pong-bot.de\/wp-content\/uploads\/2025\/08\/NovaSPro-3.jpg 1800w, https:\/\/pong-bot.de\/wp-content\/uploads\/2025\/08\/NovaSPro-3-300x300.jpg 300w, https:\/\/pong-bot.de\/wp-content\/uploads\/2025\/08\/NovaSPro-3-1024x1024.jpg 1024w, https:\/\/pong-bot.de\/wp-content\/uploads\/2025\/08\/NovaSPro-3-150x150.jpg 150w, https:\/\/pong-bot.de\/wp-content\/uploads\/2025\/08\/NovaSPro-3-768x768.jpg 768w, https:\/\/pong-bot.de\/wp-content\/uploads\/2025\/08\/NovaSPro-3-1536x1536.jpg 1536w, https:\/\/pong-bot.de\/wp-content\/uploads\/2025\/08\/NovaSPro-3-600x600.jpg 600w, https:\/\/pong-bot.de\/wp-content\/uploads\/2025\/08\/NovaSPro-3-100x100.jpg 100w\" sizes=\"auto, (max-width: 1800px) 100vw, 1800px\" \/><\/a>\n\t\t\t<\/div><\/figure><figure class='gallery-item'>\n\t\t\t<div class='gallery-icon landscape'>\n\t\t\t\t<a href='https:\/\/pong-bot.de\/de\/?attachment_id=1784'><img loading=\"lazy\" decoding=\"async\" width=\"1800\" height=\"1800\" src=\"https:\/\/pong-bot.de\/wp-content\/uploads\/2025\/08\/NovaSPro-7.jpg\" class=\"attachment-full size-full\" alt=\"\" srcset=\"https:\/\/pong-bot.de\/wp-content\/uploads\/2025\/08\/NovaSPro-7.jpg 1800w, https:\/\/pong-bot.de\/wp-content\/uploads\/2025\/08\/NovaSPro-7-300x300.jpg 300w, https:\/\/pong-bot.de\/wp-content\/uploads\/2025\/08\/NovaSPro-7-1024x1024.jpg 1024w, https:\/\/pong-bot.de\/wp-content\/uploads\/2025\/08\/NovaSPro-7-150x150.jpg 150w, https:\/\/pong-bot.de\/wp-content\/uploads\/2025\/08\/NovaSPro-7-768x768.jpg 768w, https:\/\/pong-bot.de\/wp-content\/uploads\/2025\/08\/NovaSPro-7-1536x1536.jpg 1536w, https:\/\/pong-bot.de\/wp-content\/uploads\/2025\/08\/NovaSPro-7-600x600.jpg 600w, https:\/\/pong-bot.de\/wp-content\/uploads\/2025\/08\/NovaSPro-7-100x100.jpg 100w\" sizes=\"auto, (max-width: 1800px) 100vw, 1800px\" \/><\/a>\n\t\t\t<\/div><\/figure><figure class='gallery-item'>\n\t\t\t<div class='gallery-icon landscape'>\n\t\t\t\t<a href='https:\/\/pong-bot.de\/de\/?attachment_id=1835'><img loading=\"lazy\" decoding=\"async\" width=\"1920\" height=\"1349\" src=\"https:\/\/pong-bot.de\/wp-content\/uploads\/2025\/08\/NOVA\u7ed1\u5e26\u76f8\u5173Render.468.png\" class=\"attachment-full size-full\" alt=\"\" srcset=\"https:\/\/pong-bot.de\/wp-content\/uploads\/2025\/08\/NOVA\u7ed1\u5e26\u76f8\u5173Render.468.png 1920w, https:\/\/pong-bot.de\/wp-content\/uploads\/2025\/08\/NOVA\u7ed1\u5e26\u76f8\u5173Render.468-300x211.png 300w, https:\/\/pong-bot.de\/wp-content\/uploads\/2025\/08\/NOVA\u7ed1\u5e26\u76f8\u5173Render.468-1024x719.png 1024w, https:\/\/pong-bot.de\/wp-content\/uploads\/2025\/08\/NOVA\u7ed1\u5e26\u76f8\u5173Render.468-768x540.png 768w, https:\/\/pong-bot.de\/wp-content\/uploads\/2025\/08\/NOVA\u7ed1\u5e26\u76f8\u5173Render.468-1536x1079.png 1536w, https:\/\/pong-bot.de\/wp-content\/uploads\/2025\/08\/NOVA\u7ed1\u5e26\u76f8\u5173Render.468-600x422.png 600w\" sizes=\"auto, (max-width: 1920px) 100vw, 1920px\" \/><\/a>\n\t\t\t<\/div><\/figure>\n\t\t<\/div>\n\n","protected":false},"excerpt":{"rendered":"<p>Tragbarer Tischtennis-Aufschlagroboter. Wir versenden Ihre Bestellung direkt aus unserem deutschen Lager \u2013 ohne zus\u00e4tzliche Zoll- oder Importkosten.<\/p>\n","protected":false},"featured_media":1914,"comment_status":"open","ping_status":"closed","template":"","meta":[],"product_brand":[],"product_cat":[33,31,35],"product_tag":[38],"class_list":{"0":"post-1769","1":"product","2":"type-product","3":"status-publish","4":"has-post-thumbnail","6":"product_cat-tt-einsteigermodelle","7":"product_cat-tischtennisballroboter","8":"product_cat-tt-zubehoer","9":"product_tag-tragbarer-tischtennis-aufschlagroboter","11":"first","12":"outofstock","13":"sale","14":"taxable","15":"shipping-taxable","16":"purchasable","17":"product-type-simple"},"jetpack_sharing_enabled":true,"_links":{"self":[{"href":"https:\/\/pong-bot.de\/de\/wp-json\/wp\/v2\/product\/1769","targetHints":{"allow":["GET"]}}],"collection":[{"href":"https:\/\/pong-bot.de\/de\/wp-json\/wp\/v2\/product"}],"about":[{"href":"https:\/\/pong-bot.de\/de\/wp-json\/wp\/v2\/types\/product"}],"replies":[{"embeddable":true,"href":"https:\/\/pong-bot.de\/de\/wp-json\/wp\/v2\/comments?post=1769"}],"wp:featuredmedia":[{"embeddable":true,"href":"https:\/\/pong-bot.de\/de\/wp-json\/wp\/v2\/media\/1914"}],"wp:attachment":[{"href":"https:\/\/pong-bot.de\/de\/wp-json\/wp\/v2\/media?parent=1769"}],"wp:term":[{"taxonomy":"product_brand","embeddable":true,"href":"https:\/\/pong-bot.de\/de\/wp-json\/wp\/v2\/product_brand?post=1769"},{"taxonomy":"product_cat","embeddable":true,"href":"https:\/\/pong-bot.de\/de\/wp-json\/wp\/v2\/product_cat?post=1769"},{"taxonomy":"product_tag","embeddable":true,"href":"https:\/\/pong-bot.de\/de\/wp-json\/wp\/v2\/product_tag?post=1769"}],"curies":[{"name":"wp","href":"https:\/\/api.w.org\/{rel}","templated":true}]}}