{"id":1802,"date":"2025-09-15T18:28:49","date_gmt":"2025-09-15T18:28:49","guid":{"rendered":"https:\/\/pong-bot.de\/?post_type=product&#038;p=1802"},"modified":"2026-04-03T11:52:00","modified_gmt":"2026-04-03T10:52:00","slug":"omni-s-pro","status":"publish","type":"product","link":"https:\/\/pong-bot.de\/de\/produkt\/omni-s-pro\/","title":{"rendered":"Omni S Pro"},"content":{"rendered":"<p>PONGBOT Tischtennis-Roboter mit Netz, Tischtennisballmaschine, &#8222;E PAD S&#8220; \/ APP-Steuerung, 396 vorgespeicherte Ballbahnen, programmierbare Bohrer, intelligentes Training f\u00fcr alle Niveaus Der perfekte Tischtennis-Trainingspartner!<\/p>\n<h4>Beschreibung<\/h4>\n<ul class=\"a-unordered-list a-vertical a-spacing-mini\">\n<li class=\"a-spacing-mini\"><span class=\"a-list-item\">Tischtennisroboter &#8222;OMNI S Pro&#8220; mit Fernbedienung &#8222;E Pad S&#8220; und App &#8222;Pongbot&#8220; f\u00fcr doppelte Kontrolle und Vielseitigkeit<\/span><\/li>\n<li class=\"a-spacing-mini\"><span class=\"a-list-item\">Programmierbarer Tischtennis-Roboter: anpassbare Einstellungen simulieren Ballgeschwindigkeit, Spin, Frequenz, Flugbahn und Landung.<\/span><\/li>\n<li class=\"a-spacing-mini\"><span class=\"a-list-item\">396 vorgespeicherte Kugelbahnen f\u00fcr schnellen Start &#8211; 66 Bohrer x 3-Sterne-Bewertung x Vorhand-\/R\u00fcckhandmodus-Optionen<\/span><\/li>\n<li class=\"a-spacing-mini\"><span class=\"a-list-item\">App mit offener Bohrbibliothek f\u00fcr visuelle Routinen, die geteilt und angepasst werden k\u00f6nnen, sodass Benutzer frei voneinander trainieren und lernen k\u00f6nnen.<\/span><\/li>\n<li class=\"a-spacing-mini\"><span class=\"a-list-item\">Im Lieferumfang enthalten: OMNI S Pro Einheit, Ball-Recyclingnetz, E Pad S, Netzadapter, Bedienungsanleitung (evtl. nicht in deutscher Sprache). <\/span><\/li>\n<li class=\"a-spacing-mini\"><span class=\"a-list-item\">Nicht enthalten: 40mm\/40mm+ Kugeln.<\/span><\/li>\n<\/ul>\n<h4>Garantie<\/h4>\n<p>Roboter (Hauptger\u00e4t): 1 Jahr Garantie<br \/>\nKernkomponenten (seitlicher Drehmotor, linker und rechter Drehmotor, Neigungsmotor, Ballpressmotor, Ballzufuhrmotor \u2013 ohne Getriebe): 3 Jahre Garantie<br \/>\nVerschlei\u00dfteile (Ballpressrad): 1 Jahr Garantie<br \/>\nZubeh\u00f6r (Adapter, Ballr\u00fcckf\u00fchrungsnetz, N-Control, E-PAD mit Lithium-Batterie, Typ-C-Ladekabel, Netzclip): 1 Jahr Garantie<\/p>\n<h4 data-start=\"90\" data-end=\"149\"><strong data-start=\"90\" data-end=\"147\">Versandinformationen<\/strong><\/h4>\n<ul data-start=\"151\" data-end=\"385\">\n<li data-start=\"151\" data-end=\"209\"><strong data-start=\"153\" data-end=\"180\">Versand aus Deutschland<\/strong> nach EU und CH \u2013 schnell und zuverl\u00e4ssig und <strong data-start=\"215\" data-end=\"228\">kostenlos<\/strong>.<\/li>\n<\/ul>\n<p>Wir versenden Ihre Bestellung direkt aus unserem deutschen Lager \u2013 ohne zus\u00e4tzliche Zoll- oder Importkosten.<\/p>\n<div id='gallery-1' class='gallery galleryid-1802 gallery-columns-1 gallery-size-full'><figure class='gallery-item'>\n\t\t\t<div class='gallery-icon landscape'>\n\t\t\t\t<a href='https:\/\/pong-bot.de\/de\/?attachment_id=1803'><img loading=\"lazy\" decoding=\"async\" width=\"1500\" height=\"1396\" src=\"https:\/\/pong-bot.de\/wp-content\/uploads\/2025\/09\/61GigYis78L._AC_SL1500_.jpg\" class=\"attachment-full size-full\" alt=\"\" srcset=\"https:\/\/pong-bot.de\/wp-content\/uploads\/2025\/09\/61GigYis78L._AC_SL1500_.jpg 1500w, https:\/\/pong-bot.de\/wp-content\/uploads\/2025\/09\/61GigYis78L._AC_SL1500_-300x279.jpg 300w, https:\/\/pong-bot.de\/wp-content\/uploads\/2025\/09\/61GigYis78L._AC_SL1500_-1024x953.jpg 1024w, https:\/\/pong-bot.de\/wp-content\/uploads\/2025\/09\/61GigYis78L._AC_SL1500_-768x715.jpg 768w, https:\/\/pong-bot.de\/wp-content\/uploads\/2025\/09\/61GigYis78L._AC_SL1500_-600x558.jpg 600w\" sizes=\"auto, (max-width: 1500px) 100vw, 1500px\" \/><\/a>\n\t\t\t<\/div><\/figure><figure class='gallery-item'>\n\t\t\t<div class='gallery-icon landscape'>\n\t\t\t\t<a href='https:\/\/pong-bot.de\/de\/?attachment_id=1804'><img loading=\"lazy\" decoding=\"async\" width=\"1500\" height=\"1500\" src=\"https:\/\/pong-bot.de\/wp-content\/uploads\/2025\/09\/71CB69VgfrL._AC_SL1500_.jpg\" class=\"attachment-full size-full\" alt=\"\" srcset=\"https:\/\/pong-bot.de\/wp-content\/uploads\/2025\/09\/71CB69VgfrL._AC_SL1500_.jpg 1500w, https:\/\/pong-bot.de\/wp-content\/uploads\/2025\/09\/71CB69VgfrL._AC_SL1500_-300x300.jpg 300w, https:\/\/pong-bot.de\/wp-content\/uploads\/2025\/09\/71CB69VgfrL._AC_SL1500_-1024x1024.jpg 1024w, https:\/\/pong-bot.de\/wp-content\/uploads\/2025\/09\/71CB69VgfrL._AC_SL1500_-150x150.jpg 150w, https:\/\/pong-bot.de\/wp-content\/uploads\/2025\/09\/71CB69VgfrL._AC_SL1500_-768x768.jpg 768w, https:\/\/pong-bot.de\/wp-content\/uploads\/2025\/09\/71CB69VgfrL._AC_SL1500_-600x600.jpg 600w, https:\/\/pong-bot.de\/wp-content\/uploads\/2025\/09\/71CB69VgfrL._AC_SL1500_-100x100.jpg 100w\" sizes=\"auto, (max-width: 1500px) 100vw, 1500px\" \/><\/a>\n\t\t\t<\/div><\/figure><figure class='gallery-item'>\n\t\t\t<div class='gallery-icon landscape'>\n\t\t\t\t<a href='https:\/\/pong-bot.de\/de\/?attachment_id=1811'><img loading=\"lazy\" decoding=\"async\" width=\"1500\" height=\"1500\" src=\"https:\/\/pong-bot.de\/wp-content\/uploads\/2025\/09\/71d2eJ2NkzL._AC_SL1500_.jpg\" class=\"attachment-full size-full\" alt=\"\" srcset=\"https:\/\/pong-bot.de\/wp-content\/uploads\/2025\/09\/71d2eJ2NkzL._AC_SL1500_.jpg 1500w, https:\/\/pong-bot.de\/wp-content\/uploads\/2025\/09\/71d2eJ2NkzL._AC_SL1500_-300x300.jpg 300w, https:\/\/pong-bot.de\/wp-content\/uploads\/2025\/09\/71d2eJ2NkzL._AC_SL1500_-1024x1024.jpg 1024w, https:\/\/pong-bot.de\/wp-content\/uploads\/2025\/09\/71d2eJ2NkzL._AC_SL1500_-150x150.jpg 150w, https:\/\/pong-bot.de\/wp-content\/uploads\/2025\/09\/71d2eJ2NkzL._AC_SL1500_-768x768.jpg 768w, https:\/\/pong-bot.de\/wp-content\/uploads\/2025\/09\/71d2eJ2NkzL._AC_SL1500_-600x600.jpg 600w, https:\/\/pong-bot.de\/wp-content\/uploads\/2025\/09\/71d2eJ2NkzL._AC_SL1500_-100x100.jpg 100w\" sizes=\"auto, (max-width: 1500px) 100vw, 1500px\" \/><\/a>\n\t\t\t<\/div><\/figure><figure class='gallery-item'>\n\t\t\t<div class='gallery-icon landscape'>\n\t\t\t\t<a href='https:\/\/pong-bot.de\/de\/?attachment_id=1806'><img loading=\"lazy\" decoding=\"async\" width=\"1500\" height=\"1500\" src=\"https:\/\/pong-bot.de\/wp-content\/uploads\/2025\/09\/71JNhBbqN5L._AC_SL1500_.jpg\" class=\"attachment-full size-full\" alt=\"\" srcset=\"https:\/\/pong-bot.de\/wp-content\/uploads\/2025\/09\/71JNhBbqN5L._AC_SL1500_.jpg 1500w, https:\/\/pong-bot.de\/wp-content\/uploads\/2025\/09\/71JNhBbqN5L._AC_SL1500_-300x300.jpg 300w, https:\/\/pong-bot.de\/wp-content\/uploads\/2025\/09\/71JNhBbqN5L._AC_SL1500_-1024x1024.jpg 1024w, https:\/\/pong-bot.de\/wp-content\/uploads\/2025\/09\/71JNhBbqN5L._AC_SL1500_-150x150.jpg 150w, https:\/\/pong-bot.de\/wp-content\/uploads\/2025\/09\/71JNhBbqN5L._AC_SL1500_-768x768.jpg 768w, https:\/\/pong-bot.de\/wp-content\/uploads\/2025\/09\/71JNhBbqN5L._AC_SL1500_-600x600.jpg 600w, https:\/\/pong-bot.de\/wp-content\/uploads\/2025\/09\/71JNhBbqN5L._AC_SL1500_-100x100.jpg 100w\" sizes=\"auto, (max-width: 1500px) 100vw, 1500px\" \/><\/a>\n\t\t\t<\/div><\/figure><figure class='gallery-item'>\n\t\t\t<div class='gallery-icon landscape'>\n\t\t\t\t<a href='https:\/\/pong-bot.de\/de\/?attachment_id=1869'><img loading=\"lazy\" decoding=\"async\" width=\"646\" height=\"455\" src=\"https:\/\/pong-bot.de\/wp-content\/uploads\/2025\/09\/OMNI-Pro.png\" class=\"attachment-full size-full\" alt=\"\" srcset=\"https:\/\/pong-bot.de\/wp-content\/uploads\/2025\/09\/OMNI-Pro.png 646w, https:\/\/pong-bot.de\/wp-content\/uploads\/2025\/09\/OMNI-Pro-300x211.png 300w, https:\/\/pong-bot.de\/wp-content\/uploads\/2025\/09\/OMNI-Pro-600x423.png 600w\" sizes=\"auto, (max-width: 646px) 100vw, 646px\" \/><\/a>\n\t\t\t<\/div><\/figure><figure class='gallery-item'>\n\t\t\t<div class='gallery-icon landscape'>\n\t\t\t\t<a href='https:\/\/pong-bot.de\/de\/?attachment_id=1805'><img loading=\"lazy\" decoding=\"async\" width=\"1500\" height=\"1500\" src=\"https:\/\/pong-bot.de\/wp-content\/uploads\/2025\/09\/71Id-vZB-TL._AC_SL1500_.jpg\" class=\"attachment-full size-full\" alt=\"\" srcset=\"https:\/\/pong-bot.de\/wp-content\/uploads\/2025\/09\/71Id-vZB-TL._AC_SL1500_.jpg 1500w, https:\/\/pong-bot.de\/wp-content\/uploads\/2025\/09\/71Id-vZB-TL._AC_SL1500_-300x300.jpg 300w, https:\/\/pong-bot.de\/wp-content\/uploads\/2025\/09\/71Id-vZB-TL._AC_SL1500_-1024x1024.jpg 1024w, https:\/\/pong-bot.de\/wp-content\/uploads\/2025\/09\/71Id-vZB-TL._AC_SL1500_-150x150.jpg 150w, https:\/\/pong-bot.de\/wp-content\/uploads\/2025\/09\/71Id-vZB-TL._AC_SL1500_-768x768.jpg 768w, https:\/\/pong-bot.de\/wp-content\/uploads\/2025\/09\/71Id-vZB-TL._AC_SL1500_-600x600.jpg 600w, https:\/\/pong-bot.de\/wp-content\/uploads\/2025\/09\/71Id-vZB-TL._AC_SL1500_-100x100.jpg 100w\" sizes=\"auto, (max-width: 1500px) 100vw, 1500px\" \/><\/a>\n\t\t\t<\/div><\/figure><figure class='gallery-item'>\n\t\t\t<div class='gallery-icon landscape'>\n\t\t\t\t<a href='https:\/\/pong-bot.de\/de\/?attachment_id=1866'><img loading=\"lazy\" decoding=\"async\" width=\"2560\" height=\"1584\" src=\"https:\/\/pong-bot.de\/wp-content\/uploads\/2025\/09\/OMNI-S-Pro-parameter-information-scaled.jpg\" class=\"attachment-full size-full\" alt=\"\" srcset=\"https:\/\/pong-bot.de\/wp-content\/uploads\/2025\/09\/OMNI-S-Pro-parameter-information-scaled.jpg 2560w, https:\/\/pong-bot.de\/wp-content\/uploads\/2025\/09\/OMNI-S-Pro-parameter-information-300x186.jpg 300w, https:\/\/pong-bot.de\/wp-content\/uploads\/2025\/09\/OMNI-S-Pro-parameter-information-1024x633.jpg 1024w, https:\/\/pong-bot.de\/wp-content\/uploads\/2025\/09\/OMNI-S-Pro-parameter-information-768x475.jpg 768w, https:\/\/pong-bot.de\/wp-content\/uploads\/2025\/09\/OMNI-S-Pro-parameter-information-1536x950.jpg 1536w, https:\/\/pong-bot.de\/wp-content\/uploads\/2025\/09\/OMNI-S-Pro-parameter-information-2048x1267.jpg 2048w, https:\/\/pong-bot.de\/wp-content\/uploads\/2025\/09\/OMNI-S-Pro-parameter-information-600x371.jpg 600w\" sizes=\"auto, (max-width: 2560px) 100vw, 2560px\" \/><\/a>\n\t\t\t<\/div><\/figure><figure class='gallery-item'>\n\t\t\t<div class='gallery-icon portrait'>\n\t\t\t\t<a href='https:\/\/pong-bot.de\/de\/?attachment_id=1867'><img loading=\"lazy\" decoding=\"async\" width=\"1707\" height=\"2560\" src=\"https:\/\/pong-bot.de\/wp-content\/uploads\/2025\/09\/OMNI-S-Pro-scaled.jpg\" class=\"attachment-full size-full\" alt=\"\" srcset=\"https:\/\/pong-bot.de\/wp-content\/uploads\/2025\/09\/OMNI-S-Pro-scaled.jpg 1707w, https:\/\/pong-bot.de\/wp-content\/uploads\/2025\/09\/OMNI-S-Pro-200x300.jpg 200w, https:\/\/pong-bot.de\/wp-content\/uploads\/2025\/09\/OMNI-S-Pro-683x1024.jpg 683w, https:\/\/pong-bot.de\/wp-content\/uploads\/2025\/09\/OMNI-S-Pro-768x1152.jpg 768w, https:\/\/pong-bot.de\/wp-content\/uploads\/2025\/09\/OMNI-S-Pro-1024x1536.jpg 1024w, https:\/\/pong-bot.de\/wp-content\/uploads\/2025\/09\/OMNI-S-Pro-1366x2048.jpg 1366w, https:\/\/pong-bot.de\/wp-content\/uploads\/2025\/09\/OMNI-S-Pro-600x900.jpg 600w\" sizes=\"auto, (max-width: 1707px) 100vw, 1707px\" \/><\/a>\n\t\t\t<\/div><\/figure><figure class='gallery-item'>\n\t\t\t<div class='gallery-icon landscape'>\n\t\t\t\t<a href='https:\/\/pong-bot.de\/de\/?attachment_id=1865'><img loading=\"lazy\" decoding=\"async\" width=\"2560\" height=\"1707\" src=\"https:\/\/pong-bot.de\/wp-content\/uploads\/2025\/09\/IA4A9550-scaled.jpg\" class=\"attachment-full size-full\" alt=\"\" srcset=\"https:\/\/pong-bot.de\/wp-content\/uploads\/2025\/09\/IA4A9550-scaled.jpg 2560w, https:\/\/pong-bot.de\/wp-content\/uploads\/2025\/09\/IA4A9550-300x200.jpg 300w, https:\/\/pong-bot.de\/wp-content\/uploads\/2025\/09\/IA4A9550-1024x683.jpg 1024w, https:\/\/pong-bot.de\/wp-content\/uploads\/2025\/09\/IA4A9550-768x512.jpg 768w, https:\/\/pong-bot.de\/wp-content\/uploads\/2025\/09\/IA4A9550-1536x1024.jpg 1536w, https:\/\/pong-bot.de\/wp-content\/uploads\/2025\/09\/IA4A9550-2048x1365.jpg 2048w, https:\/\/pong-bot.de\/wp-content\/uploads\/2025\/09\/IA4A9550-600x400.jpg 600w\" sizes=\"auto, (max-width: 2560px) 100vw, 2560px\" \/><\/a>\n\t\t\t<\/div><\/figure><figure class='gallery-item'>\n\t\t\t<div class='gallery-icon landscape'>\n\t\t\t\t<a href='https:\/\/pong-bot.de\/de\/?attachment_id=1807'><img loading=\"lazy\" decoding=\"async\" width=\"1500\" height=\"1500\" src=\"https:\/\/pong-bot.de\/wp-content\/uploads\/2025\/09\/7120zr9pZlL._AC_SL1500_.jpg\" class=\"attachment-full size-full\" alt=\"\" srcset=\"https:\/\/pong-bot.de\/wp-content\/uploads\/2025\/09\/7120zr9pZlL._AC_SL1500_.jpg 1500w, https:\/\/pong-bot.de\/wp-content\/uploads\/2025\/09\/7120zr9pZlL._AC_SL1500_-300x300.jpg 300w, https:\/\/pong-bot.de\/wp-content\/uploads\/2025\/09\/7120zr9pZlL._AC_SL1500_-1024x1024.jpg 1024w, https:\/\/pong-bot.de\/wp-content\/uploads\/2025\/09\/7120zr9pZlL._AC_SL1500_-150x150.jpg 150w, https:\/\/pong-bot.de\/wp-content\/uploads\/2025\/09\/7120zr9pZlL._AC_SL1500_-768x768.jpg 768w, https:\/\/pong-bot.de\/wp-content\/uploads\/2025\/09\/7120zr9pZlL._AC_SL1500_-600x600.jpg 600w, https:\/\/pong-bot.de\/wp-content\/uploads\/2025\/09\/7120zr9pZlL._AC_SL1500_-100x100.jpg 100w\" sizes=\"auto, (max-width: 1500px) 100vw, 1500px\" \/><\/a>\n\t\t\t<\/div><\/figure>\n\t\t<\/div>\n\n","protected":false},"excerpt":{"rendered":"<p><span class=\"a-list-item\">Tischtennisroboter &#8222;OMNI S Pro&#8220; mit Fernbedienung &#8222;E Pad S&#8220; und App &#8222;Pongbot&#8220; f\u00fcr doppelte Kontrolle und Vielseitigkeit<\/span><\/p>\n","protected":false},"featured_media":1925,"comment_status":"open","ping_status":"closed","template":"","meta":[],"product_brand":[],"product_cat":[34,31],"product_tag":[39,40],"class_list":{"0":"post-1802","1":"product","2":"type-product","3":"status-publish","4":"has-post-thumbnail","6":"product_cat-tt-fortgeschrittenemodelle","7":"product_cat-tischtennisballroboter","8":"product_tag-omni-s-pro","9":"product_tag-tischtennisroboter","11":"first","12":"instock","13":"sale","14":"featured","15":"taxable","16":"shipping-taxable","17":"purchasable","18":"product-type-simple"},"jetpack_sharing_enabled":true,"_links":{"self":[{"href":"https:\/\/pong-bot.de\/de\/wp-json\/wp\/v2\/product\/1802","targetHints":{"allow":["GET"]}}],"collection":[{"href":"https:\/\/pong-bot.de\/de\/wp-json\/wp\/v2\/product"}],"about":[{"href":"https:\/\/pong-bot.de\/de\/wp-json\/wp\/v2\/types\/product"}],"replies":[{"embeddable":true,"href":"https:\/\/pong-bot.de\/de\/wp-json\/wp\/v2\/comments?post=1802"}],"wp:featuredmedia":[{"embeddable":true,"href":"https:\/\/pong-bot.de\/de\/wp-json\/wp\/v2\/media\/1925"}],"wp:attachment":[{"href":"https:\/\/pong-bot.de\/de\/wp-json\/wp\/v2\/media?parent=1802"}],"wp:term":[{"taxonomy":"product_brand","embeddable":true,"href":"https:\/\/pong-bot.de\/de\/wp-json\/wp\/v2\/product_brand?post=1802"},{"taxonomy":"product_cat","embeddable":true,"href":"https:\/\/pong-bot.de\/de\/wp-json\/wp\/v2\/product_cat?post=1802"},{"taxonomy":"product_tag","embeddable":true,"href":"https:\/\/pong-bot.de\/de\/wp-json\/wp\/v2\/product_tag?post=1802"}],"curies":[{"name":"wp","href":"https:\/\/api.w.org\/{rel}","templated":true}]}}