{"id":1808,"date":"2025-09-15T18:43:59","date_gmt":"2025-09-15T18:43:59","guid":{"rendered":"https:\/\/pong-bot.de\/?post_type=product&#038;p=1808"},"modified":"2026-04-03T11:50:35","modified_gmt":"2026-04-03T10:50:35","slug":"halo-s-pro","status":"publish","type":"product","link":"https:\/\/pong-bot.de\/de\/produkt\/halo-s-pro\/","title":{"rendered":"Halo S Pro"},"content":{"rendered":"<p>PONGBOT Tischtennis-Roboter, automatische Ping-Pong-Ballmaschine, Fernbedienung, 114 integrierte Bohrmaschinen, Programmierung und unbegrenzt anpassbar, geeignet f\u00fcr Spieler aller Schwierigkeitsstufen<\/p>\n<h4>Garantie<\/h4>\n<p>Roboter (Hauptger\u00e4t): 1 Jahr Garantie<br \/>\nKernkomponenten (seitlicher Drehmotor, linker und rechter Drehmotor, Neigungsmotor, Ballpressmotor, Ballzufuhrmotor \u2013 ohne Getriebe): 3 Jahre Garantie<br \/>\nVerschlei\u00dfteile (Ballpressrad): 1 Jahr Garantie<br \/>\nZubeh\u00f6r (Adapter, Ballr\u00fcckf\u00fchrungsnetz, N-Control, E-PAD mit Lithium-Batterie, Typ-C-Ladekabel, Netzclip): 1 Jahr Garantie<\/p>\n<h4 data-start=\"90\" data-end=\"149\"><strong data-start=\"90\" data-end=\"147\">Versandinformationen<\/strong><\/h4>\n<ul data-start=\"151\" data-end=\"385\">\n<li data-start=\"151\" data-end=\"209\"><strong data-start=\"153\" data-end=\"180\">Versand aus Deutschland<\/strong> nach EU und CH \u2013 schnell, zuverl\u00e4ssig und <strong data-start=\"215\" data-end=\"228\">kostenlos<\/strong>.<\/li>\n<\/ul>\n<p>Wir versenden Ihre Bestellung direkt aus unserem deutschen Lager \u2013 ohne zus\u00e4tzliche Zoll- oder Importkosten.<\/p>\n<div id='gallery-1' class='gallery galleryid-1808 gallery-columns-1 gallery-size-full'><figure class='gallery-item'>\n\t\t\t<div class='gallery-icon portrait'>\n\t\t\t\t<a href='https:\/\/pong-bot.de\/de\/?attachment_id=1810'><img loading=\"lazy\" decoding=\"async\" width=\"1250\" height=\"1500\" src=\"https:\/\/pong-bot.de\/wp-content\/uploads\/2025\/09\/612uMoaMaHL._AC_SL1500_.jpg\" class=\"attachment-full size-full\" alt=\"Halo S Pro\" srcset=\"https:\/\/pong-bot.de\/wp-content\/uploads\/2025\/09\/612uMoaMaHL._AC_SL1500_.jpg 1250w, https:\/\/pong-bot.de\/wp-content\/uploads\/2025\/09\/612uMoaMaHL._AC_SL1500_-250x300.jpg 250w, https:\/\/pong-bot.de\/wp-content\/uploads\/2025\/09\/612uMoaMaHL._AC_SL1500_-853x1024.jpg 853w, https:\/\/pong-bot.de\/wp-content\/uploads\/2025\/09\/612uMoaMaHL._AC_SL1500_-768x922.jpg 768w, https:\/\/pong-bot.de\/wp-content\/uploads\/2025\/09\/612uMoaMaHL._AC_SL1500_-600x720.jpg 600w\" sizes=\"auto, (max-width: 1250px) 100vw, 1250px\" \/><\/a>\n\t\t\t<\/div><\/figure><figure class='gallery-item'>\n\t\t\t<div class='gallery-icon landscape'>\n\t\t\t\t<a href='https:\/\/pong-bot.de\/de\/?attachment_id=1812'><img loading=\"lazy\" decoding=\"async\" width=\"1500\" height=\"1500\" src=\"https:\/\/pong-bot.de\/wp-content\/uploads\/2025\/09\/71xKPFTN2L._AC_SL1500_.jpg\" class=\"attachment-full size-full\" alt=\"\" srcset=\"https:\/\/pong-bot.de\/wp-content\/uploads\/2025\/09\/71xKPFTN2L._AC_SL1500_.jpg 1500w, https:\/\/pong-bot.de\/wp-content\/uploads\/2025\/09\/71xKPFTN2L._AC_SL1500_-300x300.jpg 300w, https:\/\/pong-bot.de\/wp-content\/uploads\/2025\/09\/71xKPFTN2L._AC_SL1500_-1024x1024.jpg 1024w, https:\/\/pong-bot.de\/wp-content\/uploads\/2025\/09\/71xKPFTN2L._AC_SL1500_-150x150.jpg 150w, https:\/\/pong-bot.de\/wp-content\/uploads\/2025\/09\/71xKPFTN2L._AC_SL1500_-768x768.jpg 768w, https:\/\/pong-bot.de\/wp-content\/uploads\/2025\/09\/71xKPFTN2L._AC_SL1500_-600x600.jpg 600w, https:\/\/pong-bot.de\/wp-content\/uploads\/2025\/09\/71xKPFTN2L._AC_SL1500_-100x100.jpg 100w\" sizes=\"auto, (max-width: 1500px) 100vw, 1500px\" \/><\/a>\n\t\t\t<\/div><\/figure><figure class='gallery-item'>\n\t\t\t<div class='gallery-icon landscape'>\n\t\t\t\t<a href='https:\/\/pong-bot.de\/de\/?attachment_id=1813'><img loading=\"lazy\" decoding=\"async\" width=\"1500\" height=\"1500\" src=\"https:\/\/pong-bot.de\/wp-content\/uploads\/2025\/09\/71z2YlTrKjL._AC_SL1500_.jpg\" class=\"attachment-full size-full\" alt=\"\" srcset=\"https:\/\/pong-bot.de\/wp-content\/uploads\/2025\/09\/71z2YlTrKjL._AC_SL1500_.jpg 1500w, https:\/\/pong-bot.de\/wp-content\/uploads\/2025\/09\/71z2YlTrKjL._AC_SL1500_-300x300.jpg 300w, https:\/\/pong-bot.de\/wp-content\/uploads\/2025\/09\/71z2YlTrKjL._AC_SL1500_-1024x1024.jpg 1024w, https:\/\/pong-bot.de\/wp-content\/uploads\/2025\/09\/71z2YlTrKjL._AC_SL1500_-150x150.jpg 150w, https:\/\/pong-bot.de\/wp-content\/uploads\/2025\/09\/71z2YlTrKjL._AC_SL1500_-768x768.jpg 768w, https:\/\/pong-bot.de\/wp-content\/uploads\/2025\/09\/71z2YlTrKjL._AC_SL1500_-600x600.jpg 600w, https:\/\/pong-bot.de\/wp-content\/uploads\/2025\/09\/71z2YlTrKjL._AC_SL1500_-100x100.jpg 100w\" sizes=\"auto, (max-width: 1500px) 100vw, 1500px\" \/><\/a>\n\t\t\t<\/div><\/figure><figure class='gallery-item'>\n\t\t\t<div class='gallery-icon landscape'>\n\t\t\t\t<a href='https:\/\/pong-bot.de\/de\/?attachment_id=1815'><img loading=\"lazy\" decoding=\"async\" width=\"1500\" height=\"1500\" src=\"https:\/\/pong-bot.de\/wp-content\/uploads\/2025\/09\/815VHb5orPL._AC_SL1500_.jpg\" class=\"attachment-full size-full\" alt=\"\" srcset=\"https:\/\/pong-bot.de\/wp-content\/uploads\/2025\/09\/815VHb5orPL._AC_SL1500_.jpg 1500w, https:\/\/pong-bot.de\/wp-content\/uploads\/2025\/09\/815VHb5orPL._AC_SL1500_-300x300.jpg 300w, https:\/\/pong-bot.de\/wp-content\/uploads\/2025\/09\/815VHb5orPL._AC_SL1500_-1024x1024.jpg 1024w, https:\/\/pong-bot.de\/wp-content\/uploads\/2025\/09\/815VHb5orPL._AC_SL1500_-150x150.jpg 150w, https:\/\/pong-bot.de\/wp-content\/uploads\/2025\/09\/815VHb5orPL._AC_SL1500_-768x768.jpg 768w, https:\/\/pong-bot.de\/wp-content\/uploads\/2025\/09\/815VHb5orPL._AC_SL1500_-600x600.jpg 600w, https:\/\/pong-bot.de\/wp-content\/uploads\/2025\/09\/815VHb5orPL._AC_SL1500_-100x100.jpg 100w\" sizes=\"auto, (max-width: 1500px) 100vw, 1500px\" \/><\/a>\n\t\t\t<\/div><\/figure><figure class='gallery-item'>\n\t\t\t<div class='gallery-icon landscape'>\n\t\t\t\t<a href='https:\/\/pong-bot.de\/de\/?attachment_id=1814'><img loading=\"lazy\" decoding=\"async\" width=\"1500\" height=\"1500\" src=\"https:\/\/pong-bot.de\/wp-content\/uploads\/2025\/09\/71zUJSi1ycL._AC_SL1500_.jpg\" class=\"attachment-full size-full\" alt=\"\" srcset=\"https:\/\/pong-bot.de\/wp-content\/uploads\/2025\/09\/71zUJSi1ycL._AC_SL1500_.jpg 1500w, https:\/\/pong-bot.de\/wp-content\/uploads\/2025\/09\/71zUJSi1ycL._AC_SL1500_-300x300.jpg 300w, https:\/\/pong-bot.de\/wp-content\/uploads\/2025\/09\/71zUJSi1ycL._AC_SL1500_-1024x1024.jpg 1024w, https:\/\/pong-bot.de\/wp-content\/uploads\/2025\/09\/71zUJSi1ycL._AC_SL1500_-150x150.jpg 150w, https:\/\/pong-bot.de\/wp-content\/uploads\/2025\/09\/71zUJSi1ycL._AC_SL1500_-768x768.jpg 768w, https:\/\/pong-bot.de\/wp-content\/uploads\/2025\/09\/71zUJSi1ycL._AC_SL1500_-600x600.jpg 600w, https:\/\/pong-bot.de\/wp-content\/uploads\/2025\/09\/71zUJSi1ycL._AC_SL1500_-100x100.jpg 100w\" sizes=\"auto, (max-width: 1500px) 100vw, 1500px\" \/><\/a>\n\t\t\t<\/div><\/figure><figure class='gallery-item'>\n\t\t\t<div class='gallery-icon landscape'>\n\t\t\t\t<a href='https:\/\/pong-bot.de\/de\/?attachment_id=1858'><img loading=\"lazy\" decoding=\"async\" width=\"1940\" height=\"1200\" src=\"https:\/\/pong-bot.de\/wp-content\/uploads\/2025\/09\/HALO-S-Pro-parameter-information.jpg\" class=\"attachment-full size-full\" alt=\"\" srcset=\"https:\/\/pong-bot.de\/wp-content\/uploads\/2025\/09\/HALO-S-Pro-parameter-information.jpg 1940w, https:\/\/pong-bot.de\/wp-content\/uploads\/2025\/09\/HALO-S-Pro-parameter-information-300x186.jpg 300w, https:\/\/pong-bot.de\/wp-content\/uploads\/2025\/09\/HALO-S-Pro-parameter-information-1024x633.jpg 1024w, https:\/\/pong-bot.de\/wp-content\/uploads\/2025\/09\/HALO-S-Pro-parameter-information-768x475.jpg 768w, https:\/\/pong-bot.de\/wp-content\/uploads\/2025\/09\/HALO-S-Pro-parameter-information-1536x950.jpg 1536w, https:\/\/pong-bot.de\/wp-content\/uploads\/2025\/09\/HALO-S-Pro-parameter-information-600x371.jpg 600w\" sizes=\"auto, (max-width: 1940px) 100vw, 1940px\" \/><\/a>\n\t\t\t<\/div><\/figure><figure class='gallery-item'>\n\t\t\t<div class='gallery-icon portrait'>\n\t\t\t\t<a href='https:\/\/pong-bot.de\/de\/?attachment_id=1859'><img loading=\"lazy\" decoding=\"async\" width=\"1707\" height=\"2560\" src=\"https:\/\/pong-bot.de\/wp-content\/uploads\/2025\/09\/HALO-S-PRO-scaled.jpg\" class=\"attachment-full size-full\" alt=\"\" srcset=\"https:\/\/pong-bot.de\/wp-content\/uploads\/2025\/09\/HALO-S-PRO-scaled.jpg 1707w, https:\/\/pong-bot.de\/wp-content\/uploads\/2025\/09\/HALO-S-PRO-200x300.jpg 200w, https:\/\/pong-bot.de\/wp-content\/uploads\/2025\/09\/HALO-S-PRO-683x1024.jpg 683w, https:\/\/pong-bot.de\/wp-content\/uploads\/2025\/09\/HALO-S-PRO-768x1152.jpg 768w, https:\/\/pong-bot.de\/wp-content\/uploads\/2025\/09\/HALO-S-PRO-1024x1536.jpg 1024w, https:\/\/pong-bot.de\/wp-content\/uploads\/2025\/09\/HALO-S-PRO-1366x2048.jpg 1366w, https:\/\/pong-bot.de\/wp-content\/uploads\/2025\/09\/HALO-S-PRO-600x900.jpg 600w\" sizes=\"auto, (max-width: 1707px) 100vw, 1707px\" \/><\/a>\n\t\t\t<\/div><\/figure><figure class='gallery-item'>\n\t\t\t<div class='gallery-icon landscape'>\n\t\t\t\t<a href='https:\/\/pong-bot.de\/de\/?attachment_id=1862'><img loading=\"lazy\" decoding=\"async\" width=\"2560\" height=\"1707\" src=\"https:\/\/pong-bot.de\/wp-content\/uploads\/2025\/09\/IA4A0162-scaled.jpg\" class=\"attachment-full size-full\" alt=\"\" srcset=\"https:\/\/pong-bot.de\/wp-content\/uploads\/2025\/09\/IA4A0162-scaled.jpg 2560w, https:\/\/pong-bot.de\/wp-content\/uploads\/2025\/09\/IA4A0162-300x200.jpg 300w, https:\/\/pong-bot.de\/wp-content\/uploads\/2025\/09\/IA4A0162-1024x683.jpg 1024w, https:\/\/pong-bot.de\/wp-content\/uploads\/2025\/09\/IA4A0162-768x512.jpg 768w, https:\/\/pong-bot.de\/wp-content\/uploads\/2025\/09\/IA4A0162-1536x1024.jpg 1536w, https:\/\/pong-bot.de\/wp-content\/uploads\/2025\/09\/IA4A0162-2048x1365.jpg 2048w, https:\/\/pong-bot.de\/wp-content\/uploads\/2025\/09\/IA4A0162-600x400.jpg 600w\" sizes=\"auto, (max-width: 2560px) 100vw, 2560px\" \/><\/a>\n\t\t\t<\/div><\/figure><figure class='gallery-item'>\n\t\t\t<div class='gallery-icon landscape'>\n\t\t\t\t<a href='https:\/\/pong-bot.de\/de\/?attachment_id=1863'><img loading=\"lazy\" decoding=\"async\" width=\"2560\" height=\"1707\" src=\"https:\/\/pong-bot.de\/wp-content\/uploads\/2025\/09\/IA4A9912-scaled.jpg\" class=\"attachment-full size-full\" alt=\"\" srcset=\"https:\/\/pong-bot.de\/wp-content\/uploads\/2025\/09\/IA4A9912-scaled.jpg 2560w, https:\/\/pong-bot.de\/wp-content\/uploads\/2025\/09\/IA4A9912-300x200.jpg 300w, https:\/\/pong-bot.de\/wp-content\/uploads\/2025\/09\/IA4A9912-1024x683.jpg 1024w, https:\/\/pong-bot.de\/wp-content\/uploads\/2025\/09\/IA4A9912-768x512.jpg 768w, https:\/\/pong-bot.de\/wp-content\/uploads\/2025\/09\/IA4A9912-1536x1024.jpg 1536w, https:\/\/pong-bot.de\/wp-content\/uploads\/2025\/09\/IA4A9912-2048x1365.jpg 2048w, https:\/\/pong-bot.de\/wp-content\/uploads\/2025\/09\/IA4A9912-600x400.jpg 600w\" sizes=\"auto, (max-width: 2560px) 100vw, 2560px\" \/><\/a>\n\t\t\t<\/div><\/figure><figure class='gallery-item'>\n\t\t\t<div class='gallery-icon landscape'>\n\t\t\t\t<a href='https:\/\/pong-bot.de\/de\/?attachment_id=1864'><img loading=\"lazy\" decoding=\"async\" width=\"2560\" height=\"1707\" src=\"https:\/\/pong-bot.de\/wp-content\/uploads\/2025\/09\/IA4A9985-scaled.jpg\" class=\"attachment-full size-full\" alt=\"\" srcset=\"https:\/\/pong-bot.de\/wp-content\/uploads\/2025\/09\/IA4A9985-scaled.jpg 2560w, https:\/\/pong-bot.de\/wp-content\/uploads\/2025\/09\/IA4A9985-300x200.jpg 300w, https:\/\/pong-bot.de\/wp-content\/uploads\/2025\/09\/IA4A9985-1024x683.jpg 1024w, https:\/\/pong-bot.de\/wp-content\/uploads\/2025\/09\/IA4A9985-768x512.jpg 768w, https:\/\/pong-bot.de\/wp-content\/uploads\/2025\/09\/IA4A9985-1536x1024.jpg 1536w, https:\/\/pong-bot.de\/wp-content\/uploads\/2025\/09\/IA4A9985-2048x1365.jpg 2048w, https:\/\/pong-bot.de\/wp-content\/uploads\/2025\/09\/IA4A9985-600x400.jpg 600w\" sizes=\"auto, (max-width: 2560px) 100vw, 2560px\" \/><\/a>\n\t\t\t<\/div><\/figure>\n\t\t<\/div>\n\n","protected":false},"excerpt":{"rendered":"<p>PONGBOT Tischtennis-Roboter, automatische Ping-Pong-Ballmaschine, Fernbedienung, 114 integrierte Bohrmaschinen, Programmierung und unbegrenzt anpassbar, geeignet f\u00fcr Spieler aller Schwierigkeitsstufen<\/p>\n<p>&nbsp;<\/p>\n","protected":false},"featured_media":1909,"comment_status":"open","ping_status":"closed","template":"","meta":[],"product_brand":[],"product_cat":[34,31],"product_tag":[],"class_list":{"0":"post-1808","1":"product","2":"type-product","3":"status-publish","4":"has-post-thumbnail","6":"product_cat-tt-fortgeschrittenemodelle","7":"product_cat-tischtennisballroboter","9":"first","10":"instock","11":"sale","12":"featured","13":"taxable","14":"shipping-taxable","15":"purchasable","16":"product-type-simple"},"jetpack_sharing_enabled":true,"_links":{"self":[{"href":"https:\/\/pong-bot.de\/de\/wp-json\/wp\/v2\/product\/1808","targetHints":{"allow":["GET"]}}],"collection":[{"href":"https:\/\/pong-bot.de\/de\/wp-json\/wp\/v2\/product"}],"about":[{"href":"https:\/\/pong-bot.de\/de\/wp-json\/wp\/v2\/types\/product"}],"replies":[{"embeddable":true,"href":"https:\/\/pong-bot.de\/de\/wp-json\/wp\/v2\/comments?post=1808"}],"wp:featuredmedia":[{"embeddable":true,"href":"https:\/\/pong-bot.de\/de\/wp-json\/wp\/v2\/media\/1909"}],"wp:attachment":[{"href":"https:\/\/pong-bot.de\/de\/wp-json\/wp\/v2\/media?parent=1808"}],"wp:term":[{"taxonomy":"product_brand","embeddable":true,"href":"https:\/\/pong-bot.de\/de\/wp-json\/wp\/v2\/product_brand?post=1808"},{"taxonomy":"product_cat","embeddable":true,"href":"https:\/\/pong-bot.de\/de\/wp-json\/wp\/v2\/product_cat?post=1808"},{"taxonomy":"product_tag","embeddable":true,"href":"https:\/\/pong-bot.de\/de\/wp-json\/wp\/v2\/product_tag?post=1808"}],"curies":[{"name":"wp","href":"https:\/\/api.w.org\/{rel}","templated":true}]}}