{"id":1932,"date":"2025-10-27T21:10:15","date_gmt":"2025-10-27T21:10:15","guid":{"rendered":"https:\/\/pong-bot.de\/?post_type=product&#038;p=1932"},"modified":"2026-03-16T20:44:48","modified_gmt":"2026-03-16T19:44:48","slug":"nova-s-pro","status":"publish","type":"product","link":"https:\/\/pong-bot.de\/de\/produkt\/nova-s-pro\/","title":{"rendered":"Nova S Pro"},"content":{"rendered":"<p><strong>Tragbarer Tischtennis-Roboter<\/strong><\/p>\n<p><strong>Spielerlebnis der n\u00e4chsten Generation<\/strong><br \/>\nLiefern Sie Topspin und Backspin auf Profi-Niveau mit nahtlosen, spielbereiten Ballwechseln.<\/p>\n<p><strong>\u00dcberall auf dem Tisch<\/strong><br \/>\nBefreien Sie sich von festen Positionen mit einer einzigartigen Innovation f\u00fcr Aufschl\u00e4ge nahe der Netzkante.<\/p>\n<p><strong>Pr\u00e4zise, individuell anpassbare \u00dcbungen<\/strong><br \/>\nPassen Sie Spin, Geschwindigkeit, Platzierung und Oszillation vollst\u00e4ndig an \u2013 visualisieren Sie jeden Schlag in der App.<\/p>\n<p><strong>Von Profis programmierte \u00dcbungen<\/strong><br \/>\nVerbessern Sie Ihre F\u00e4higkeiten mit \u00fcber 264 von Experten entwickelten \u00dcbungen, von unterhaltsamen Ballwechseln bis hin zu Profi-Sessions.<\/p>\n<p><strong>Kompakt und dennoch leistungsstark<\/strong><br \/>\nPasst in einen Rucksack und fasst dennoch \u00fcber 150 B\u00e4lle f\u00fcr ununterbrochenes Training.<\/p>\n<h4 data-start=\"90\" data-end=\"149\"><strong data-start=\"90\" data-end=\"147\">Versandinformationen<\/strong><\/h4>\n<ul data-start=\"151\" data-end=\"385\">\n<li data-start=\"151\" data-end=\"209\"><strong data-start=\"153\" data-end=\"180\">Versand aus Deutschland<\/strong>\u00a0nach EU und CH \u2013 schnell und zuverl\u00e4ssig und\u00a0<strong data-start=\"215\" data-end=\"228\">kostenlos<\/strong>.<\/li>\n<\/ul>\n<h5><strong>Technische Parameter<\/strong><\/h5>\n<table>\n<thead>\n<tr>\n<th><strong>Parameter<\/strong><\/th>\n<th><strong>Beschreibung<\/strong><\/th>\n<\/tr>\n<\/thead>\n<tbody>\n<tr>\n<td><strong>Ballauswurfmethode<\/strong><\/td>\n<td>Gummirad, Aufw\u00e4rts-Auswurf; fasst 200 B\u00e4lle<\/td>\n<\/tr>\n<tr>\n<td><strong>Ballzufuhrmethode<\/strong><\/td>\n<td>Doppelrad-Antrieb<\/td>\n<\/tr>\n<tr>\n<td><strong>Ballgeschwindigkeit<\/strong><\/td>\n<td>2\u201315 m\/s<\/td>\n<\/tr>\n<tr>\n<td><strong>Ballfrequenz<\/strong><\/td>\n<td>30\u201390 B\u00e4lle\/Minute, 11 Stufen<\/td>\n<\/tr>\n<tr>\n<td><strong>Drehbereich<\/strong><\/td>\n<td>360\u00b0 frei einstellbar<\/td>\n<\/tr>\n<tr>\n<td><strong>Rotationsgeschwindigkeit<\/strong><\/td>\n<td>max. 60 U\/s, 21 Stufen<\/td>\n<\/tr>\n<tr>\n<td><strong>Links-\/Rechts-Schwenk<\/strong><\/td>\n<td>automatisch, kontinuierlich<\/td>\n<\/tr>\n<tr>\n<td><strong>Schwenkbereich<\/strong><\/td>\n<td>44\u00b0 (\u201322\u00b0 bis +22\u00b0), \u00b125\u00b0<\/td>\n<\/tr>\n<tr>\n<td><strong>H\u00f6henverstellung (Auf\/Ab)<\/strong><\/td>\n<td>nicht automatisch \/ 50\u00b0 (\u201320\u00b0 bis +30\u00b0), 17\u00b0\u201333\u00b0<\/td>\n<\/tr>\n<tr>\n<td><strong>Seitenschnitt-Einstellung<\/strong><\/td>\n<td>manuell \/ 180\u00b0 \u00b1 90\u00b0<\/td>\n<\/tr>\n<tr>\n<td><strong>Doppelaufsprung<\/strong><\/td>\n<td>unterst\u00fctzt<\/td>\n<\/tr>\n<tr>\n<td><strong>Produktabmessungen<\/strong><\/td>\n<td>465 \u00d7 340 \u00d7 176 mm<\/td>\n<\/tr>\n<tr>\n<td><strong>Verpackungsabmessungen<\/strong><\/td>\n<td>570 \u00d7 450 \u00d7 200 mm<\/td>\n<\/tr>\n<tr>\n<td><strong>Nennspannung<\/strong><\/td>\n<td>DC 24 V<\/td>\n<\/tr>\n<tr>\n<td><strong>Netto-\/Bruttogewicht<\/strong><\/td>\n<td>4 kg \/ 6 kg<\/td>\n<\/tr>\n<tr>\n<td><strong>Stromschalter<\/strong><\/td>\n<td>Wi-Fi \/ Bluetooth-Kopplungstaste<\/td>\n<\/tr>\n<tr>\n<td><strong>Kopplungsmethode<\/strong><\/td>\n<td>Bluetooth<\/td>\n<\/tr>\n<tr>\n<td><strong>Installation<\/strong><\/td>\n<td>mittig oder auf Tischoberfl\u00e4che<\/td>\n<\/tr>\n<tr>\n<td><strong>CE-zertifiziert<\/strong><\/td>\n<td>Ja<\/td>\n<\/tr>\n<tr>\n<td><strong>Zubeh\u00f6r<\/strong><\/td>\n<td>Netzadapter (AC 100\u2013240 V) \/ B\u00e4lle<\/td>\n<\/tr>\n<\/tbody>\n<\/table>\n","protected":false},"excerpt":{"rendered":"<p>Tragbarer Tischtennis-Roboter Spielerlebnis der n\u00e4chsten Generation Liefern Sie Topspin und Backspin auf Profi-Niveau mit nahtlosen, spielbereiten Ballwechseln. \u00dcberall auf dem Tisch Befreien Sie sich von festen Positionen mit einer einzigartigen &#8230;<\/p>\n","protected":false},"featured_media":1778,"comment_status":"open","ping_status":"closed","template":"","meta":[],"product_brand":[],"product_cat":[33,31],"product_tag":[],"class_list":{"0":"post-1932","1":"product","2":"type-product","3":"status-publish","4":"has-post-thumbnail","6":"product_cat-tt-einsteigermodelle","7":"product_cat-tischtennisballroboter","9":"first","10":"instock","11":"sale","12":"featured","13":"taxable","14":"shipping-taxable","15":"purchasable","16":"product-type-simple"},"jetpack_sharing_enabled":true,"_links":{"self":[{"href":"https:\/\/pong-bot.de\/de\/wp-json\/wp\/v2\/product\/1932","targetHints":{"allow":["GET"]}}],"collection":[{"href":"https:\/\/pong-bot.de\/de\/wp-json\/wp\/v2\/product"}],"about":[{"href":"https:\/\/pong-bot.de\/de\/wp-json\/wp\/v2\/types\/product"}],"replies":[{"embeddable":true,"href":"https:\/\/pong-bot.de\/de\/wp-json\/wp\/v2\/comments?post=1932"}],"wp:featuredmedia":[{"embeddable":true,"href":"https:\/\/pong-bot.de\/de\/wp-json\/wp\/v2\/media\/1778"}],"wp:attachment":[{"href":"https:\/\/pong-bot.de\/de\/wp-json\/wp\/v2\/media?parent=1932"}],"wp:term":[{"taxonomy":"product_brand","embeddable":true,"href":"https:\/\/pong-bot.de\/de\/wp-json\/wp\/v2\/product_brand?post=1932"},{"taxonomy":"product_cat","embeddable":true,"href":"https:\/\/pong-bot.de\/de\/wp-json\/wp\/v2\/product_cat?post=1932"},{"taxonomy":"product_tag","embeddable":true,"href":"https:\/\/pong-bot.de\/de\/wp-json\/wp\/v2\/product_tag?post=1932"}],"curies":[{"name":"wp","href":"https:\/\/api.w.org\/{rel}","templated":true}]}}