{"id":2380,"date":"2026-02-23T23:48:57","date_gmt":"2026-02-23T22:48:57","guid":{"rendered":"https:\/\/pong-bot.de\/?post_type=product&#038;p=2380"},"modified":"2026-04-16T21:55:36","modified_gmt":"2026-04-16T20:55:36","slug":"pongbot-tragbare-tragetasche-fuer-nova-s-pro","status":"publish","type":"product","link":"https:\/\/pong-bot.de\/de\/produkt\/pongbot-tragbare-tragetasche-fuer-nova-s-pro\/","title":{"rendered":"PONGBOT Tragetasche f\u00fcr Nova S Pro"},"content":{"rendered":"<p>Die Tragetasche von PONGBOT ist der perfekte Begleiter f\u00fcr Ihren NOVA PONGBOT PRO Tischtennisroboter. Entworfen im Hinblick auf Komfort und Haltbarkeit, diese Tasche erm\u00f6glicht es Ihnen, Ihren Roboter m\u00fchelos zu transportieren. Hergestellt aus hochwertigen Materialien, verf\u00fcgt es \u00fcber reichlich Polsterung, um Ihre wertvolle Ausr\u00fcstung w\u00e4hrend des Transports zu sch\u00fctzen. Der ger\u00e4umige Innenraum bietet Platz f\u00fcr den Roboter und sein Zubeh\u00f6r, w\u00e4hrend der verstellbare Schultergurt f\u00fcr ein angenehmes Tragegef\u00fchl sorgt. Mit ihrem schlanken und praktischen Design sorgt diese Tragetasche daf\u00fcr, dass Ihr Nova S Pro Tischtennisroboter sicher und organisiert bleibt, egal ob Sie zum Training oder zu einem Turnier gehen. Investieren Sie in dieses unverzichtbare Accessoire und genie\u00dfen Sie die Gewissheit, die mit einem sicheren Transport geliefert wird.<\/p>\n<ul class=\"a-unordered-list a-vertical a-spacing-mini\">\n<li class=\"a-spacing-mini\"><span class=\"a-list-item\">Praktische Tragetasche: Diese strapazierf\u00e4hige Tasche wurde entwickelt, um Ihren Nova S Pro Tischtennisroboter sicher zu transportieren und aufzubewahren.<\/span><\/li>\n<li class=\"a-spacing-mini\"><span class=\"a-list-item\">Das Innere verf\u00fcgt \u00fcber eine weiche Polsterung, um den Roboter w\u00e4hrend der Reise abzufedern und vor St\u00f6\u00dfen zu sch\u00fctzen.<\/span><\/li>\n<li class=\"a-spacing-mini\"><span class=\"a-list-item\">Kompakt und tragbar: Die kompakte Gr\u00f6\u00dfe und der mitgelieferte verstellbare Schultergurt erm\u00f6glichen ein einfaches Tragen zu und von \u00dcbungen.<\/span><\/li>\n<li class=\"a-spacing-mini\"><span class=\"a-list-item\">SICHERER VERSCHLUSS &#8211; Ein Hauptfach mit Rei\u00dfverschluss sorgt daf\u00fcr, dass der Roboter sicher in der Tasche verstaut bleibt.<\/span><\/li>\n<li class=\"a-spacing-mini\"><span class=\"a-list-item\"><span class=\"a-list-item\"><span class=\"a-list-item\">Kann als Handtasche oder Umh\u00e4ngetasche f\u00fcr vielseitige Tragem\u00f6glichkeiten verwendet werden.<\/span><\/span><\/span><div id='gallery-1' class='gallery galleryid-2380 gallery-columns-1 gallery-size-full'><figure class='gallery-item'>\n\t\t\t<div class='gallery-icon portrait'>\n\t\t\t\t<a href='https:\/\/pong-bot.de\/de\/?attachment_id=1798'><img loading=\"lazy\" decoding=\"async\" width=\"899\" height=\"1500\" src=\"https:\/\/pong-bot.de\/wp-content\/uploads\/2025\/08\/61PN4qgjEHL._AC_SL1500_.jpg\" class=\"attachment-full size-full\" alt=\"\" srcset=\"https:\/\/pong-bot.de\/wp-content\/uploads\/2025\/08\/61PN4qgjEHL._AC_SL1500_.jpg 899w, https:\/\/pong-bot.de\/wp-content\/uploads\/2025\/08\/61PN4qgjEHL._AC_SL1500_-180x300.jpg 180w, https:\/\/pong-bot.de\/wp-content\/uploads\/2025\/08\/61PN4qgjEHL._AC_SL1500_-614x1024.jpg 614w, https:\/\/pong-bot.de\/wp-content\/uploads\/2025\/08\/61PN4qgjEHL._AC_SL1500_-768x1281.jpg 768w, https:\/\/pong-bot.de\/wp-content\/uploads\/2025\/08\/61PN4qgjEHL._AC_SL1500_-600x1001.jpg 600w\" sizes=\"auto, (max-width: 899px) 100vw, 899px\" \/><\/a>\n\t\t\t<\/div><\/figure><figure class='gallery-item'>\n\t\t\t<div class='gallery-icon landscape'>\n\t\t\t\t<a href='https:\/\/pong-bot.de\/de\/?attachment_id=1799'><img loading=\"lazy\" decoding=\"async\" width=\"1500\" height=\"1338\" src=\"https:\/\/pong-bot.de\/wp-content\/uploads\/2025\/08\/61rrv8ScNTL._AC_SL1500_.jpg\" class=\"attachment-full size-full\" alt=\"\" srcset=\"https:\/\/pong-bot.de\/wp-content\/uploads\/2025\/08\/61rrv8ScNTL._AC_SL1500_.jpg 1500w, https:\/\/pong-bot.de\/wp-content\/uploads\/2025\/08\/61rrv8ScNTL._AC_SL1500_-300x268.jpg 300w, https:\/\/pong-bot.de\/wp-content\/uploads\/2025\/08\/61rrv8ScNTL._AC_SL1500_-1024x913.jpg 1024w, https:\/\/pong-bot.de\/wp-content\/uploads\/2025\/08\/61rrv8ScNTL._AC_SL1500_-768x685.jpg 768w, https:\/\/pong-bot.de\/wp-content\/uploads\/2025\/08\/61rrv8ScNTL._AC_SL1500_-600x535.jpg 600w\" sizes=\"auto, (max-width: 1500px) 100vw, 1500px\" \/><\/a>\n\t\t\t<\/div><\/figure><figure class='gallery-item'>\n\t\t\t<div class='gallery-icon portrait'>\n\t\t\t\t<a href='https:\/\/pong-bot.de\/de\/?attachment_id=1800'><img loading=\"lazy\" decoding=\"async\" width=\"1397\" height=\"1500\" src=\"https:\/\/pong-bot.de\/wp-content\/uploads\/2025\/08\/81y5MIxhjXL._AC_SL1500_.jpg\" class=\"attachment-full size-full\" alt=\"\" srcset=\"https:\/\/pong-bot.de\/wp-content\/uploads\/2025\/08\/81y5MIxhjXL._AC_SL1500_.jpg 1397w, https:\/\/pong-bot.de\/wp-content\/uploads\/2025\/08\/81y5MIxhjXL._AC_SL1500_-279x300.jpg 279w, https:\/\/pong-bot.de\/wp-content\/uploads\/2025\/08\/81y5MIxhjXL._AC_SL1500_-954x1024.jpg 954w, https:\/\/pong-bot.de\/wp-content\/uploads\/2025\/08\/81y5MIxhjXL._AC_SL1500_-768x825.jpg 768w, https:\/\/pong-bot.de\/wp-content\/uploads\/2025\/08\/81y5MIxhjXL._AC_SL1500_-600x644.jpg 600w\" sizes=\"auto, (max-width: 1397px) 100vw, 1397px\" \/><\/a>\n\t\t\t<\/div><\/figure>\n\t\t<\/div>\n\n<p>&nbsp;<\/p>\n<p>&nbsp;<\/li>\n<\/ul>\n","protected":false},"excerpt":{"rendered":"<p>Die Tragetasche von PONGBOT ist der perfekte Begleiter f\u00fcr Ihren NOVA PONGBOT PRO Tischtennisroboter.<\/p>\n","protected":false},"featured_media":2381,"comment_status":"open","ping_status":"closed","template":"","meta":[],"product_brand":[],"product_cat":[31,35],"product_tag":[],"class_list":{"0":"post-2380","1":"product","2":"type-product","3":"status-publish","4":"has-post-thumbnail","6":"product_cat-tischtennisballroboter","7":"product_cat-tt-zubehoer","9":"first","10":"outofstock","11":"sale","12":"taxable","13":"shipping-taxable","14":"purchasable","15":"product-type-simple"},"jetpack_sharing_enabled":true,"_links":{"self":[{"href":"https:\/\/pong-bot.de\/de\/wp-json\/wp\/v2\/product\/2380","targetHints":{"allow":["GET"]}}],"collection":[{"href":"https:\/\/pong-bot.de\/de\/wp-json\/wp\/v2\/product"}],"about":[{"href":"https:\/\/pong-bot.de\/de\/wp-json\/wp\/v2\/types\/product"}],"replies":[{"embeddable":true,"href":"https:\/\/pong-bot.de\/de\/wp-json\/wp\/v2\/comments?post=2380"}],"wp:featuredmedia":[{"embeddable":true,"href":"https:\/\/pong-bot.de\/de\/wp-json\/wp\/v2\/media\/2381"}],"wp:attachment":[{"href":"https:\/\/pong-bot.de\/de\/wp-json\/wp\/v2\/media?parent=2380"}],"wp:term":[{"taxonomy":"product_brand","embeddable":true,"href":"https:\/\/pong-bot.de\/de\/wp-json\/wp\/v2\/product_brand?post=2380"},{"taxonomy":"product_cat","embeddable":true,"href":"https:\/\/pong-bot.de\/de\/wp-json\/wp\/v2\/product_cat?post=2380"},{"taxonomy":"product_tag","embeddable":true,"href":"https:\/\/pong-bot.de\/de\/wp-json\/wp\/v2\/product_tag?post=2380"}],"curies":[{"name":"wp","href":"https:\/\/api.w.org\/{rel}","templated":true}]}}