{"id":2707,"date":"2026-02-27T22:17:37","date_gmt":"2026-02-27T21:17:37","guid":{"rendered":"https:\/\/pong-bot.de\/videos-de-demarrage\/"},"modified":"2026-03-18T22:51:09","modified_gmt":"2026-03-18T21:51:09","slug":"videos-de-demarrage","status":"publish","type":"page","link":"https:\/\/pong-bot.de\/fr\/videos-de-demarrage\/","title":{"rendered":"Vid\u00e9os de d\u00e9marrage"},"content":{"rendered":"\n<p class=\"has-medium-font-size\">Tutoriels vid\u00e9o \u00e9tape par \u00e9tape pour le montage, le jumelage de lapplication et les premiers exercices.<\/p>\n\n<p class=\"has-medium-font-size\"><strong>&#x1f3a5; <strong>Video-Anleitungen Pace S Pro<\/strong><\/strong><\/p>\n\n<div class=\"pongbot-video-grid\">\n\n<div class=\"pongbot-video\">\n<iframe src=\"https:\/\/www.youtube-nocookie.com\/embed\/JyiWl7elUH4\" allowfullscreen=\"\"><\/iframe>\n<\/div>\n\n<div class=\"pongbot-video\">\n<iframe src=\"https:\/\/www.youtube-nocookie.com\/embed\/ko2dcMqM74c\" allowfullscreen=\"\"><\/iframe>\n<\/div>\n\n<\/div>\n\n<p class=\"has-medium-font-size\"><strong>&#x1f3a5; <strong>Video-Anleitungen HALO S Pro<\/strong><\/strong><\/p>\n\n<div class=\"pongbot-video-grid\">\n\n<div class=\"pongbot-video\">\n<iframe src=\"https:\/\/www.youtube-nocookie.com\/embed\/u3Ytbg0Q5cU\" allowfullscreen=\"\"><\/iframe>\n<\/div>\n\n<div class=\"pongbot-video\">\n<iframe src=\"https:\/\/www.youtube-nocookie.com\/embed\/Xlv53sEQjrw\" allowfullscreen=\"\"><\/iframe>\n<\/div>\n\n<\/div>\n\n<p><\/p>\n\n<p class=\"has-medium-font-size\"><strong>&#x1f3a5; <strong>Video-Anleitungen OMNI S Pro<\/strong><\/strong><\/p>\n\n<div class=\"pongbot-video-grid\">\n\n<div class=\"pongbot-video\">\n<iframe src=\"https:\/\/www.youtube-nocookie.com\/embed\/kQaWBwuaNEY\" allowfullscreen=\"\"><\/iframe>\n<\/div>\n\n<div class=\"pongbot-video\">\n<iframe src=\"https:\/\/www.youtube-nocookie.com\/embed\/_DfV7qZn758\" allowfullscreen=\"\"><\/iframe>\n<\/div>\n\n<\/div>\n\n<p><\/p>\n\n<p class=\"has-medium-font-size\"><strong>&#x1f3a5; <strong>Video-Anleitungen NOVA S Pro<\/strong><\/strong><\/p>\n\n<div class=\"pongbot-video-grid\">\n\n<div class=\"pongbot-video\">\n<iframe src=\"https:\/\/www.youtube-nocookie.com\/embed\/OzcBQfg4gi0\" allowfullscreen=\"\"><\/iframe>\n<\/div>\n\n<div class=\"pongbot-video\">\n<iframe src=\"https:\/\/www.youtube-nocookie.com\/embed\/uYS6shD6Q5E\" allowfullscreen=\"\"><\/iframe>\n<\/div>\n\n<\/div>\n\n<p class=\"has-medium-font-size\"><\/p>\n\n<p><\/p>\n","protected":false},"excerpt":{"rendered":"<p>Installation, jumelage de lapplication, premiers exercices \u2013 \u00e9tape par \u00e9tape.<\/p>\n","protected":false},"author":1,"featured_media":0,"parent":0,"menu_order":0,"comment_status":"closed","ping_status":"closed","template":"","meta":{"footnotes":""},"class_list":["post-2707","page","type-page","status-publish","hentry"],"jetpack_sharing_enabled":true,"_links":{"self":[{"href":"https:\/\/pong-bot.de\/fr\/wp-json\/wp\/v2\/pages\/2707","targetHints":{"allow":["GET"]}}],"collection":[{"href":"https:\/\/pong-bot.de\/fr\/wp-json\/wp\/v2\/pages"}],"about":[{"href":"https:\/\/pong-bot.de\/fr\/wp-json\/wp\/v2\/types\/page"}],"author":[{"embeddable":true,"href":"https:\/\/pong-bot.de\/fr\/wp-json\/wp\/v2\/users\/1"}],"replies":[{"embeddable":true,"href":"https:\/\/pong-bot.de\/fr\/wp-json\/wp\/v2\/comments?post=2707"}],"version-history":[{"count":1,"href":"https:\/\/pong-bot.de\/fr\/wp-json\/wp\/v2\/pages\/2707\/revisions"}],"predecessor-version":[{"id":2708,"href":"https:\/\/pong-bot.de\/fr\/wp-json\/wp\/v2\/pages\/2707\/revisions\/2708"}],"wp:attachment":[{"href":"https:\/\/pong-bot.de\/fr\/wp-json\/wp\/v2\/media?parent=2707"}],"curies":[{"name":"wp","href":"https:\/\/api.w.org\/{rel}","templated":true}]}}