{"id":2910,"date":"2025-11-02T22:16:29","date_gmt":"2025-11-02T21:16:29","guid":{"rendered":"https:\/\/pong-bot.de\/clubs-ecoles-de-sport-entraineurs-sportifs-remise-speciale\/"},"modified":"2026-04-03T19:24:58","modified_gmt":"2026-04-03T18:24:58","slug":"clubs-ecoles-de-sport-entraineurs-sportifs-remise-speciale","status":"publish","type":"page","link":"https:\/\/pong-bot.de\/fr\/clubs-ecoles-de-sport-entraineurs-sportifs-remise-speciale\/","title":{"rendered":"Clubs, \u00e9coles de sport, entra\u00eeneurs &amp; sportifs \u2013 remise sp\u00e9ciale"},"content":{"rendered":"\n<p>Nous souhaitons soutenir de mani\u00e8re cibl\u00e9e les sportives et sportifs actifs ainsi que les <strong>clubs de tennis de table et de tennis, les \u00e9coles de sport et les entra\u00eeneurs professionnels<\/strong> <strong>ainsi que les sportifs<\/strong>.<br\/>C\u2019est pourquoi nous proposons des remises sp\u00e9ciales exclusives sur une s\u00e9lection de produits tels que des robots lance-balles, des accessoires d\u2019entra\u00eenement et des pi\u00e8ces de rechange \u2013 pour les deux sports. (valable \u00e0 partir du 01\/01\/2026)<\/p>\n\n<h2 class=\"wp-block-heading\">&#x1f3c5;<strong>So funktioniert\u2019s:<\/strong><\/h2>\n\n<h3 class=\"wp-block-heading\"><strong>1. Envoyez-nous simplement un bref justificatif par e-mail ou WhatsApp :<\/strong><\/h3>\n\n<p><strong>Pour les clubs :<\/strong><\/p>\n\n<ul class=\"wp-block-list\">\n<li>Nom du club ou justificatif officiel (p. ex. registre des associations, site web du club ou confirmation du comit\u00e9 directeur).<\/li>\n<\/ul>\n\n<p><strong>Pour les \u00e9coles de sport :<\/strong><\/p>\n\n<ul class=\"wp-block-list\">\n<li>Justificatif officiel de l\u00e9cole de sport (site web, justificatif dactivit\u00e9, immatriculation de lentreprise).<\/li>\n<\/ul>\n\n<p><strong>Pour les entra\u00eeneurs (tennis de table ou tennis) :<\/strong><\/p>\n\n<ul class=\"wp-block-list\">\n<li>Licence dentra\u00eeneur, certificat, attestation du club ou justificatif dactivit\u00e9 dentra\u00eeneur en cours.<\/li>\n<\/ul>\n\n<p><strong>Pour les sportifs actifs<strong> (tennis de table ou tennis)<\/strong> :<\/strong><\/p>\n\n<ul class=\"wp-block-list\">\n<li>Licence de joueur, carte de membre ou justificatif de participation active aux comp\u00e9titions.<\/li>\n<\/ul>\n\n<p>&#x1f4e7; <strong>E-Mail:<\/strong> <a>contact@pong-bot.de<\/a><br\/>&#x1f4ac; <strong>WhatsApp:<\/strong> wa.me\/4915565264192<\/p>\n\n<h2 class=\"wp-block-heading\"><strong>2. Erhalten Sie sofort Ihren Sonderrabatt<\/strong><\/h2>\n\n<p>Nach Pr\u00fcfung senden wir Ihnen entweder:<\/p>\n\n<ul class=\"wp-block-list\">\n<li><strong>5<strong><strong><strong>% Rabatt ab dem 1. Ger\u00e4t<\/strong><\/strong>, 7 % Rabatt ab dem 2. Ger\u00e4t<\/strong><\/strong>, <strong><strong>9 % Rabatt ab dem 3. Ger\u00e4t<\/strong><\/strong>, <strong>10 % Rabatt ab dem 4. Ger\u00e4t<\/strong>,<\/li>\n\n\n\n<li><strong>einen pers\u00f6nlichen Rabattcode<\/strong>, den Sie im Warenkorb einl\u00f6sen k\u00f6nnen,<br\/><strong>oder<\/strong><\/li>\n\n\n\n<li><strong>wir hinterlegen den Rabatt direkt f\u00fcr Ihre Bestellung<\/strong> (z. B. bei Direktbestellungen via E-Mail\/WhatsApp\/Vorkasse).<\/li>\n<\/ul>\n\n<p class=\"has-small-font-size\">&#x1f449; <strong>Tipp:<\/strong> F\u00fcr gr\u00f6\u00dfere Bestellungen \u2013 etwa f\u00fcr Vereinstraining, Sportschulen, Mannschaftsausstattung oder Trainerbedarf \u2013 bieten wir individuelle <strong>Staffelpreise<\/strong> an. Schreiben Sie uns einfach \u2013 wir beraten Sie gerne pers\u00f6nlich!<\/p>\n\n<p><\/p>\n","protected":false},"excerpt":{"rendered":"<p>Nous souhaitons soutenir de mani\u00e8re cibl\u00e9e les sportives et sportifs actifs ainsi que les clubs de tennis de table et de tennis, les \u00e9coles de sport et les entra\u00eeneurs professionnels &#8230;<\/p>\n","protected":false},"author":1,"featured_media":0,"parent":0,"menu_order":0,"comment_status":"closed","ping_status":"closed","template":"","meta":{"footnotes":""},"class_list":["post-2910","page","type-page","status-publish","hentry"],"jetpack_sharing_enabled":true,"_links":{"self":[{"href":"https:\/\/pong-bot.de\/fr\/wp-json\/wp\/v2\/pages\/2910","targetHints":{"allow":["GET"]}}],"collection":[{"href":"https:\/\/pong-bot.de\/fr\/wp-json\/wp\/v2\/pages"}],"about":[{"href":"https:\/\/pong-bot.de\/fr\/wp-json\/wp\/v2\/types\/page"}],"author":[{"embeddable":true,"href":"https:\/\/pong-bot.de\/fr\/wp-json\/wp\/v2\/users\/1"}],"replies":[{"embeddable":true,"href":"https:\/\/pong-bot.de\/fr\/wp-json\/wp\/v2\/comments?post=2910"}],"version-history":[{"count":2,"href":"https:\/\/pong-bot.de\/fr\/wp-json\/wp\/v2\/pages\/2910\/revisions"}],"predecessor-version":[{"id":3069,"href":"https:\/\/pong-bot.de\/fr\/wp-json\/wp\/v2\/pages\/2910\/revisions\/3069"}],"wp:attachment":[{"href":"https:\/\/pong-bot.de\/fr\/wp-json\/wp\/v2\/media?parent=2910"}],"curies":[{"name":"wp","href":"https:\/\/api.w.org\/{rel}","templated":true}]}}