{"id":2914,"date":"2025-11-26T22:33:58","date_gmt":"2025-11-26T21:33:58","guid":{"rendered":"https:\/\/pong-bot.de\/pieces-de-rechange-prix\/"},"modified":"2026-03-18T22:54:36","modified_gmt":"2026-03-18T21:54:36","slug":"pieces-de-rechange-prix","status":"publish","type":"page","link":"https:\/\/pong-bot.de\/fr\/pieces-de-rechange-prix\/","title":{"rendered":"Pi\u00e8ces de rechange &amp; prix"},"content":{"rendered":"\n<p>Si n\u00e9cessaire, vous pouvez demander des pi\u00e8ces de rechange \u00e0 tout moment directement aupr\u00e8s de nous. Nous prenons en charge lensemble de la coordination pour vous : les pi\u00e8ces n\u00e9cessaires sont approvisionn\u00e9es, selon la disponibilit\u00e9, depuis lentrep\u00f4t Pongbot en Allemagne ou en Chine, dabord livr\u00e9es chez nous, contr\u00f4l\u00e9es, puis exp\u00e9di\u00e9es de mani\u00e8re fiable depuis lAllemagne vers vous. <\/p>\n\n<p>Selon la disponibilit\u00e9 et les d\u00e9lais de livraison, dans certains cas, un <strong>envoi direct de l\u2019entrep\u00f4t au client<\/strong> est \u00e9galement possible. Nous v\u00e9rifions \u00e0 chaque fois la solution la plus efficace afin de garantir une livraison rapide et sans accroc. <\/p>\n\n<p>&#x1f4e6; Kontaktieren Sie uns einfach per<br\/><strong>E-Mail:<\/strong> <a>contact@pong-bot.de<\/a><br\/>oder \u00fcber <strong>WhatsApp:<\/strong> <a>wa.me\/4915565264192<\/a><\/p>\n\n<p class=\"has-large-font-size\"><strong>PI\u00c8CES DE RECHANGE TENNIS<\/strong><\/p>\n\n<p class=\"has-medium-font-size\"><strong>PACE S \/ PRO<\/strong><\/p>\n\n<p>1 P-STATION S -PCS- 99,00 \u20ac<br\/>2 P-TAG S -PCS- 99,00 \u20ac<br\/>3 Roue de compression de balle -PCS 89,00 \u20ac<br\/>4 Levier -PCS- 69,00 \u20ac<br\/>5 R\u00e9servoir \u00e0 balles pour PACE S PRO -PCS- 329,00 \u20ac<br\/>6 R\u00e9servoir \u00e0 balles pour PACE S -PCS- 329,00 \u20ac<br\/>7 P-Control PRO -PCS- 115,00 \u20ac<br\/>8 P-Control -PCS- 115,00 \u20ac<br\/>9 Roulettes -PAIRE- 49,00 \u20ac<\/p>\n\n<p class=\"has-large-font-size\"><strong>PI\u00c8CES DE RECHANGE TENNIS DE TABLE<\/strong><\/p>\n\n<p class=\"has-medium-font-size\"><strong>NOVA S PRO<\/strong><\/p>\n\n<p>1 Moteur de compression de balle 39,00 \u20ac<br\/>2 Roue de compression de balle 59,00 \u20ac<br\/>3 Tube de sortie de balle 1 29,00 \u20ac<br\/>4 Moteur de lancement 59,00 \u20ac<br\/>5 Tube de sortie de balle 4 29,00 \u20ac<br\/>6 Tube de sortie de balle 5 39,00 \u20ac<br\/>7 Capteur 39,00 \u20ac<br\/>8 Moteur pas \u00e0 pas gauche et droit 59,00 \u20ac<br\/>9 Plaque Hall 29,00 \u20ac<br\/>10 Carte dalimentation 39,00 \u20ac<br\/>11 Anneau dalimentation des balles 2 59,00 \u20ac<br\/>12 Anneau dalimentation des balles 3 59,00 \u20ac<br\/>13 Anneau \u00e0 balles 59,00 \u20ac<br\/>14 Adaptateur 59,00 \u20ac<br\/>15 Contr\u00f4leur 69,00 \u20ac<br\/>16 Batterie 119,00 \u20ac<br\/>17 Chargeur de batterie 139,00 \u20ac<\/p>\n\n<p class=\"has-medium-font-size\"><strong>OMNI S PRO<\/strong><\/p>\n\n<p>1 Moteur de compression de balle 69,00 \u20ac<br\/>2 Tube de sortie de balle 1 39,00 \u20ac<br\/>3 Roue de compression de balle 59,00 \u20ac<br\/>4 But\u00e9e photo\u00e9lectrique rotative lat\u00e9rale 79,00 \u20ac<br\/>5 Tube de sortie de balle 2 39,00 \u20ac<br\/>6 Tube de sortie de balle 3 49,00 \u20ac<br\/>7 Moteur \u00e0 vis 189,00 \u20ac<br\/>8 Tube de sortie de balle 4 39,00 \u20ac<br\/>9 Moteur gauche et droit 79,00 \u20ac<br\/>10 Tube de sortie de balle 2 39,00 \u20ac<br\/>11 Tube de sortie de balle 5 39,00 \u20ac<br\/>12 Ensemble de bascule 59,00 \u20ac<br\/>13 Module dalimentation 39,00 \u20ac<br\/>14 Moteur dalimentation des balles 79,00 \u20ac<br\/>15 Cadre de collecte 2 119,00 \u20ac<br\/>16 Ensemble de serrage 99,00 \u20ac<br\/>17 Cadre de collecte 4 89,00 \u20ac<br\/>18 Adaptateur secteur 69,00 \u20ac<br\/>19 E-PAD 559,00 \u20ac<\/p>\n\n<p class=\"has-medium-font-size\"><strong>HALO S PRO<\/strong><\/p>\n\n<p>1 Moteur de compression de balle 69,00 \u20ac<br\/>2 Tube de sortie de balle 1 39,00 \u20ac<br\/>3 Roue de compression de balle 59,00 \u20ac<br\/>4 But\u00e9e photo\u00e9lectrique rotative lat\u00e9rale 79,00 \u20ac<br\/>5 Tube de sortie de balle 2 39,00 \u20ac<br\/>6 Tube de sortie de balle 3 49,00 \u20ac<br\/>7 Moteur \u00e0 vis 189,00 \u20ac<br\/>8 Tube de sortie de balle 4 39,00 \u20ac<br\/>9 Moteur gauche et droit 79,00 \u20ac<br\/>10 Tube de sortie de balle 2 39,00 \u20ac<br\/>11 Tube de sortie de balle 5 39,00 \u20ac<br\/>12 Ensemble de bascule 59,00 \u20ac<br\/>13 Module dalimentation 39,00 \u20ac<br\/>14 Moteur dalimentation des balles 79,00 \u20ac<br\/>15 Cadre de collecte 2 119,00 \u20ac<br\/>16 Roues 39,00 \u20ac<br\/>17 Adaptateur secteur 69,00 \u20ac<br\/>18 E-PAD 559,00 \u20ac<\/p>\n","protected":false},"excerpt":{"rendered":"<p>Liste des pi\u00e8ces de rechange, prix, disponibilit\u00e9, commande.<\/p>\n","protected":false},"author":1,"featured_media":0,"parent":0,"menu_order":0,"comment_status":"closed","ping_status":"closed","template":"","meta":{"footnotes":""},"class_list":["post-2914","page","type-page","status-publish","hentry"],"jetpack_sharing_enabled":true,"_links":{"self":[{"href":"https:\/\/pong-bot.de\/fr\/wp-json\/wp\/v2\/pages\/2914","targetHints":{"allow":["GET"]}}],"collection":[{"href":"https:\/\/pong-bot.de\/fr\/wp-json\/wp\/v2\/pages"}],"about":[{"href":"https:\/\/pong-bot.de\/fr\/wp-json\/wp\/v2\/types\/page"}],"author":[{"embeddable":true,"href":"https:\/\/pong-bot.de\/fr\/wp-json\/wp\/v2\/users\/1"}],"replies":[{"embeddable":true,"href":"https:\/\/pong-bot.de\/fr\/wp-json\/wp\/v2\/comments?post=2914"}],"version-history":[{"count":1,"href":"https:\/\/pong-bot.de\/fr\/wp-json\/wp\/v2\/pages\/2914\/revisions"}],"predecessor-version":[{"id":2915,"href":"https:\/\/pong-bot.de\/fr\/wp-json\/wp\/v2\/pages\/2914\/revisions\/2915"}],"wp:attachment":[{"href":"https:\/\/pong-bot.de\/fr\/wp-json\/wp\/v2\/media?parent=2914"}],"curies":[{"name":"wp","href":"https:\/\/api.w.org\/{rel}","templated":true}]}}