{"id":2931,"date":"2016-02-12T07:54:41","date_gmt":"2016-02-12T06:54:41","guid":{"rendered":"https:\/\/pong-bot.de\/pongpot\/"},"modified":"2026-03-18T22:55:15","modified_gmt":"2026-03-18T21:55:15","slug":"pongpot","status":"publish","type":"page","link":"https:\/\/pong-bot.de\/fr\/","title":{"rendered":"PONGPOT"},"content":{"rendered":"<div class=\"woocommerce columns-3 \"><ul class=\"products columns-3\">\n<li class=\"product type-product post-2855 status-publish first instock product_cat-accessoires-p-ex-telecommande-balles product_tag-accessoires-pace-s-pro product_tag-capteur-de-declenchement-de-service-tennis has-post-thumbnail sale taxable shipping-taxable purchasable product-type-simple\">\n\t<a href=\"https:\/\/pong-bot.de\/fr\/produkt\/capteur-de-declenchement-de-service-tennis\/\" class=\"woocommerce-LoopProduct-link woocommerce-loop-product__link\">\n\t<span class=\"onsale\">Promo\u00a0!<\/span>\n\t<img loading=\"lazy\" decoding=\"async\" width=\"300\" height=\"300\" src=\"https:\/\/pong-bot.de\/wp-content\/uploads\/2026\/02\/T-SERVE-S-768x768-1-300x300.jpg\" class=\"attachment-woocommerce_thumbnail size-woocommerce_thumbnail\" alt=\"Capteur de d\u00e9clenchement de service tennis\" srcset=\"https:\/\/pong-bot.de\/wp-content\/uploads\/2026\/02\/T-SERVE-S-768x768-1-300x300.jpg 300w, https:\/\/pong-bot.de\/wp-content\/uploads\/2026\/02\/T-SERVE-S-768x768-1-150x150.jpg 150w, https:\/\/pong-bot.de\/wp-content\/uploads\/2026\/02\/T-SERVE-S-768x768-1-600x600.jpg 600w, https:\/\/pong-bot.de\/wp-content\/uploads\/2026\/02\/T-SERVE-S-768x768-1-100x100.jpg 100w, https:\/\/pong-bot.de\/wp-content\/uploads\/2026\/02\/T-SERVE-S-768x768-1.jpg 768w\" sizes=\"auto, (max-width: 300px) 100vw, 300px\" \/><h2 class=\"woocommerce-loop-product__title\">Capteur de d\u00e9clenchement de service tennis<\/h2>\n\t<span class=\"price\"><span class=\"wc-gzd-sale-price-label\">Prix de vente conseill\u00e9 :<\/span> <del aria-hidden=\"true\"><span class=\"woocommerce-Price-amount amount\"><bdi>149,00&nbsp;<span class=\"woocommerce-Price-currencySymbol\">&euro;<\/span><\/bdi><\/span><\/del> <span class=\"screen-reader-text\">Le prix initial \u00e9tait\u00a0: 149,00&nbsp;&euro;.<\/span><span class=\"wc-gzd-sale-price-label wc-gzd-sale-price-regular-label\">Nouveau prix :<\/span> <ins aria-hidden=\"true\"><span class=\"woocommerce-Price-amount amount\"><bdi>129,00&nbsp;<span class=\"woocommerce-Price-currencySymbol\">&euro;<\/span><\/bdi><\/span><\/ins><span class=\"screen-reader-text\">Le prix actuel est\u00a0: 129,00&nbsp;&euro;.<\/span><\/span>\n\n\n\n<\/a>\n\t<p class=\"wc-gzd-additional-info wc-gzd-additional-info-loop tax-info\">incl. 19% VAT<\/p>\n\n\t<p class=\"wc-gzd-additional-info wc-gzd-additional-info-loop shipping-costs-info\">zzgl. <a href=\"https:\/\/pong-bot.de\/fr\/modes-de-livraison\/\" target=\"_blank\">Versandkosten<\/a><\/p>\n\n\n<a href=\"\/fr\/wp-json\/wp\/v2\/pages\/2931?add-to-cart=2855\" aria-describedby=\"woocommerce_loop_add_to_cart_link_describedby_2855\" data-quantity=\"1\" class=\"button product_type_simple add_to_cart_button ajax_add_to_cart\" data-product_id=\"2855\" data-product_sku=\"\" aria-label=\"Ajouter au panier\u00a0: &ldquo;Capteur de d\u00e9clenchement de service tennis&rdquo;\" rel=\"nofollow\" data-success_message=\"\u00ab\u00a0Capteur de d\u00e9clenchement de service tennis\u00a0\u00bb a \u00e9t\u00e9 ajout\u00e9 \u00e0 votre panier\">Ajouter au panier<\/a>\t<span id=\"woocommerce_loop_add_to_cart_link_describedby_2855\" class=\"screen-reader-text\">\n\t\t\t<\/span>\n<div class=\"pongbot-trust-loop\" style=\"\n        font-size:12.5px;\n        margin-top:8px;\n        line-height:1.5;\n        color:#555;\n    \">\n    \n    \u2713 PayPal \u00b7 Bank\u00fcberweisung (Vorkasse) \u00b7 Kreditkarte<br>\n    \u2713 Versand aus Deutschland<br>\n    \u2713 Evergold UG \u2013 Offizieller Vertriebspartner\n    \n    <\/div><\/li>\n<li class=\"product type-product post-2735 status-publish instock product_cat-modeles-avances-professionnels-pour-les-joueurs-de-club-les-entraineurs product_cat-non-classe has-post-thumbnail sale featured taxable shipping-taxable purchasable product-type-simple\">\n\t<a href=\"https:\/\/pong-bot.de\/fr\/produkt\/halo-s-pro\/\" class=\"woocommerce-LoopProduct-link woocommerce-loop-product__link\">\n\t<span class=\"onsale\">Promo\u00a0!<\/span>\n\t<img loading=\"lazy\" decoding=\"async\" width=\"300\" height=\"300\" src=\"https:\/\/pong-bot.de\/wp-content\/uploads\/2025\/10\/Screenshot-2025-10-04-011012-300x300.png\" class=\"attachment-woocommerce_thumbnail size-woocommerce_thumbnail\" alt=\"Halo S Pro\" srcset=\"https:\/\/pong-bot.de\/wp-content\/uploads\/2025\/10\/Screenshot-2025-10-04-011012-300x300.png 300w, https:\/\/pong-bot.de\/wp-content\/uploads\/2025\/10\/Screenshot-2025-10-04-011012-150x150.png 150w, https:\/\/pong-bot.de\/wp-content\/uploads\/2025\/10\/Screenshot-2025-10-04-011012-100x100.png 100w\" sizes=\"auto, (max-width: 300px) 100vw, 300px\" \/><h2 class=\"woocommerce-loop-product__title\">Halo S Pro<\/h2>\n\t<span class=\"price\"><span class=\"wc-gzd-sale-price-label\">Prix de vente conseill\u00e9 :<\/span> <del aria-hidden=\"true\"><span class=\"woocommerce-Price-amount amount\"><bdi>1.999,00&nbsp;<span class=\"woocommerce-Price-currencySymbol\">&euro;<\/span><\/bdi><\/span><\/del> <span class=\"screen-reader-text\">Le prix initial \u00e9tait\u00a0: 1.999,00&nbsp;&euro;.<\/span><span class=\"wc-gzd-sale-price-label wc-gzd-sale-price-regular-label\">Nouveau prix :<\/span> <ins aria-hidden=\"true\"><span class=\"woocommerce-Price-amount amount\"><bdi>1.499,00&nbsp;<span class=\"woocommerce-Price-currencySymbol\">&euro;<\/span><\/bdi><\/span><\/ins><span class=\"screen-reader-text\">Le prix actuel est\u00a0: 1.499,00&nbsp;&euro;.<\/span><\/span>\n\n\n\n<\/a>\n\t<p class=\"wc-gzd-additional-info wc-gzd-additional-info-loop tax-info\">incl. 19% VAT<\/p>\n\n\t<p class=\"wc-gzd-additional-info wc-gzd-additional-info-loop shipping-costs-info\">zzgl. <a href=\"https:\/\/pong-bot.de\/fr\/modes-de-livraison\/\" target=\"_blank\">Versandkosten<\/a><\/p>\n\n\n<a href=\"\/fr\/wp-json\/wp\/v2\/pages\/2931?add-to-cart=2735\" aria-describedby=\"woocommerce_loop_add_to_cart_link_describedby_2735\" data-quantity=\"1\" class=\"button product_type_simple add_to_cart_button ajax_add_to_cart\" data-product_id=\"2735\" data-product_sku=\"\" aria-label=\"Ajouter au panier\u00a0: &ldquo;Halo S Pro&rdquo;\" rel=\"nofollow\" data-success_message=\"\u00ab\u00a0Halo S Pro\u00a0\u00bb a \u00e9t\u00e9 ajout\u00e9 \u00e0 votre panier\">Ajouter au panier<\/a>\t<span id=\"woocommerce_loop_add_to_cart_link_describedby_2735\" class=\"screen-reader-text\">\n\t\t\t<\/span>\n<div class=\"pongbot-trust-loop\" style=\"\n        font-size:12.5px;\n        margin-top:8px;\n        line-height:1.5;\n        color:#555;\n    \">\n    \n    \u2713 PayPal \u00b7 Bank\u00fcberweisung (Vorkasse) \u00b7 Kreditkarte<br>\n    \u2713 Versand aus Deutschland<br>\n    \u2713 Evergold UG \u2013 Offizieller Vertriebspartner\n    \n    <\/div><\/li>\n<li class=\"product type-product post-2913 status-publish last instock product_cat-modeles-dentree-de-gamme-pour-joueurs-amateurs product_cat-non-classe has-post-thumbnail sale featured taxable shipping-taxable purchasable product-type-simple\">\n\t<a href=\"https:\/\/pong-bot.de\/fr\/produkt\/nova-s-pro\/\" class=\"woocommerce-LoopProduct-link woocommerce-loop-product__link\">\n\t<span class=\"onsale\">Promo\u00a0!<\/span>\n\t<img loading=\"lazy\" decoding=\"async\" width=\"300\" height=\"300\" src=\"https:\/\/pong-bot.de\/wp-content\/uploads\/2025\/08\/NovaSPro-1.jpg\" class=\"attachment-woocommerce_thumbnail size-woocommerce_thumbnail\" alt=\"Nova S Pro\" srcset=\"https:\/\/pong-bot.de\/wp-content\/uploads\/2025\/08\/NovaSPro-1.jpg 1800w, https:\/\/pong-bot.de\/wp-content\/uploads\/2025\/08\/NovaSPro-1-300x300.jpg 300w, https:\/\/pong-bot.de\/wp-content\/uploads\/2025\/08\/NovaSPro-1-1024x1024.jpg 1024w, https:\/\/pong-bot.de\/wp-content\/uploads\/2025\/08\/NovaSPro-1-150x150.jpg 150w, https:\/\/pong-bot.de\/wp-content\/uploads\/2025\/08\/NovaSPro-1-768x768.jpg 768w, https:\/\/pong-bot.de\/wp-content\/uploads\/2025\/08\/NovaSPro-1-1536x1536.jpg 1536w\" sizes=\"auto, (max-width: 300px) 100vw, 300px\" \/><h2 class=\"woocommerce-loop-product__title\">Nova S Pro<\/h2>\n\t<span class=\"price\"><span class=\"wc-gzd-sale-price-label\">Prix de vente conseill\u00e9 :<\/span> <del aria-hidden=\"true\"><span class=\"woocommerce-Price-amount amount\"><bdi>469,00&nbsp;<span class=\"woocommerce-Price-currencySymbol\">&euro;<\/span><\/bdi><\/span><\/del> <span class=\"screen-reader-text\">Le prix initial \u00e9tait\u00a0: 469,00&nbsp;&euro;.<\/span><span class=\"wc-gzd-sale-price-label wc-gzd-sale-price-regular-label\">Nouveau prix :<\/span> <ins aria-hidden=\"true\"><span class=\"woocommerce-Price-amount amount\"><bdi>299,00&nbsp;<span class=\"woocommerce-Price-currencySymbol\">&euro;<\/span><\/bdi><\/span><\/ins><span class=\"screen-reader-text\">Le prix actuel est\u00a0: 299,00&nbsp;&euro;.<\/span><\/span>\n\n\n\n<\/a>\n\t<p class=\"wc-gzd-additional-info wc-gzd-additional-info-loop tax-info\">incl. 19% VAT<\/p>\n\n\t<p class=\"wc-gzd-additional-info wc-gzd-additional-info-loop shipping-costs-info\">zzgl. <a href=\"https:\/\/pong-bot.de\/fr\/modes-de-livraison\/\" target=\"_blank\">Versandkosten<\/a><\/p>\n\n\n<a href=\"\/fr\/wp-json\/wp\/v2\/pages\/2931?add-to-cart=2913\" aria-describedby=\"woocommerce_loop_add_to_cart_link_describedby_2913\" data-quantity=\"1\" class=\"button product_type_simple add_to_cart_button ajax_add_to_cart\" data-product_id=\"2913\" data-product_sku=\"\" aria-label=\"Ajouter au panier\u00a0: &ldquo;Nova S Pro&rdquo;\" rel=\"nofollow\" data-success_message=\"\u00ab\u00a0Nova S Pro\u00a0\u00bb a \u00e9t\u00e9 ajout\u00e9 \u00e0 votre panier\">Ajouter au panier<\/a>\t<span id=\"woocommerce_loop_add_to_cart_link_describedby_2913\" class=\"screen-reader-text\">\n\t\t\t<\/span>\n<div class=\"pongbot-trust-loop\" style=\"\n        font-size:12.5px;\n        margin-top:8px;\n        line-height:1.5;\n        color:#555;\n    \">\n    \n    \u2713 PayPal \u00b7 Bank\u00fcberweisung (Vorkasse) \u00b7 Kreditkarte<br>\n    \u2713 Versand aus Deutschland<br>\n    \u2713 Evergold UG \u2013 Offizieller Vertriebspartner\n    \n    <\/div><\/li>\n<li class=\"product type-product post-3139 status-publish first instock product_cat-accessoires-filets-de-recuperation-balles-pieces-de-rechange product_cat-modeles-dentree-de-gamme-pour-joueurs-amateurs product_cat-non-classe product_tag-banque-dalimentation product_tag-bundle product_tag-nova-s-pro product_tag-paquet product_tag-recepteur-de-balles product_tag-sac-de-transport has-post-thumbnail sale featured taxable shipping-taxable purchasable product-type-simple\">\n\t<a href=\"https:\/\/pong-bot.de\/fr\/produkt\/nova-s-pro-bundle\/\" class=\"woocommerce-LoopProduct-link woocommerce-loop-product__link\">\n\t<span class=\"onsale\">Promo\u00a0!<\/span>\n\t<img loading=\"lazy\" decoding=\"async\" width=\"300\" height=\"300\" src=\"https:\/\/pong-bot.de\/wp-content\/uploads\/2026\/04\/Nova_S_Pro_Set-300x300.webp\" class=\"attachment-woocommerce_thumbnail size-woocommerce_thumbnail\" alt=\"Nova S Pro Bundle\" srcset=\"https:\/\/pong-bot.de\/wp-content\/uploads\/2026\/04\/Nova_S_Pro_Set-300x300.webp 300w, https:\/\/pong-bot.de\/wp-content\/uploads\/2026\/04\/Nova_S_Pro_Set-150x150.webp 150w, https:\/\/pong-bot.de\/wp-content\/uploads\/2026\/04\/Nova_S_Pro_Set-768x768.webp 768w, https:\/\/pong-bot.de\/wp-content\/uploads\/2026\/04\/Nova_S_Pro_Set-600x600.webp 600w, https:\/\/pong-bot.de\/wp-content\/uploads\/2026\/04\/Nova_S_Pro_Set-100x100.webp 100w, https:\/\/pong-bot.de\/wp-content\/uploads\/2026\/04\/Nova_S_Pro_Set.webp 932w\" sizes=\"auto, (max-width: 300px) 100vw, 300px\" \/><h2 class=\"woocommerce-loop-product__title\">Nova S Pro Bundle<\/h2>\n\t<span class=\"price\"><span class=\"wc-gzd-sale-price-label\">Prix de vente conseill\u00e9 :<\/span> <del aria-hidden=\"true\"><span class=\"woocommerce-Price-amount amount\"><bdi>643,00&nbsp;<span class=\"woocommerce-Price-currencySymbol\">&euro;<\/span><\/bdi><\/span><\/del> <span class=\"screen-reader-text\">Le prix initial \u00e9tait\u00a0: 643,00&nbsp;&euro;.<\/span><span class=\"wc-gzd-sale-price-label wc-gzd-sale-price-regular-label\">Nouveau prix :<\/span> <ins aria-hidden=\"true\"><span class=\"woocommerce-Price-amount amount\"><bdi>429,00&nbsp;<span class=\"woocommerce-Price-currencySymbol\">&euro;<\/span><\/bdi><\/span><\/ins><span class=\"screen-reader-text\">Le prix actuel est\u00a0: 429,00&nbsp;&euro;.<\/span><\/span>\n\n\n\n<\/a>\n\t<p class=\"wc-gzd-additional-info wc-gzd-additional-info-loop tax-info\">incl. 19% VAT<\/p>\n\n\t<p class=\"wc-gzd-additional-info wc-gzd-additional-info-loop shipping-costs-info\">zzgl. <a href=\"https:\/\/pong-bot.de\/fr\/modes-de-livraison\/\" target=\"_blank\">Versandkosten<\/a><\/p>\n\n\n<a href=\"\/fr\/wp-json\/wp\/v2\/pages\/2931?add-to-cart=3139\" aria-describedby=\"woocommerce_loop_add_to_cart_link_describedby_3139\" data-quantity=\"1\" class=\"button product_type_simple add_to_cart_button ajax_add_to_cart\" data-product_id=\"3139\" data-product_sku=\"\" aria-label=\"Ajouter au panier\u00a0: &ldquo;Nova S Pro Bundle&rdquo;\" rel=\"nofollow\" data-success_message=\"\u00ab\u00a0Nova S Pro Bundle\u00a0\u00bb a \u00e9t\u00e9 ajout\u00e9 \u00e0 votre panier\">Ajouter au panier<\/a>\t<span id=\"woocommerce_loop_add_to_cart_link_describedby_3139\" class=\"screen-reader-text\">\n\t\t\t<\/span>\n<div class=\"pongbot-trust-loop\" style=\"\n        font-size:12.5px;\n        margin-top:8px;\n        line-height:1.5;\n        color:#555;\n    \">\n    \n    \u2713 PayPal \u00b7 Bank\u00fcberweisung (Vorkasse) \u00b7 Kreditkarte<br>\n    \u2713 Versand aus Deutschland<br>\n    \u2713 Evergold UG \u2013 Offizieller Vertriebspartner\n    \n    <\/div><\/li>\n<li class=\"product type-product post-2822 status-publish outofstock product_cat-accessoires-filets-de-recuperation-balles-pieces-de-rechange product_cat-modeles-dentree-de-gamme-pour-joueurs-amateurs product_cat-non-classe product_tag-robot-lanceur-de-balles-de-tennis-de-table-portable has-post-thumbnail sale taxable shipping-taxable purchasable product-type-simple\">\n\t<a href=\"https:\/\/pong-bot.de\/fr\/produkt\/nova-s-pro-set-avec-sac-de-transport-de-luxe\/\" class=\"woocommerce-LoopProduct-link woocommerce-loop-product__link\">\n\t<span class=\"onsale\">Promo\u00a0!<\/span>\n\t<img loading=\"lazy\" decoding=\"async\" width=\"300\" height=\"300\" src=\"https:\/\/pong-bot.de\/wp-content\/uploads\/2025\/10\/Screenshot-2025-10-04-012356-300x300.png\" class=\"attachment-woocommerce_thumbnail size-woocommerce_thumbnail\" alt=\"Nova S Pro SET (avec sac de transport de luxe)\" srcset=\"https:\/\/pong-bot.de\/wp-content\/uploads\/2025\/10\/Screenshot-2025-10-04-012356-300x300.png 300w, https:\/\/pong-bot.de\/wp-content\/uploads\/2025\/10\/Screenshot-2025-10-04-012356-150x150.png 150w, https:\/\/pong-bot.de\/wp-content\/uploads\/2025\/10\/Screenshot-2025-10-04-012356-100x100.png 100w\" sizes=\"auto, (max-width: 300px) 100vw, 300px\" \/><h2 class=\"woocommerce-loop-product__title\">Nova S Pro SET (avec sac de transport de luxe)<\/h2>\n\t<span class=\"price\"><span class=\"wc-gzd-sale-price-label\">Prix de vente conseill\u00e9 :<\/span> <del aria-hidden=\"true\"><span class=\"woocommerce-Price-amount amount\"><bdi>549,00&nbsp;<span class=\"woocommerce-Price-currencySymbol\">&euro;<\/span><\/bdi><\/span><\/del> <span class=\"screen-reader-text\">Le prix initial \u00e9tait\u00a0: 549,00&nbsp;&euro;.<\/span><span class=\"wc-gzd-sale-price-label wc-gzd-sale-price-regular-label\">Nouveau prix :<\/span> <ins aria-hidden=\"true\"><span class=\"woocommerce-Price-amount amount\"><bdi>379,00&nbsp;<span class=\"woocommerce-Price-currencySymbol\">&euro;<\/span><\/bdi><\/span><\/ins><span class=\"screen-reader-text\">Le prix actuel est\u00a0: 379,00&nbsp;&euro;.<\/span><\/span>\n\n\n\n<\/a>\n\t<p class=\"wc-gzd-additional-info wc-gzd-additional-info-loop tax-info\">incl. 19% VAT<\/p>\n\n\t<p class=\"wc-gzd-additional-info wc-gzd-additional-info-loop shipping-costs-info\">zzgl. <a href=\"https:\/\/pong-bot.de\/fr\/modes-de-livraison\/\" target=\"_blank\">Versandkosten<\/a><\/p>\n\n\n<a href=\"https:\/\/pong-bot.de\/fr\/produkt\/nova-s-pro-set-avec-sac-de-transport-de-luxe\/\" aria-describedby=\"woocommerce_loop_add_to_cart_link_describedby_2822\" data-quantity=\"1\" class=\"button product_type_simple\" data-product_id=\"2822\" data-product_sku=\"\" aria-label=\"En savoir plus sur &ldquo;Nova S Pro SET (avec sac de transport de luxe)&rdquo;\" rel=\"nofollow\" data-success_message=\"\">Lire la suite<\/a>\t<span id=\"woocommerce_loop_add_to_cart_link_describedby_2822\" class=\"screen-reader-text\">\n\t\t\t<\/span>\n<div class=\"pongbot-trust-loop\" style=\"\n        font-size:12.5px;\n        margin-top:8px;\n        line-height:1.5;\n        color:#555;\n    \">\n    \n    \u2713 PayPal \u00b7 Bank\u00fcberweisung (Vorkasse) \u00b7 Kreditkarte<br>\n    \u2713 Versand aus Deutschland<br>\n    \u2713 Evergold UG \u2013 Offizieller Vertriebspartner\n    \n    <\/div><\/li>\n<li class=\"product type-product post-2785 status-publish last instock product_cat-modeles-avances-professionnels-pour-les-joueurs-de-club-les-entraineurs product_cat-non-classe product_tag-omni-s-pro product_tag-robot-de-tennis-de-table has-post-thumbnail sale featured taxable shipping-taxable purchasable product-type-simple\">\n\t<a href=\"https:\/\/pong-bot.de\/fr\/produkt\/omni-s-pro\/\" class=\"woocommerce-LoopProduct-link woocommerce-loop-product__link\">\n\t<span class=\"onsale\">Promo\u00a0!<\/span>\n\t<img loading=\"lazy\" decoding=\"async\" width=\"300\" height=\"300\" src=\"https:\/\/pong-bot.de\/wp-content\/uploads\/2025\/09\/Screenshot-2025-10-04-015219-300x300.png\" class=\"attachment-woocommerce_thumbnail size-woocommerce_thumbnail\" alt=\"Omni S Pro\" srcset=\"https:\/\/pong-bot.de\/wp-content\/uploads\/2025\/09\/Screenshot-2025-10-04-015219-300x300.png 300w, https:\/\/pong-bot.de\/wp-content\/uploads\/2025\/09\/Screenshot-2025-10-04-015219-150x150.png 150w, https:\/\/pong-bot.de\/wp-content\/uploads\/2025\/09\/Screenshot-2025-10-04-015219-100x100.png 100w\" sizes=\"auto, (max-width: 300px) 100vw, 300px\" \/><h2 class=\"woocommerce-loop-product__title\">Omni S Pro<\/h2>\n\t<span class=\"price\"><span class=\"wc-gzd-sale-price-label\">Prix de vente conseill\u00e9 :<\/span> <del aria-hidden=\"true\"><span class=\"woocommerce-Price-amount amount\"><bdi>1.599,00&nbsp;<span class=\"woocommerce-Price-currencySymbol\">&euro;<\/span><\/bdi><\/span><\/del> <span class=\"screen-reader-text\">Le prix initial \u00e9tait\u00a0: 1.599,00&nbsp;&euro;.<\/span><span class=\"wc-gzd-sale-price-label wc-gzd-sale-price-regular-label\">Nouveau prix :<\/span> <ins aria-hidden=\"true\"><span class=\"woocommerce-Price-amount amount\"><bdi>1.099,00&nbsp;<span class=\"woocommerce-Price-currencySymbol\">&euro;<\/span><\/bdi><\/span><\/ins><span class=\"screen-reader-text\">Le prix actuel est\u00a0: 1.099,00&nbsp;&euro;.<\/span><\/span>\n\n\n\n<\/a>\n\t<p class=\"wc-gzd-additional-info wc-gzd-additional-info-loop tax-info\">incl. 19% VAT<\/p>\n\n\t<p class=\"wc-gzd-additional-info wc-gzd-additional-info-loop shipping-costs-info\">zzgl. <a href=\"https:\/\/pong-bot.de\/fr\/modes-de-livraison\/\" target=\"_blank\">Versandkosten<\/a><\/p>\n\n\n<a href=\"\/fr\/wp-json\/wp\/v2\/pages\/2931?add-to-cart=2785\" aria-describedby=\"woocommerce_loop_add_to_cart_link_describedby_2785\" data-quantity=\"1\" class=\"button product_type_simple add_to_cart_button ajax_add_to_cart\" data-product_id=\"2785\" data-product_sku=\"\" aria-label=\"Ajouter au panier\u00a0: &ldquo;Omni S Pro&rdquo;\" rel=\"nofollow\" data-success_message=\"\u00ab\u00a0Omni S Pro\u00a0\u00bb a \u00e9t\u00e9 ajout\u00e9 \u00e0 votre panier\">Ajouter au panier<\/a>\t<span id=\"woocommerce_loop_add_to_cart_link_describedby_2785\" class=\"screen-reader-text\">\n\t\t\t<\/span>\n<div class=\"pongbot-trust-loop\" style=\"\n        font-size:12.5px;\n        margin-top:8px;\n        line-height:1.5;\n        color:#555;\n    \">\n    \n    \u2713 PayPal \u00b7 Bank\u00fcberweisung (Vorkasse) \u00b7 Kreditkarte<br>\n    \u2713 Versand aus Deutschland<br>\n    \u2713 Evergold UG \u2013 Offizieller Vertriebspartner\n    \n    <\/div><\/li>\n<\/ul>\n<\/div>\n\n\n\n<p><\/p>\n","protected":false},"excerpt":{"rendered":"","protected":false},"author":1,"featured_media":0,"parent":0,"menu_order":0,"comment_status":"closed","ping_status":"closed","template":"template-frontpage.php","meta":{"footnotes":""},"class_list":["post-2931","page","type-page","status-publish","hentry"],"jetpack_sharing_enabled":true,"_links":{"self":[{"href":"https:\/\/pong-bot.de\/fr\/wp-json\/wp\/v2\/pages\/2931","targetHints":{"allow":["GET"]}}],"collection":[{"href":"https:\/\/pong-bot.de\/fr\/wp-json\/wp\/v2\/pages"}],"about":[{"href":"https:\/\/pong-bot.de\/fr\/wp-json\/wp\/v2\/types\/page"}],"author":[{"embeddable":true,"href":"https:\/\/pong-bot.de\/fr\/wp-json\/wp\/v2\/users\/1"}],"replies":[{"embeddable":true,"href":"https:\/\/pong-bot.de\/fr\/wp-json\/wp\/v2\/comments?post=2931"}],"version-history":[{"count":1,"href":"https:\/\/pong-bot.de\/fr\/wp-json\/wp\/v2\/pages\/2931\/revisions"}],"predecessor-version":[{"id":2932,"href":"https:\/\/pong-bot.de\/fr\/wp-json\/wp\/v2\/pages\/2931\/revisions\/2932"}],"wp:attachment":[{"href":"https:\/\/pong-bot.de\/fr\/wp-json\/wp\/v2\/media?parent=2931"}],"curies":[{"name":"wp","href":"https:\/\/api.w.org\/{rel}","templated":true}]}}