{"id":2735,"date":"2025-09-15T18:43:59","date_gmt":"2025-09-15T18:43:59","guid":{"rendered":"https:\/\/pong-bot.de\/produkt\/halo-s-pro\/"},"modified":"2025-09-15T18:43:59","modified_gmt":"2025-09-15T17:43:59","slug":"halo-s-pro","status":"publish","type":"product","link":"https:\/\/pong-bot.de\/fr\/produkt\/halo-s-pro\/","title":{"rendered":"Halo S Pro"},"content":{"rendered":"<p>Robot de tennis de table PONGBOT, machine \u00e0 balles de ping-pong automatique, t\u00e9l\u00e9commande, 114 exercices int\u00e9gr\u00e9s, programmable et personnalisable \u00e0 linfini, adapt\u00e9 aux joueurs de tous niveaux<\/p>\n<h4>Garantie<\/h4>\n<p>Robot (unit\u00e9 principale) : 1 an de garantie<br \/>\nComposants essentiels (moteur de rotation lat\u00e9rale, moteurs de rotation gauche et droite, moteur dinclinaison, moteur de compression de balle, moteur dalimentation de balle \u2013 sans engrenage) : 3 ans de garantie<br \/>\nPi\u00e8ces dusure (roue de compression de balle) : 1 an de garantie<br \/>\nAccessoires (adaptateur, filet de r\u00e9cup\u00e9ration de balles, N-Control, E-PAD avec batterie au lithium, c\u00e2ble de charge Type-C, clip de fixation) : 1 an de garantie<\/p>\n<h4 data-start=\"90\" data-end=\"149\"><strong data-start=\"90\" data-end=\"147\">Informations sur lexp\u00e9dition<\/strong><\/h4>\n<ul data-start=\"151\" data-end=\"385\">\n<li data-start=\"151\" data-end=\"209\"><strong data-start=\"153\" data-end=\"180\">Exp\u00e9dition depuis l\u2019Allemagne<\/strong> vers l\u2019UE et la CH \u2013 rapide, fiable et <strong data-start=\"215\" data-end=\"228\">gratuite<\/strong>.<\/li>\n<\/ul>\n<p>Nous exp\u00e9dions votre commande directement depuis notre entrep\u00f4t allemand \u2013 sans frais de douane ou dimportation suppl\u00e9mentaires.<\/p>\n<div id='gallery-1' class='gallery galleryid-2735 gallery-columns-1 gallery-size-full'><figure class='gallery-item'>\n\t\t\t<div class='gallery-icon portrait'>\n\t\t\t\t<a href='https:\/\/pong-bot.de\/fr\/?attachment_id=2736'><img loading=\"lazy\" decoding=\"async\" width=\"1250\" height=\"1500\" src=\"https:\/\/pong-bot.de\/wp-content\/uploads\/2025\/09\/612uMoaMaHL._AC_SL1500_.jpg\" class=\"attachment-full size-full\" alt=\"Halo S Pro\" srcset=\"https:\/\/pong-bot.de\/wp-content\/uploads\/2025\/09\/612uMoaMaHL._AC_SL1500_.jpg 1250w, https:\/\/pong-bot.de\/wp-content\/uploads\/2025\/09\/612uMoaMaHL._AC_SL1500_-250x300.jpg 250w, https:\/\/pong-bot.de\/wp-content\/uploads\/2025\/09\/612uMoaMaHL._AC_SL1500_-853x1024.jpg 853w, https:\/\/pong-bot.de\/wp-content\/uploads\/2025\/09\/612uMoaMaHL._AC_SL1500_-768x922.jpg 768w, https:\/\/pong-bot.de\/wp-content\/uploads\/2025\/09\/612uMoaMaHL._AC_SL1500_-600x720.jpg 600w\" sizes=\"auto, (max-width: 1250px) 100vw, 1250px\" \/><\/a>\n\t\t\t<\/div><\/figure><figure class='gallery-item'>\n\t\t\t<div class='gallery-icon landscape'>\n\t\t\t\t<a href='https:\/\/pong-bot.de\/fr\/?attachment_id=2738'><img loading=\"lazy\" decoding=\"async\" width=\"1500\" height=\"1500\" src=\"https:\/\/pong-bot.de\/wp-content\/uploads\/2025\/09\/71xKPFTN2L._AC_SL1500_.jpg\" class=\"attachment-full size-full\" alt=\"\" srcset=\"https:\/\/pong-bot.de\/wp-content\/uploads\/2025\/09\/71xKPFTN2L._AC_SL1500_.jpg 1500w, https:\/\/pong-bot.de\/wp-content\/uploads\/2025\/09\/71xKPFTN2L._AC_SL1500_-300x300.jpg 300w, https:\/\/pong-bot.de\/wp-content\/uploads\/2025\/09\/71xKPFTN2L._AC_SL1500_-1024x1024.jpg 1024w, https:\/\/pong-bot.de\/wp-content\/uploads\/2025\/09\/71xKPFTN2L._AC_SL1500_-150x150.jpg 150w, https:\/\/pong-bot.de\/wp-content\/uploads\/2025\/09\/71xKPFTN2L._AC_SL1500_-768x768.jpg 768w, https:\/\/pong-bot.de\/wp-content\/uploads\/2025\/09\/71xKPFTN2L._AC_SL1500_-600x600.jpg 600w, https:\/\/pong-bot.de\/wp-content\/uploads\/2025\/09\/71xKPFTN2L._AC_SL1500_-100x100.jpg 100w\" sizes=\"auto, (max-width: 1500px) 100vw, 1500px\" \/><\/a>\n\t\t\t<\/div><\/figure><figure class='gallery-item'>\n\t\t\t<div class='gallery-icon landscape'>\n\t\t\t\t<a href='https:\/\/pong-bot.de\/fr\/?attachment_id=2739'><img loading=\"lazy\" decoding=\"async\" width=\"1500\" height=\"1500\" src=\"https:\/\/pong-bot.de\/wp-content\/uploads\/2025\/09\/71z2YlTrKjL._AC_SL1500_.jpg\" class=\"attachment-full size-full\" alt=\"\" srcset=\"https:\/\/pong-bot.de\/wp-content\/uploads\/2025\/09\/71z2YlTrKjL._AC_SL1500_.jpg 1500w, https:\/\/pong-bot.de\/wp-content\/uploads\/2025\/09\/71z2YlTrKjL._AC_SL1500_-300x300.jpg 300w, https:\/\/pong-bot.de\/wp-content\/uploads\/2025\/09\/71z2YlTrKjL._AC_SL1500_-1024x1024.jpg 1024w, https:\/\/pong-bot.de\/wp-content\/uploads\/2025\/09\/71z2YlTrKjL._AC_SL1500_-150x150.jpg 150w, https:\/\/pong-bot.de\/wp-content\/uploads\/2025\/09\/71z2YlTrKjL._AC_SL1500_-768x768.jpg 768w, https:\/\/pong-bot.de\/wp-content\/uploads\/2025\/09\/71z2YlTrKjL._AC_SL1500_-600x600.jpg 600w, https:\/\/pong-bot.de\/wp-content\/uploads\/2025\/09\/71z2YlTrKjL._AC_SL1500_-100x100.jpg 100w\" sizes=\"auto, (max-width: 1500px) 100vw, 1500px\" \/><\/a>\n\t\t\t<\/div><\/figure><figure class='gallery-item'>\n\t\t\t<div class='gallery-icon landscape'>\n\t\t\t\t<a href='https:\/\/pong-bot.de\/fr\/?attachment_id=2741'><img loading=\"lazy\" decoding=\"async\" width=\"1500\" height=\"1500\" src=\"https:\/\/pong-bot.de\/wp-content\/uploads\/2025\/09\/815VHb5orPL._AC_SL1500_.jpg\" class=\"attachment-full size-full\" alt=\"\" srcset=\"https:\/\/pong-bot.de\/wp-content\/uploads\/2025\/09\/815VHb5orPL._AC_SL1500_.jpg 1500w, https:\/\/pong-bot.de\/wp-content\/uploads\/2025\/09\/815VHb5orPL._AC_SL1500_-300x300.jpg 300w, https:\/\/pong-bot.de\/wp-content\/uploads\/2025\/09\/815VHb5orPL._AC_SL1500_-1024x1024.jpg 1024w, https:\/\/pong-bot.de\/wp-content\/uploads\/2025\/09\/815VHb5orPL._AC_SL1500_-150x150.jpg 150w, https:\/\/pong-bot.de\/wp-content\/uploads\/2025\/09\/815VHb5orPL._AC_SL1500_-768x768.jpg 768w, https:\/\/pong-bot.de\/wp-content\/uploads\/2025\/09\/815VHb5orPL._AC_SL1500_-600x600.jpg 600w, https:\/\/pong-bot.de\/wp-content\/uploads\/2025\/09\/815VHb5orPL._AC_SL1500_-100x100.jpg 100w\" sizes=\"auto, (max-width: 1500px) 100vw, 1500px\" \/><\/a>\n\t\t\t<\/div><\/figure><figure class='gallery-item'>\n\t\t\t<div class='gallery-icon landscape'>\n\t\t\t\t<a href='https:\/\/pong-bot.de\/fr\/?attachment_id=2740'><img loading=\"lazy\" decoding=\"async\" width=\"1500\" height=\"1500\" src=\"https:\/\/pong-bot.de\/wp-content\/uploads\/2025\/09\/71zUJSi1ycL._AC_SL1500_.jpg\" class=\"attachment-full size-full\" alt=\"\" srcset=\"https:\/\/pong-bot.de\/wp-content\/uploads\/2025\/09\/71zUJSi1ycL._AC_SL1500_.jpg 1500w, https:\/\/pong-bot.de\/wp-content\/uploads\/2025\/09\/71zUJSi1ycL._AC_SL1500_-300x300.jpg 300w, https:\/\/pong-bot.de\/wp-content\/uploads\/2025\/09\/71zUJSi1ycL._AC_SL1500_-1024x1024.jpg 1024w, https:\/\/pong-bot.de\/wp-content\/uploads\/2025\/09\/71zUJSi1ycL._AC_SL1500_-150x150.jpg 150w, https:\/\/pong-bot.de\/wp-content\/uploads\/2025\/09\/71zUJSi1ycL._AC_SL1500_-768x768.jpg 768w, https:\/\/pong-bot.de\/wp-content\/uploads\/2025\/09\/71zUJSi1ycL._AC_SL1500_-600x600.jpg 600w, https:\/\/pong-bot.de\/wp-content\/uploads\/2025\/09\/71zUJSi1ycL._AC_SL1500_-100x100.jpg 100w\" sizes=\"auto, (max-width: 1500px) 100vw, 1500px\" \/><\/a>\n\t\t\t<\/div><\/figure><figure class='gallery-item'>\n\t\t\t<div class='gallery-icon landscape'>\n\t\t\t\t<a href='https:\/\/pong-bot.de\/fr\/?attachment_id=2742'><img loading=\"lazy\" decoding=\"async\" width=\"1940\" height=\"1200\" src=\"https:\/\/pong-bot.de\/wp-content\/uploads\/2025\/09\/HALO-S-Pro-parameter-information.jpg\" class=\"attachment-full size-full\" alt=\"\" srcset=\"https:\/\/pong-bot.de\/wp-content\/uploads\/2025\/09\/HALO-S-Pro-parameter-information.jpg 1940w, https:\/\/pong-bot.de\/wp-content\/uploads\/2025\/09\/HALO-S-Pro-parameter-information-300x186.jpg 300w, https:\/\/pong-bot.de\/wp-content\/uploads\/2025\/09\/HALO-S-Pro-parameter-information-1024x633.jpg 1024w, https:\/\/pong-bot.de\/wp-content\/uploads\/2025\/09\/HALO-S-Pro-parameter-information-768x475.jpg 768w, https:\/\/pong-bot.de\/wp-content\/uploads\/2025\/09\/HALO-S-Pro-parameter-information-1536x950.jpg 1536w, https:\/\/pong-bot.de\/wp-content\/uploads\/2025\/09\/HALO-S-Pro-parameter-information-600x371.jpg 600w\" sizes=\"auto, (max-width: 1940px) 100vw, 1940px\" \/><\/a>\n\t\t\t<\/div><\/figure><figure class='gallery-item'>\n\t\t\t<div class='gallery-icon portrait'>\n\t\t\t\t<a href='https:\/\/pong-bot.de\/fr\/?attachment_id=2743'><img loading=\"lazy\" decoding=\"async\" width=\"1707\" height=\"2560\" src=\"https:\/\/pong-bot.de\/wp-content\/uploads\/2025\/09\/HALO-S-PRO-scaled.jpg\" class=\"attachment-full size-full\" alt=\"\" srcset=\"https:\/\/pong-bot.de\/wp-content\/uploads\/2025\/09\/HALO-S-PRO-scaled.jpg 1707w, https:\/\/pong-bot.de\/wp-content\/uploads\/2025\/09\/HALO-S-PRO-200x300.jpg 200w, https:\/\/pong-bot.de\/wp-content\/uploads\/2025\/09\/HALO-S-PRO-683x1024.jpg 683w, https:\/\/pong-bot.de\/wp-content\/uploads\/2025\/09\/HALO-S-PRO-768x1152.jpg 768w, https:\/\/pong-bot.de\/wp-content\/uploads\/2025\/09\/HALO-S-PRO-1024x1536.jpg 1024w, https:\/\/pong-bot.de\/wp-content\/uploads\/2025\/09\/HALO-S-PRO-1366x2048.jpg 1366w, https:\/\/pong-bot.de\/wp-content\/uploads\/2025\/09\/HALO-S-PRO-600x900.jpg 600w\" sizes=\"auto, (max-width: 1707px) 100vw, 1707px\" \/><\/a>\n\t\t\t<\/div><\/figure><figure class='gallery-item'>\n\t\t\t<div class='gallery-icon landscape'>\n\t\t\t\t<a href='https:\/\/pong-bot.de\/fr\/?attachment_id=2746'><img loading=\"lazy\" decoding=\"async\" width=\"2560\" height=\"1707\" src=\"https:\/\/pong-bot.de\/wp-content\/uploads\/2025\/09\/IA4A0162-scaled.jpg\" class=\"attachment-full size-full\" alt=\"\" srcset=\"https:\/\/pong-bot.de\/wp-content\/uploads\/2025\/09\/IA4A0162-scaled.jpg 2560w, https:\/\/pong-bot.de\/wp-content\/uploads\/2025\/09\/IA4A0162-300x200.jpg 300w, https:\/\/pong-bot.de\/wp-content\/uploads\/2025\/09\/IA4A0162-1024x683.jpg 1024w, https:\/\/pong-bot.de\/wp-content\/uploads\/2025\/09\/IA4A0162-768x512.jpg 768w, https:\/\/pong-bot.de\/wp-content\/uploads\/2025\/09\/IA4A0162-1536x1024.jpg 1536w, https:\/\/pong-bot.de\/wp-content\/uploads\/2025\/09\/IA4A0162-2048x1365.jpg 2048w, https:\/\/pong-bot.de\/wp-content\/uploads\/2025\/09\/IA4A0162-600x400.jpg 600w\" sizes=\"auto, (max-width: 2560px) 100vw, 2560px\" \/><\/a>\n\t\t\t<\/div><\/figure><figure class='gallery-item'>\n\t\t\t<div class='gallery-icon landscape'>\n\t\t\t\t<a href='https:\/\/pong-bot.de\/fr\/?attachment_id=2747'><img loading=\"lazy\" decoding=\"async\" width=\"2560\" height=\"1707\" src=\"https:\/\/pong-bot.de\/wp-content\/uploads\/2025\/09\/IA4A9912-scaled.jpg\" class=\"attachment-full size-full\" alt=\"\" srcset=\"https:\/\/pong-bot.de\/wp-content\/uploads\/2025\/09\/IA4A9912-scaled.jpg 2560w, https:\/\/pong-bot.de\/wp-content\/uploads\/2025\/09\/IA4A9912-300x200.jpg 300w, https:\/\/pong-bot.de\/wp-content\/uploads\/2025\/09\/IA4A9912-1024x683.jpg 1024w, https:\/\/pong-bot.de\/wp-content\/uploads\/2025\/09\/IA4A9912-768x512.jpg 768w, https:\/\/pong-bot.de\/wp-content\/uploads\/2025\/09\/IA4A9912-1536x1024.jpg 1536w, https:\/\/pong-bot.de\/wp-content\/uploads\/2025\/09\/IA4A9912-2048x1365.jpg 2048w, https:\/\/pong-bot.de\/wp-content\/uploads\/2025\/09\/IA4A9912-600x400.jpg 600w\" sizes=\"auto, (max-width: 2560px) 100vw, 2560px\" \/><\/a>\n\t\t\t<\/div><\/figure><figure class='gallery-item'>\n\t\t\t<div class='gallery-icon landscape'>\n\t\t\t\t<a href='https:\/\/pong-bot.de\/fr\/?attachment_id=2748'><img loading=\"lazy\" decoding=\"async\" width=\"2560\" height=\"1707\" src=\"https:\/\/pong-bot.de\/wp-content\/uploads\/2025\/09\/IA4A9985-scaled.jpg\" class=\"attachment-full size-full\" alt=\"\" srcset=\"https:\/\/pong-bot.de\/wp-content\/uploads\/2025\/09\/IA4A9985-scaled.jpg 2560w, https:\/\/pong-bot.de\/wp-content\/uploads\/2025\/09\/IA4A9985-300x200.jpg 300w, https:\/\/pong-bot.de\/wp-content\/uploads\/2025\/09\/IA4A9985-1024x683.jpg 1024w, https:\/\/pong-bot.de\/wp-content\/uploads\/2025\/09\/IA4A9985-768x512.jpg 768w, https:\/\/pong-bot.de\/wp-content\/uploads\/2025\/09\/IA4A9985-1536x1024.jpg 1536w, https:\/\/pong-bot.de\/wp-content\/uploads\/2025\/09\/IA4A9985-2048x1365.jpg 2048w, https:\/\/pong-bot.de\/wp-content\/uploads\/2025\/09\/IA4A9985-600x400.jpg 600w\" sizes=\"auto, (max-width: 2560px) 100vw, 2560px\" \/><\/a>\n\t\t\t<\/div><\/figure>\n\t\t<\/div>\n\n","protected":false},"excerpt":{"rendered":"<p>Robot de tennis de table PONGBOT, machine \u00e0 balles de ping-pong automatique, t\u00e9l\u00e9commande, 114 exercices int\u00e9gr\u00e9s, programmable et personnalisable \u00e0 linfini, adapt\u00e9 aux joueurs de tous niveaux<\/p>\n<p>&nbsp;<\/p>\n","protected":false},"featured_media":2645,"comment_status":"open","ping_status":"closed","template":"","meta":[],"product_brand":[],"product_cat":[74,71],"product_tag":[],"class_list":{"0":"post-2735","1":"product","2":"type-product","3":"status-publish","4":"has-post-thumbnail","6":"product_cat-modeles-avances-professionnels-pour-les-joueurs-de-club-les-entraineurs","7":"product_cat-non-classe","9":"first","10":"instock","11":"sale","12":"featured","13":"taxable","14":"shipping-taxable","15":"purchasable","16":"product-type-simple"},"jetpack_sharing_enabled":true,"_links":{"self":[{"href":"https:\/\/pong-bot.de\/fr\/wp-json\/wp\/v2\/product\/2735","targetHints":{"allow":["GET"]}}],"collection":[{"href":"https:\/\/pong-bot.de\/fr\/wp-json\/wp\/v2\/product"}],"about":[{"href":"https:\/\/pong-bot.de\/fr\/wp-json\/wp\/v2\/types\/product"}],"replies":[{"embeddable":true,"href":"https:\/\/pong-bot.de\/fr\/wp-json\/wp\/v2\/comments?post=2735"}],"wp:featuredmedia":[{"embeddable":true,"href":"https:\/\/pong-bot.de\/fr\/wp-json\/wp\/v2\/media\/2645"}],"wp:attachment":[{"href":"https:\/\/pong-bot.de\/fr\/wp-json\/wp\/v2\/media?parent=2735"}],"wp:term":[{"taxonomy":"product_brand","embeddable":true,"href":"https:\/\/pong-bot.de\/fr\/wp-json\/wp\/v2\/product_brand?post=2735"},{"taxonomy":"product_cat","embeddable":true,"href":"https:\/\/pong-bot.de\/fr\/wp-json\/wp\/v2\/product_cat?post=2735"},{"taxonomy":"product_tag","embeddable":true,"href":"https:\/\/pong-bot.de\/fr\/wp-json\/wp\/v2\/product_tag?post=2735"}],"curies":[{"name":"wp","href":"https:\/\/api.w.org\/{rel}","templated":true}]}}