{"id":2785,"date":"2025-09-15T18:28:49","date_gmt":"2025-09-15T18:28:49","guid":{"rendered":"https:\/\/pong-bot.de\/produkt\/omni-s-pro\/"},"modified":"2025-09-15T18:28:49","modified_gmt":"2025-09-15T17:28:49","slug":"omni-s-pro","status":"publish","type":"product","link":"https:\/\/pong-bot.de\/fr\/produkt\/omni-s-pro\/","title":{"rendered":"Omni S Pro"},"content":{"rendered":"<p>Robot de tennis de table PONGBOT avec filet, machine \u00e0 balles de ping-pong, \u00ab\u00a0E PAD S\u00a0\u00bb \/ Contr\u00f4le par APP, 396 trajectoires de balles pr\u00e9enregistr\u00e9es, exercices programmables, entra\u00eenement intelligent pour tous les niveaux Le partenaire dentra\u00eenement parfait pour le tennis de table !<\/p>\n<h4>Description<\/h4>\n<ul class=\"a-unordered-list a-vertical a-spacing-mini\">\n<li class=\"a-spacing-mini\"><span class=\"a-list-item\">Robot de tennis de table \u00ab\u00a0OMNI S Pro\u00a0\u00bb avec t\u00e9l\u00e9commande \u00ab\u00a0E Pad S\u00a0\u00bb et application \u00ab\u00a0Pongbot\u00a0\u00bb pour un double contr\u00f4le et une polyvalence maximale<\/span><\/li>\n<li class=\"a-spacing-mini\"><span class=\"a-list-item\">Robot de tennis de table programmable : r\u00e9glages personnalisables simulant la vitesse de balle, leffet, la fr\u00e9quence, la trajectoire et latterrissage.<\/span><\/li>\n<li class=\"a-spacing-mini\"><span class=\"a-list-item\">396 trajectoires de balles pr\u00e9enregistr\u00e9es pour un d\u00e9marrage rapide &#8211; 66 exercices x \u00e9valuation 3 \u00e9toiles x options mode coup droit\/revers<\/span><\/li>\n<li class=\"a-spacing-mini\"><span class=\"a-list-item\">Application avec biblioth\u00e8que dexercices ouverte pour des routines visuelles pouvant \u00eatre partag\u00e9es et personnalis\u00e9es, permettant aux utilisateurs de sentra\u00eener et dapprendre librement les uns des autres.<\/span><\/li>\n<li class=\"a-spacing-mini\"><span class=\"a-list-item\">Contenu de la livraison : unit\u00e9 OMNI S Pro, filet de recyclage des balles, E Pad S, adaptateur secteur, manuel dutilisation (\u00e9ventuellement pas en fran\u00e7ais). <\/span><\/li>\n<li class=\"a-spacing-mini\"><span class=\"a-list-item\">Non inclus : balles 40 mm\/40 mm+.<\/span><\/li>\n<\/ul>\n<h4>Garantie<\/h4>\n<p>Robot (unit\u00e9 principale) : 1 an de garantie<br \/>\nComposants principaux (moteur de rotation lat\u00e9rale, moteurs de rotation gauche et droit, moteur dinclinaison, moteur de pression de balle, moteur dalimentation de balle \u2013 sans engrenage) : 3 ans de garantie<br \/>\nPi\u00e8ces dusure (roue de pression de balle) : 1 an de garantie<br \/>\nAccessoires (adaptateur, filet de retour de balle, N-Control, E-PAD avec batterie lithium, c\u00e2ble de charge Type-C, clip de filet) : 1 an de garantie<\/p>\n<h4 data-start=\"90\" data-end=\"149\"><strong data-start=\"90\" data-end=\"147\">Informations dexp\u00e9dition<\/strong><\/h4>\n<ul data-start=\"151\" data-end=\"385\">\n<li data-start=\"151\" data-end=\"209\"><strong data-start=\"153\" data-end=\"180\">Exp\u00e9dition depuis l\u2019Allemagne<\/strong> vers l\u2019UE et la Suisse \u2013 rapide, fiable et <strong data-start=\"215\" data-end=\"228\">gratuite<\/strong>.<\/li>\n<\/ul>\n<p>Nous exp\u00e9dions votre commande directement depuis notre entrep\u00f4t allemand \u2013 sans frais de douane ou dimportation suppl\u00e9mentaires.<\/p>\n<div id='gallery-1' class='gallery galleryid-2785 gallery-columns-1 gallery-size-full'><figure class='gallery-item'>\n\t\t\t<div class='gallery-icon landscape'>\n\t\t\t\t<a href='https:\/\/pong-bot.de\/fr\/?attachment_id=2786'><img loading=\"lazy\" decoding=\"async\" width=\"1500\" height=\"1396\" src=\"https:\/\/pong-bot.de\/wp-content\/uploads\/2025\/09\/61GigYis78L._AC_SL1500_.jpg\" class=\"attachment-full size-full\" alt=\"\" srcset=\"https:\/\/pong-bot.de\/wp-content\/uploads\/2025\/09\/61GigYis78L._AC_SL1500_.jpg 1500w, https:\/\/pong-bot.de\/wp-content\/uploads\/2025\/09\/61GigYis78L._AC_SL1500_-300x279.jpg 300w, https:\/\/pong-bot.de\/wp-content\/uploads\/2025\/09\/61GigYis78L._AC_SL1500_-1024x953.jpg 1024w, https:\/\/pong-bot.de\/wp-content\/uploads\/2025\/09\/61GigYis78L._AC_SL1500_-768x715.jpg 768w, https:\/\/pong-bot.de\/wp-content\/uploads\/2025\/09\/61GigYis78L._AC_SL1500_-600x558.jpg 600w\" sizes=\"auto, (max-width: 1500px) 100vw, 1500px\" \/><\/a>\n\t\t\t<\/div><\/figure><figure class='gallery-item'>\n\t\t\t<div class='gallery-icon landscape'>\n\t\t\t\t<a href='https:\/\/pong-bot.de\/fr\/?attachment_id=2787'><img loading=\"lazy\" decoding=\"async\" width=\"1500\" height=\"1500\" src=\"https:\/\/pong-bot.de\/wp-content\/uploads\/2025\/09\/71CB69VgfrL._AC_SL1500_.jpg\" class=\"attachment-full size-full\" alt=\"\" srcset=\"https:\/\/pong-bot.de\/wp-content\/uploads\/2025\/09\/71CB69VgfrL._AC_SL1500_.jpg 1500w, https:\/\/pong-bot.de\/wp-content\/uploads\/2025\/09\/71CB69VgfrL._AC_SL1500_-300x300.jpg 300w, https:\/\/pong-bot.de\/wp-content\/uploads\/2025\/09\/71CB69VgfrL._AC_SL1500_-1024x1024.jpg 1024w, https:\/\/pong-bot.de\/wp-content\/uploads\/2025\/09\/71CB69VgfrL._AC_SL1500_-150x150.jpg 150w, https:\/\/pong-bot.de\/wp-content\/uploads\/2025\/09\/71CB69VgfrL._AC_SL1500_-768x768.jpg 768w, https:\/\/pong-bot.de\/wp-content\/uploads\/2025\/09\/71CB69VgfrL._AC_SL1500_-600x600.jpg 600w, https:\/\/pong-bot.de\/wp-content\/uploads\/2025\/09\/71CB69VgfrL._AC_SL1500_-100x100.jpg 100w\" sizes=\"auto, (max-width: 1500px) 100vw, 1500px\" \/><\/a>\n\t\t\t<\/div><\/figure><figure class='gallery-item'>\n\t\t\t<div class='gallery-icon landscape'>\n\t\t\t\t<a href='https:\/\/pong-bot.de\/fr\/?attachment_id=2737'><img loading=\"lazy\" decoding=\"async\" width=\"1500\" height=\"1500\" src=\"https:\/\/pong-bot.de\/wp-content\/uploads\/2025\/09\/71d2eJ2NkzL._AC_SL1500_.jpg\" class=\"attachment-full size-full\" alt=\"\" srcset=\"https:\/\/pong-bot.de\/wp-content\/uploads\/2025\/09\/71d2eJ2NkzL._AC_SL1500_.jpg 1500w, https:\/\/pong-bot.de\/wp-content\/uploads\/2025\/09\/71d2eJ2NkzL._AC_SL1500_-300x300.jpg 300w, https:\/\/pong-bot.de\/wp-content\/uploads\/2025\/09\/71d2eJ2NkzL._AC_SL1500_-1024x1024.jpg 1024w, https:\/\/pong-bot.de\/wp-content\/uploads\/2025\/09\/71d2eJ2NkzL._AC_SL1500_-150x150.jpg 150w, https:\/\/pong-bot.de\/wp-content\/uploads\/2025\/09\/71d2eJ2NkzL._AC_SL1500_-768x768.jpg 768w, https:\/\/pong-bot.de\/wp-content\/uploads\/2025\/09\/71d2eJ2NkzL._AC_SL1500_-600x600.jpg 600w, https:\/\/pong-bot.de\/wp-content\/uploads\/2025\/09\/71d2eJ2NkzL._AC_SL1500_-100x100.jpg 100w\" sizes=\"auto, (max-width: 1500px) 100vw, 1500px\" \/><\/a>\n\t\t\t<\/div><\/figure><figure class='gallery-item'>\n\t\t\t<div class='gallery-icon landscape'>\n\t\t\t\t<a href='https:\/\/pong-bot.de\/fr\/?attachment_id=2789'><img loading=\"lazy\" decoding=\"async\" width=\"1500\" height=\"1500\" src=\"https:\/\/pong-bot.de\/wp-content\/uploads\/2025\/09\/71JNhBbqN5L._AC_SL1500_.jpg\" class=\"attachment-full size-full\" alt=\"\" srcset=\"https:\/\/pong-bot.de\/wp-content\/uploads\/2025\/09\/71JNhBbqN5L._AC_SL1500_.jpg 1500w, https:\/\/pong-bot.de\/wp-content\/uploads\/2025\/09\/71JNhBbqN5L._AC_SL1500_-300x300.jpg 300w, https:\/\/pong-bot.de\/wp-content\/uploads\/2025\/09\/71JNhBbqN5L._AC_SL1500_-1024x1024.jpg 1024w, https:\/\/pong-bot.de\/wp-content\/uploads\/2025\/09\/71JNhBbqN5L._AC_SL1500_-150x150.jpg 150w, https:\/\/pong-bot.de\/wp-content\/uploads\/2025\/09\/71JNhBbqN5L._AC_SL1500_-768x768.jpg 768w, https:\/\/pong-bot.de\/wp-content\/uploads\/2025\/09\/71JNhBbqN5L._AC_SL1500_-600x600.jpg 600w, https:\/\/pong-bot.de\/wp-content\/uploads\/2025\/09\/71JNhBbqN5L._AC_SL1500_-100x100.jpg 100w\" sizes=\"auto, (max-width: 1500px) 100vw, 1500px\" \/><\/a>\n\t\t\t<\/div><\/figure><figure class='gallery-item'>\n\t\t\t<div class='gallery-icon landscape'>\n\t\t\t\t<a href='https:\/\/pong-bot.de\/fr\/omni-s-pro\/omni-pro-2-2\/'><img loading=\"lazy\" decoding=\"async\" width=\"646\" height=\"455\" src=\"https:\/\/pong-bot.de\/wp-content\/uploads\/2025\/09\/OMNI-Pro.png\" class=\"attachment-full size-full\" alt=\"\" srcset=\"https:\/\/pong-bot.de\/wp-content\/uploads\/2025\/09\/OMNI-Pro.png 646w, https:\/\/pong-bot.de\/wp-content\/uploads\/2025\/09\/OMNI-Pro-300x211.png 300w, https:\/\/pong-bot.de\/wp-content\/uploads\/2025\/09\/OMNI-Pro-600x423.png 600w\" sizes=\"auto, (max-width: 646px) 100vw, 646px\" \/><\/a>\n\t\t\t<\/div><\/figure><figure class='gallery-item'>\n\t\t\t<div class='gallery-icon landscape'>\n\t\t\t\t<a href='https:\/\/pong-bot.de\/fr\/?attachment_id=2788'><img loading=\"lazy\" decoding=\"async\" width=\"1500\" height=\"1500\" src=\"https:\/\/pong-bot.de\/wp-content\/uploads\/2025\/09\/71Id-vZB-TL._AC_SL1500_.jpg\" class=\"attachment-full size-full\" alt=\"\" srcset=\"https:\/\/pong-bot.de\/wp-content\/uploads\/2025\/09\/71Id-vZB-TL._AC_SL1500_.jpg 1500w, https:\/\/pong-bot.de\/wp-content\/uploads\/2025\/09\/71Id-vZB-TL._AC_SL1500_-300x300.jpg 300w, https:\/\/pong-bot.de\/wp-content\/uploads\/2025\/09\/71Id-vZB-TL._AC_SL1500_-1024x1024.jpg 1024w, https:\/\/pong-bot.de\/wp-content\/uploads\/2025\/09\/71Id-vZB-TL._AC_SL1500_-150x150.jpg 150w, https:\/\/pong-bot.de\/wp-content\/uploads\/2025\/09\/71Id-vZB-TL._AC_SL1500_-768x768.jpg 768w, https:\/\/pong-bot.de\/wp-content\/uploads\/2025\/09\/71Id-vZB-TL._AC_SL1500_-600x600.jpg 600w, https:\/\/pong-bot.de\/wp-content\/uploads\/2025\/09\/71Id-vZB-TL._AC_SL1500_-100x100.jpg 100w\" sizes=\"auto, (max-width: 1500px) 100vw, 1500px\" \/><\/a>\n\t\t\t<\/div><\/figure><figure class='gallery-item'>\n\t\t\t<div class='gallery-icon landscape'>\n\t\t\t\t<a href='https:\/\/pong-bot.de\/fr\/?attachment_id=2792'><img loading=\"lazy\" decoding=\"async\" width=\"2560\" height=\"1584\" src=\"https:\/\/pong-bot.de\/wp-content\/uploads\/2025\/09\/OMNI-S-Pro-parameter-information-scaled.jpg\" class=\"attachment-full size-full\" alt=\"\" srcset=\"https:\/\/pong-bot.de\/wp-content\/uploads\/2025\/09\/OMNI-S-Pro-parameter-information-scaled.jpg 2560w, https:\/\/pong-bot.de\/wp-content\/uploads\/2025\/09\/OMNI-S-Pro-parameter-information-300x186.jpg 300w, https:\/\/pong-bot.de\/wp-content\/uploads\/2025\/09\/OMNI-S-Pro-parameter-information-1024x633.jpg 1024w, https:\/\/pong-bot.de\/wp-content\/uploads\/2025\/09\/OMNI-S-Pro-parameter-information-768x475.jpg 768w, https:\/\/pong-bot.de\/wp-content\/uploads\/2025\/09\/OMNI-S-Pro-parameter-information-1536x950.jpg 1536w, https:\/\/pong-bot.de\/wp-content\/uploads\/2025\/09\/OMNI-S-Pro-parameter-information-2048x1267.jpg 2048w, https:\/\/pong-bot.de\/wp-content\/uploads\/2025\/09\/OMNI-S-Pro-parameter-information-600x371.jpg 600w\" sizes=\"auto, (max-width: 2560px) 100vw, 2560px\" \/><\/a>\n\t\t\t<\/div><\/figure><figure class='gallery-item'>\n\t\t\t<div class='gallery-icon portrait'>\n\t\t\t\t<a href='https:\/\/pong-bot.de\/fr\/?attachment_id=2793'><img loading=\"lazy\" decoding=\"async\" width=\"1707\" height=\"2560\" src=\"https:\/\/pong-bot.de\/wp-content\/uploads\/2025\/09\/OMNI-S-Pro-scaled.jpg\" class=\"attachment-full size-full\" alt=\"\" srcset=\"https:\/\/pong-bot.de\/wp-content\/uploads\/2025\/09\/OMNI-S-Pro-scaled.jpg 1707w, https:\/\/pong-bot.de\/wp-content\/uploads\/2025\/09\/OMNI-S-Pro-200x300.jpg 200w, https:\/\/pong-bot.de\/wp-content\/uploads\/2025\/09\/OMNI-S-Pro-683x1024.jpg 683w, https:\/\/pong-bot.de\/wp-content\/uploads\/2025\/09\/OMNI-S-Pro-768x1152.jpg 768w, https:\/\/pong-bot.de\/wp-content\/uploads\/2025\/09\/OMNI-S-Pro-1024x1536.jpg 1024w, https:\/\/pong-bot.de\/wp-content\/uploads\/2025\/09\/OMNI-S-Pro-1366x2048.jpg 1366w, https:\/\/pong-bot.de\/wp-content\/uploads\/2025\/09\/OMNI-S-Pro-600x900.jpg 600w\" sizes=\"auto, (max-width: 1707px) 100vw, 1707px\" \/><\/a>\n\t\t\t<\/div><\/figure><figure class='gallery-item'>\n\t\t\t<div class='gallery-icon landscape'>\n\t\t\t\t<a href='https:\/\/pong-bot.de\/fr\/?attachment_id=2791'><img loading=\"lazy\" decoding=\"async\" width=\"2560\" height=\"1707\" src=\"https:\/\/pong-bot.de\/wp-content\/uploads\/2025\/09\/IA4A9550-scaled.jpg\" class=\"attachment-full size-full\" alt=\"\" srcset=\"https:\/\/pong-bot.de\/wp-content\/uploads\/2025\/09\/IA4A9550-scaled.jpg 2560w, https:\/\/pong-bot.de\/wp-content\/uploads\/2025\/09\/IA4A9550-300x200.jpg 300w, https:\/\/pong-bot.de\/wp-content\/uploads\/2025\/09\/IA4A9550-1024x683.jpg 1024w, https:\/\/pong-bot.de\/wp-content\/uploads\/2025\/09\/IA4A9550-768x512.jpg 768w, https:\/\/pong-bot.de\/wp-content\/uploads\/2025\/09\/IA4A9550-1536x1024.jpg 1536w, https:\/\/pong-bot.de\/wp-content\/uploads\/2025\/09\/IA4A9550-2048x1365.jpg 2048w, https:\/\/pong-bot.de\/wp-content\/uploads\/2025\/09\/IA4A9550-600x400.jpg 600w\" sizes=\"auto, (max-width: 2560px) 100vw, 2560px\" \/><\/a>\n\t\t\t<\/div><\/figure><figure class='gallery-item'>\n\t\t\t<div class='gallery-icon landscape'>\n\t\t\t\t<a href='https:\/\/pong-bot.de\/fr\/?attachment_id=2790'><img loading=\"lazy\" decoding=\"async\" width=\"1500\" height=\"1500\" src=\"https:\/\/pong-bot.de\/wp-content\/uploads\/2025\/09\/7120zr9pZlL._AC_SL1500_.jpg\" class=\"attachment-full size-full\" alt=\"\" srcset=\"https:\/\/pong-bot.de\/wp-content\/uploads\/2025\/09\/7120zr9pZlL._AC_SL1500_.jpg 1500w, https:\/\/pong-bot.de\/wp-content\/uploads\/2025\/09\/7120zr9pZlL._AC_SL1500_-300x300.jpg 300w, https:\/\/pong-bot.de\/wp-content\/uploads\/2025\/09\/7120zr9pZlL._AC_SL1500_-1024x1024.jpg 1024w, https:\/\/pong-bot.de\/wp-content\/uploads\/2025\/09\/7120zr9pZlL._AC_SL1500_-150x150.jpg 150w, https:\/\/pong-bot.de\/wp-content\/uploads\/2025\/09\/7120zr9pZlL._AC_SL1500_-768x768.jpg 768w, https:\/\/pong-bot.de\/wp-content\/uploads\/2025\/09\/7120zr9pZlL._AC_SL1500_-600x600.jpg 600w, https:\/\/pong-bot.de\/wp-content\/uploads\/2025\/09\/7120zr9pZlL._AC_SL1500_-100x100.jpg 100w\" sizes=\"auto, (max-width: 1500px) 100vw, 1500px\" \/><\/a>\n\t\t\t<\/div><\/figure>\n\t\t<\/div>\n\n","protected":false},"excerpt":{"rendered":"<p><span class=\"a-list-item\">Robot de tennis de table \u00ab\u00a0OMNI S Pro\u00a0\u00bb avec t\u00e9l\u00e9commande \u00ab\u00a0E Pad S\u00a0\u00bb et application \u00ab\u00a0Pongbot\u00a0\u00bb pour un double contr\u00f4le et une polyvalence maximale<\/span><\/p>\n","protected":false},"featured_media":2795,"comment_status":"open","ping_status":"closed","template":"","meta":[],"product_brand":[],"product_cat":[74,71],"product_tag":[85,86],"class_list":{"0":"post-2785","1":"product","2":"type-product","3":"status-publish","4":"has-post-thumbnail","6":"product_cat-modeles-avances-professionnels-pour-les-joueurs-de-club-les-entraineurs","7":"product_cat-non-classe","8":"product_tag-omni-s-pro","9":"product_tag-robot-de-tennis-de-table","11":"first","12":"instock","13":"sale","14":"featured","15":"taxable","16":"shipping-taxable","17":"purchasable","18":"product-type-simple"},"jetpack_sharing_enabled":true,"_links":{"self":[{"href":"https:\/\/pong-bot.de\/fr\/wp-json\/wp\/v2\/product\/2785","targetHints":{"allow":["GET"]}}],"collection":[{"href":"https:\/\/pong-bot.de\/fr\/wp-json\/wp\/v2\/product"}],"about":[{"href":"https:\/\/pong-bot.de\/fr\/wp-json\/wp\/v2\/types\/product"}],"replies":[{"embeddable":true,"href":"https:\/\/pong-bot.de\/fr\/wp-json\/wp\/v2\/comments?post=2785"}],"wp:featuredmedia":[{"embeddable":true,"href":"https:\/\/pong-bot.de\/fr\/wp-json\/wp\/v2\/media\/2795"}],"wp:attachment":[{"href":"https:\/\/pong-bot.de\/fr\/wp-json\/wp\/v2\/media?parent=2785"}],"wp:term":[{"taxonomy":"product_brand","embeddable":true,"href":"https:\/\/pong-bot.de\/fr\/wp-json\/wp\/v2\/product_brand?post=2785"},{"taxonomy":"product_cat","embeddable":true,"href":"https:\/\/pong-bot.de\/fr\/wp-json\/wp\/v2\/product_cat?post=2785"},{"taxonomy":"product_tag","embeddable":true,"href":"https:\/\/pong-bot.de\/fr\/wp-json\/wp\/v2\/product_tag?post=2785"}],"curies":[{"name":"wp","href":"https:\/\/api.w.org\/{rel}","templated":true}]}}