{"id":2822,"date":"2025-08-29T22:56:47","date_gmt":"2025-08-29T22:56:47","guid":{"rendered":"https:\/\/pong-bot.de\/produkt\/nova-s-pro-set-avec-sac-de-transport-de-luxe\/"},"modified":"2025-08-29T22:56:47","modified_gmt":"2025-08-29T21:56:47","slug":"nova-s-pro-set-avec-sac-de-transport-de-luxe","status":"publish","type":"product","link":"https:\/\/pong-bot.de\/fr\/produkt\/nova-s-pro-set-avec-sac-de-transport-de-luxe\/","title":{"rendered":"Nova S Pro SET (avec sac de transport de luxe)"},"content":{"rendered":"<h4><strong>Robot lanceur de balles de tennis de table portable<\/strong><\/h4>\n<p>Abordable et portable, id\u00e9al pour les d\u00e9butants, avec 264 exercices pr\u00e9programm\u00e9s. Adaptez facilement les exercices \u00e0 votre niveau et \u00e0 votre style de jeu gr\u00e2ce \u00e0 lapplication intuitive et au contr\u00f4leur N-Control-S.<\/p>\n<h4>Garantie<\/h4>\n<p>Robot (unit\u00e9 principale) : 1 an de garantie<br \/>\nComposants essentiels (moteur de rotation lat\u00e9rale, moteurs de rotation gauche et droite, moteur dinclinaison, moteur de compression de balle, moteur dalimentation en balles \u2013 sans engrenage) : 3 ans de garantie<br \/>\nPi\u00e8ces dusure (roue de compression de balle) : 1 an de garantie<br \/>\nAccessoires (adaptateur, filet de r\u00e9cup\u00e9ration de balles, N-Control, E-PAD avec batterie au lithium, c\u00e2ble de charge Type-C, clip de filet) : 1 an de garantie<\/p>\n<h4 data-start=\"90\" data-end=\"149\"><strong data-start=\"90\" data-end=\"147\">Informations sur lexp\u00e9dition<\/strong><\/h4>\n<ul data-start=\"151\" data-end=\"385\">\n<li data-start=\"151\" data-end=\"209\"><strong data-start=\"153\" data-end=\"180\">Exp\u00e9dition depuis l\u2019Allemagne<\/strong> vers l\u2019UE et la CH \u2013 rapide, fiable et <strong data-start=\"215\" data-end=\"228\">gratuite<\/strong>.<\/li>\n<li data-start=\"210\" data-end=\"246\"><strong data-start=\"212\" data-end=\"243\">Disponible \u00e0 partir de septembre 2025<\/strong>.<\/li>\n<li data-start=\"317\" data-end=\"385\"><strong data-start=\"319\" data-end=\"341\">\u00c0 partir du 01.10.2025 :<\/strong> d\u00e9lai de livraison r\u00e9duit \u00e0 seulement <strong data-start=\"371\" data-end=\"382\">1 semaine<\/strong>.<\/li>\n<\/ul>\n<p>Nous exp\u00e9dions votre commande directement depuis notre entrep\u00f4t allemand \u2013 sans frais de douane ou dimportation suppl\u00e9mentaires.<\/p>\n<div id='gallery-1' class='gallery galleryid-2822 gallery-columns-1 gallery-size-full'><figure class='gallery-item'>\n\t\t\t<div class='gallery-icon landscape'>\n\t\t\t\t<a href='https:\/\/pong-bot.de\/fr\/?attachment_id=2835'><img loading=\"lazy\" decoding=\"async\" width=\"2560\" height=\"1707\" src=\"https:\/\/pong-bot.de\/wp-content\/uploads\/2025\/08\/IA4A0634-scaled.jpg\" class=\"attachment-full size-full\" alt=\"\" srcset=\"https:\/\/pong-bot.de\/wp-content\/uploads\/2025\/08\/IA4A0634-scaled.jpg 2560w, https:\/\/pong-bot.de\/wp-content\/uploads\/2025\/08\/IA4A0634-300x200.jpg 300w, https:\/\/pong-bot.de\/wp-content\/uploads\/2025\/08\/IA4A0634-1024x683.jpg 1024w, https:\/\/pong-bot.de\/wp-content\/uploads\/2025\/08\/IA4A0634-768x512.jpg 768w, https:\/\/pong-bot.de\/wp-content\/uploads\/2025\/08\/IA4A0634-1536x1024.jpg 1536w, https:\/\/pong-bot.de\/wp-content\/uploads\/2025\/08\/IA4A0634-2048x1365.jpg 2048w, https:\/\/pong-bot.de\/wp-content\/uploads\/2025\/08\/IA4A0634-600x400.jpg 600w\" sizes=\"auto, (max-width: 2560px) 100vw, 2560px\" \/><\/a>\n\t\t\t<\/div><\/figure><figure class='gallery-item'>\n\t\t\t<div class='gallery-icon landscape'>\n\t\t\t\t<a href='https:\/\/pong-bot.de\/fr\/?attachment_id=2836'><img loading=\"lazy\" decoding=\"async\" width=\"1940\" height=\"1200\" src=\"https:\/\/pong-bot.de\/wp-content\/uploads\/2025\/08\/NOVA-S-Pro-parameter-information.jpg\" class=\"attachment-full size-full\" alt=\"\" srcset=\"https:\/\/pong-bot.de\/wp-content\/uploads\/2025\/08\/NOVA-S-Pro-parameter-information.jpg 1940w, https:\/\/pong-bot.de\/wp-content\/uploads\/2025\/08\/NOVA-S-Pro-parameter-information-300x186.jpg 300w, https:\/\/pong-bot.de\/wp-content\/uploads\/2025\/08\/NOVA-S-Pro-parameter-information-1024x633.jpg 1024w, https:\/\/pong-bot.de\/wp-content\/uploads\/2025\/08\/NOVA-S-Pro-parameter-information-768x475.jpg 768w, https:\/\/pong-bot.de\/wp-content\/uploads\/2025\/08\/NOVA-S-Pro-parameter-information-1536x950.jpg 1536w, https:\/\/pong-bot.de\/wp-content\/uploads\/2025\/08\/NOVA-S-Pro-parameter-information-600x371.jpg 600w\" sizes=\"auto, (max-width: 1940px) 100vw, 1940px\" \/><\/a>\n\t\t\t<\/div><\/figure><figure class='gallery-item'>\n\t\t\t<div class='gallery-icon landscape'>\n\t\t\t\t<a href='https:\/\/pong-bot.de\/fr\/?attachment_id=2824'><img loading=\"lazy\" decoding=\"async\" width=\"1800\" height=\"1800\" src=\"https:\/\/pong-bot.de\/wp-content\/uploads\/2025\/08\/NovaSPro-1.jpg\" class=\"attachment-full size-full\" alt=\"\" srcset=\"https:\/\/pong-bot.de\/wp-content\/uploads\/2025\/08\/NovaSPro-1.jpg 1800w, https:\/\/pong-bot.de\/wp-content\/uploads\/2025\/08\/NovaSPro-1-300x300.jpg 300w, https:\/\/pong-bot.de\/wp-content\/uploads\/2025\/08\/NovaSPro-1-1024x1024.jpg 1024w, https:\/\/pong-bot.de\/wp-content\/uploads\/2025\/08\/NovaSPro-1-150x150.jpg 150w, https:\/\/pong-bot.de\/wp-content\/uploads\/2025\/08\/NovaSPro-1-768x768.jpg 768w, https:\/\/pong-bot.de\/wp-content\/uploads\/2025\/08\/NovaSPro-1-1536x1536.jpg 1536w\" sizes=\"auto, (max-width: 1800px) 100vw, 1800px\" \/><\/a>\n\t\t\t<\/div><\/figure><figure class='gallery-item'>\n\t\t\t<div class='gallery-icon portrait'>\n\t\t\t\t<a href='https:\/\/pong-bot.de\/fr\/?attachment_id=2834'><img loading=\"lazy\" decoding=\"async\" width=\"1397\" height=\"1500\" src=\"https:\/\/pong-bot.de\/wp-content\/uploads\/2025\/08\/81y5MIxhjXL._AC_SL1500_.jpg\" class=\"attachment-full size-full\" alt=\"\" srcset=\"https:\/\/pong-bot.de\/wp-content\/uploads\/2025\/08\/81y5MIxhjXL._AC_SL1500_.jpg 1397w, https:\/\/pong-bot.de\/wp-content\/uploads\/2025\/08\/81y5MIxhjXL._AC_SL1500_-279x300.jpg 279w, https:\/\/pong-bot.de\/wp-content\/uploads\/2025\/08\/81y5MIxhjXL._AC_SL1500_-954x1024.jpg 954w, https:\/\/pong-bot.de\/wp-content\/uploads\/2025\/08\/81y5MIxhjXL._AC_SL1500_-768x825.jpg 768w, https:\/\/pong-bot.de\/wp-content\/uploads\/2025\/08\/81y5MIxhjXL._AC_SL1500_-600x644.jpg 600w\" sizes=\"auto, (max-width: 1397px) 100vw, 1397px\" \/><\/a>\n\t\t\t<\/div><\/figure><figure class='gallery-item'>\n\t\t\t<div class='gallery-icon landscape'>\n\t\t\t\t<a href='https:\/\/pong-bot.de\/fr\/?attachment_id=2833'><img loading=\"lazy\" decoding=\"async\" width=\"1500\" height=\"1338\" src=\"https:\/\/pong-bot.de\/wp-content\/uploads\/2025\/08\/61rrv8ScNTL._AC_SL1500_.jpg\" class=\"attachment-full size-full\" alt=\"\" srcset=\"https:\/\/pong-bot.de\/wp-content\/uploads\/2025\/08\/61rrv8ScNTL._AC_SL1500_.jpg 1500w, https:\/\/pong-bot.de\/wp-content\/uploads\/2025\/08\/61rrv8ScNTL._AC_SL1500_-300x268.jpg 300w, https:\/\/pong-bot.de\/wp-content\/uploads\/2025\/08\/61rrv8ScNTL._AC_SL1500_-1024x913.jpg 1024w, https:\/\/pong-bot.de\/wp-content\/uploads\/2025\/08\/61rrv8ScNTL._AC_SL1500_-768x685.jpg 768w, https:\/\/pong-bot.de\/wp-content\/uploads\/2025\/08\/61rrv8ScNTL._AC_SL1500_-600x535.jpg 600w\" sizes=\"auto, (max-width: 1500px) 100vw, 1500px\" \/><\/a>\n\t\t\t<\/div><\/figure><figure class='gallery-item'>\n\t\t\t<div class='gallery-icon landscape'>\n\t\t\t\t<a href='https:\/\/pong-bot.de\/fr\/?attachment_id=2828'><img loading=\"lazy\" decoding=\"async\" width=\"1800\" height=\"1800\" src=\"https:\/\/pong-bot.de\/wp-content\/uploads\/2025\/08\/NovaSPro-5.jpg\" class=\"attachment-full size-full\" alt=\"\" srcset=\"https:\/\/pong-bot.de\/wp-content\/uploads\/2025\/08\/NovaSPro-5.jpg 1800w, https:\/\/pong-bot.de\/wp-content\/uploads\/2025\/08\/NovaSPro-5-300x300.jpg 300w, https:\/\/pong-bot.de\/wp-content\/uploads\/2025\/08\/NovaSPro-5-1024x1024.jpg 1024w, https:\/\/pong-bot.de\/wp-content\/uploads\/2025\/08\/NovaSPro-5-150x150.jpg 150w, https:\/\/pong-bot.de\/wp-content\/uploads\/2025\/08\/NovaSPro-5-768x768.jpg 768w, https:\/\/pong-bot.de\/wp-content\/uploads\/2025\/08\/NovaSPro-5-1536x1536.jpg 1536w, https:\/\/pong-bot.de\/wp-content\/uploads\/2025\/08\/NovaSPro-5-600x600.jpg 600w, https:\/\/pong-bot.de\/wp-content\/uploads\/2025\/08\/NovaSPro-5-100x100.jpg 100w\" sizes=\"auto, (max-width: 1800px) 100vw, 1800px\" \/><\/a>\n\t\t\t<\/div><\/figure><figure class='gallery-item'>\n\t\t\t<div class='gallery-icon landscape'>\n\t\t\t\t<a href='https:\/\/pong-bot.de\/fr\/?attachment_id=2829'><img loading=\"lazy\" decoding=\"async\" width=\"1800\" height=\"1800\" src=\"https:\/\/pong-bot.de\/wp-content\/uploads\/2025\/08\/NovaSPro-6.jpg\" class=\"attachment-full size-full\" alt=\"\" srcset=\"https:\/\/pong-bot.de\/wp-content\/uploads\/2025\/08\/NovaSPro-6.jpg 1800w, https:\/\/pong-bot.de\/wp-content\/uploads\/2025\/08\/NovaSPro-6-300x300.jpg 300w, https:\/\/pong-bot.de\/wp-content\/uploads\/2025\/08\/NovaSPro-6-1024x1024.jpg 1024w, https:\/\/pong-bot.de\/wp-content\/uploads\/2025\/08\/NovaSPro-6-150x150.jpg 150w, https:\/\/pong-bot.de\/wp-content\/uploads\/2025\/08\/NovaSPro-6-768x768.jpg 768w\" sizes=\"auto, (max-width: 1800px) 100vw, 1800px\" \/><\/a>\n\t\t\t<\/div><\/figure><figure class='gallery-item'>\n\t\t\t<div class='gallery-icon landscape'>\n\t\t\t\t<a href='https:\/\/pong-bot.de\/fr\/?attachment_id=2825'><img loading=\"lazy\" decoding=\"async\" width=\"1800\" height=\"1800\" src=\"https:\/\/pong-bot.de\/wp-content\/uploads\/2025\/08\/NovaSPro-2.jpg\" class=\"attachment-full size-full\" alt=\"\" srcset=\"https:\/\/pong-bot.de\/wp-content\/uploads\/2025\/08\/NovaSPro-2.jpg 1800w, https:\/\/pong-bot.de\/wp-content\/uploads\/2025\/08\/NovaSPro-2-300x300.jpg 300w, https:\/\/pong-bot.de\/wp-content\/uploads\/2025\/08\/NovaSPro-2-1024x1024.jpg 1024w, https:\/\/pong-bot.de\/wp-content\/uploads\/2025\/08\/NovaSPro-2-150x150.jpg 150w, https:\/\/pong-bot.de\/wp-content\/uploads\/2025\/08\/NovaSPro-2-768x768.jpg 768w, https:\/\/pong-bot.de\/wp-content\/uploads\/2025\/08\/NovaSPro-2-1536x1536.jpg 1536w, https:\/\/pong-bot.de\/wp-content\/uploads\/2025\/08\/NovaSPro-2-600x600.jpg 600w, https:\/\/pong-bot.de\/wp-content\/uploads\/2025\/08\/NovaSPro-2-100x100.jpg 100w\" sizes=\"auto, (max-width: 1800px) 100vw, 1800px\" \/><\/a>\n\t\t\t<\/div><\/figure><figure class='gallery-item'>\n\t\t\t<div class='gallery-icon landscape'>\n\t\t\t\t<a href='https:\/\/pong-bot.de\/fr\/?attachment_id=2827'><img loading=\"lazy\" decoding=\"async\" width=\"1800\" height=\"1800\" src=\"https:\/\/pong-bot.de\/wp-content\/uploads\/2025\/08\/NovaSPro-4.jpg\" class=\"attachment-full size-full\" alt=\"\" srcset=\"https:\/\/pong-bot.de\/wp-content\/uploads\/2025\/08\/NovaSPro-4.jpg 1800w, https:\/\/pong-bot.de\/wp-content\/uploads\/2025\/08\/NovaSPro-4-300x300.jpg 300w, https:\/\/pong-bot.de\/wp-content\/uploads\/2025\/08\/NovaSPro-4-1024x1024.jpg 1024w, https:\/\/pong-bot.de\/wp-content\/uploads\/2025\/08\/NovaSPro-4-150x150.jpg 150w, https:\/\/pong-bot.de\/wp-content\/uploads\/2025\/08\/NovaSPro-4-768x768.jpg 768w, https:\/\/pong-bot.de\/wp-content\/uploads\/2025\/08\/NovaSPro-4-1536x1536.jpg 1536w, https:\/\/pong-bot.de\/wp-content\/uploads\/2025\/08\/NovaSPro-4-600x600.jpg 600w, https:\/\/pong-bot.de\/wp-content\/uploads\/2025\/08\/NovaSPro-4-100x100.jpg 100w\" sizes=\"auto, (max-width: 1800px) 100vw, 1800px\" \/><\/a>\n\t\t\t<\/div><\/figure><figure class='gallery-item'>\n\t\t\t<div class='gallery-icon landscape'>\n\t\t\t\t<a href='https:\/\/pong-bot.de\/fr\/?attachment_id=2826'><img loading=\"lazy\" decoding=\"async\" width=\"1800\" height=\"1800\" src=\"https:\/\/pong-bot.de\/wp-content\/uploads\/2025\/08\/NovaSPro-3.jpg\" class=\"attachment-full size-full\" alt=\"\" srcset=\"https:\/\/pong-bot.de\/wp-content\/uploads\/2025\/08\/NovaSPro-3.jpg 1800w, https:\/\/pong-bot.de\/wp-content\/uploads\/2025\/08\/NovaSPro-3-300x300.jpg 300w, https:\/\/pong-bot.de\/wp-content\/uploads\/2025\/08\/NovaSPro-3-1024x1024.jpg 1024w, https:\/\/pong-bot.de\/wp-content\/uploads\/2025\/08\/NovaSPro-3-150x150.jpg 150w, https:\/\/pong-bot.de\/wp-content\/uploads\/2025\/08\/NovaSPro-3-768x768.jpg 768w, https:\/\/pong-bot.de\/wp-content\/uploads\/2025\/08\/NovaSPro-3-1536x1536.jpg 1536w, https:\/\/pong-bot.de\/wp-content\/uploads\/2025\/08\/NovaSPro-3-600x600.jpg 600w, https:\/\/pong-bot.de\/wp-content\/uploads\/2025\/08\/NovaSPro-3-100x100.jpg 100w\" sizes=\"auto, (max-width: 1800px) 100vw, 1800px\" \/><\/a>\n\t\t\t<\/div><\/figure><figure class='gallery-item'>\n\t\t\t<div class='gallery-icon landscape'>\n\t\t\t\t<a href='https:\/\/pong-bot.de\/fr\/?attachment_id=2830'><img loading=\"lazy\" decoding=\"async\" width=\"1800\" height=\"1800\" src=\"https:\/\/pong-bot.de\/wp-content\/uploads\/2025\/08\/NovaSPro-7.jpg\" class=\"attachment-full size-full\" alt=\"\" srcset=\"https:\/\/pong-bot.de\/wp-content\/uploads\/2025\/08\/NovaSPro-7.jpg 1800w, https:\/\/pong-bot.de\/wp-content\/uploads\/2025\/08\/NovaSPro-7-300x300.jpg 300w, https:\/\/pong-bot.de\/wp-content\/uploads\/2025\/08\/NovaSPro-7-1024x1024.jpg 1024w, https:\/\/pong-bot.de\/wp-content\/uploads\/2025\/08\/NovaSPro-7-150x150.jpg 150w, https:\/\/pong-bot.de\/wp-content\/uploads\/2025\/08\/NovaSPro-7-768x768.jpg 768w, https:\/\/pong-bot.de\/wp-content\/uploads\/2025\/08\/NovaSPro-7-1536x1536.jpg 1536w, https:\/\/pong-bot.de\/wp-content\/uploads\/2025\/08\/NovaSPro-7-600x600.jpg 600w, https:\/\/pong-bot.de\/wp-content\/uploads\/2025\/08\/NovaSPro-7-100x100.jpg 100w\" sizes=\"auto, (max-width: 1800px) 100vw, 1800px\" \/><\/a>\n\t\t\t<\/div><\/figure><figure class='gallery-item'>\n\t\t\t<div class='gallery-icon landscape'>\n\t\t\t\t<a href='https:\/\/pong-bot.de\/fr\/?attachment_id=2837'><img loading=\"lazy\" decoding=\"async\" width=\"1920\" height=\"1349\" src=\"https:\/\/pong-bot.de\/wp-content\/uploads\/2025\/08\/NOVA\u7ed1\u5e26\u76f8\u5173Render.468.png\" class=\"attachment-full size-full\" alt=\"\" srcset=\"https:\/\/pong-bot.de\/wp-content\/uploads\/2025\/08\/NOVA\u7ed1\u5e26\u76f8\u5173Render.468.png 1920w, https:\/\/pong-bot.de\/wp-content\/uploads\/2025\/08\/NOVA\u7ed1\u5e26\u76f8\u5173Render.468-300x211.png 300w, https:\/\/pong-bot.de\/wp-content\/uploads\/2025\/08\/NOVA\u7ed1\u5e26\u76f8\u5173Render.468-1024x719.png 1024w, https:\/\/pong-bot.de\/wp-content\/uploads\/2025\/08\/NOVA\u7ed1\u5e26\u76f8\u5173Render.468-768x540.png 768w, https:\/\/pong-bot.de\/wp-content\/uploads\/2025\/08\/NOVA\u7ed1\u5e26\u76f8\u5173Render.468-1536x1079.png 1536w, https:\/\/pong-bot.de\/wp-content\/uploads\/2025\/08\/NOVA\u7ed1\u5e26\u76f8\u5173Render.468-600x422.png 600w\" sizes=\"auto, (max-width: 1920px) 100vw, 1920px\" \/><\/a>\n\t\t\t<\/div><\/figure>\n\t\t<\/div>\n\n","protected":false},"excerpt":{"rendered":"<p>Robot lanceur de balles de tennis de table portable. Nous exp\u00e9dions votre commande directement depuis notre entrep\u00f4t allemand \u2013 sans frais de douane ou dimportation suppl\u00e9mentaires. <\/p>\n","protected":false},"featured_media":2624,"comment_status":"open","ping_status":"closed","template":"","meta":[],"product_brand":[],"product_cat":[91,90,71],"product_tag":[92],"class_list":{"0":"post-2822","1":"product","2":"type-product","3":"status-publish","4":"has-post-thumbnail","6":"product_cat-accessoires-filets-de-recuperation-balles-pieces-de-rechange","7":"product_cat-modeles-dentree-de-gamme-pour-joueurs-amateurs","8":"product_cat-non-classe","9":"product_tag-robot-lanceur-de-balles-de-tennis-de-table-portable","11":"first","12":"outofstock","13":"sale","14":"taxable","15":"shipping-taxable","16":"purchasable","17":"product-type-simple"},"jetpack_sharing_enabled":true,"_links":{"self":[{"href":"https:\/\/pong-bot.de\/fr\/wp-json\/wp\/v2\/product\/2822","targetHints":{"allow":["GET"]}}],"collection":[{"href":"https:\/\/pong-bot.de\/fr\/wp-json\/wp\/v2\/product"}],"about":[{"href":"https:\/\/pong-bot.de\/fr\/wp-json\/wp\/v2\/types\/product"}],"replies":[{"embeddable":true,"href":"https:\/\/pong-bot.de\/fr\/wp-json\/wp\/v2\/comments?post=2822"}],"wp:featuredmedia":[{"embeddable":true,"href":"https:\/\/pong-bot.de\/fr\/wp-json\/wp\/v2\/media\/2624"}],"wp:attachment":[{"href":"https:\/\/pong-bot.de\/fr\/wp-json\/wp\/v2\/media?parent=2822"}],"wp:term":[{"taxonomy":"product_brand","embeddable":true,"href":"https:\/\/pong-bot.de\/fr\/wp-json\/wp\/v2\/product_brand?post=2822"},{"taxonomy":"product_cat","embeddable":true,"href":"https:\/\/pong-bot.de\/fr\/wp-json\/wp\/v2\/product_cat?post=2822"},{"taxonomy":"product_tag","embeddable":true,"href":"https:\/\/pong-bot.de\/fr\/wp-json\/wp\/v2\/product_tag?post=2822"}],"curies":[{"name":"wp","href":"https:\/\/api.w.org\/{rel}","templated":true}]}}