{"id":2855,"date":"2026-02-08T00:15:46","date_gmt":"2026-02-08T00:15:46","guid":{"rendered":"https:\/\/pong-bot.de\/produkt\/capteur-de-declenchement-de-service-tennis\/"},"modified":"2026-02-08T00:15:46","modified_gmt":"2026-02-07T23:15:46","slug":"capteur-de-declenchement-de-service-tennis","status":"publish","type":"product","link":"https:\/\/pong-bot.de\/fr\/produkt\/capteur-de-declenchement-de-service-tennis\/","title":{"rendered":"Capteur de d\u00e9clenchement de service tennis"},"content":{"rendered":"<h2 data-start=\"131\" data-end=\"167\">&#x1f3be; Capteur de d\u00e9clenchement de service Pongbot s\u00e9rie S<\/h2>\n<p><strong>Le capteur de d\u00e9clenchement de service Pongbot active automatiquement le Pace S Pro au contact de la balle. Gr\u00e2ce \u00e0 une d\u00e9tection pr\u00e9cise des vibrations, le robot lance les balles au moment parfait \u2013 pour un entra\u00eenement au service et au retour r\u00e9aliste comme en match. Facile \u00e0 monter, contr\u00f4lable via lapplication et rechargeable.  <\/strong><\/p>\n<div style=\"width: 800px;\" class=\"wp-video\"><video class=\"wp-video-shortcode\" id=\"video-2855-1\" width=\"800\" height=\"450\" preload=\"metadata\" controls=\"controls\"><source type=\"video\/mp4\" src=\"https:\/\/pong-bot.de\/wp-content\/uploads\/2026\/02\/Tennis-Serve-Trigger-Sensor-.mp4?_=1\" \/><a href=\"https:\/\/pong-bot.de\/wp-content\/uploads\/2026\/02\/Tennis-Serve-Trigger-Sensor-.mp4\">https:\/\/pong-bot.de\/wp-content\/uploads\/2026\/02\/Tennis-Serve-Trigger-Sensor-.mp4<\/a><\/video><\/div>\n<h2 data-start=\"131\" data-end=\"167\"><\/h2>\n<p data-start=\"168\" data-end=\"216\"><strong data-start=\"168\" data-end=\"216\">Entra\u00eenement au service r\u00e9aliste comme en match<\/strong><\/p>\n<p data-start=\"218\" data-end=\"461\">Le capteur de d\u00e9clenchement de service Pongbot active automatiquement votre Pace S Pro au contact de la balle. Gr\u00e2ce \u00e0 la d\u00e9tection pr\u00e9cise des vibrations de la raquette, le robot lance les balles exactement au bon moment \u2013 pour une sensation dentra\u00eenement particuli\u00e8rement r\u00e9aliste. <\/p>\n<p data-start=\"463\" data-end=\"600\">Id\u00e9al pour les joueurs qui souhaitent am\u00e9liorer sp\u00e9cifiquement leur <strong data-start=\"490\" data-end=\"516\">jeu service-retour<\/strong>, leur <strong data-start=\"523\" data-end=\"545\">capacit\u00e9 de r\u00e9action<\/strong> et leur <strong data-start=\"555\" data-end=\"572\">routine de match<\/strong>.<\/p>\n<h3 data-start=\"602\" data-end=\"638\">&#x2705; Vos avantages en un coup d\u0153il<\/h3>\n<ul data-start=\"639\" data-end=\"943\">\n<li data-start=\"639\" data-end=\"679\">\n<p data-start=\"641\" data-end=\"679\">D\u00e9clenchement automatique de la balle \u00e0 la frappe<\/p>\n<\/li>\n<li data-start=\"680\" data-end=\"719\">\n<p data-start=\"682\" data-end=\"719\">Timing r\u00e9aliste comme en comp\u00e9tition<\/p>\n<\/li>\n<li data-start=\"720\" data-end=\"785\">\n<p data-start=\"722\" data-end=\"785\">Am\u00e9liore la r\u00e9action et la r\u00e9cup\u00e9ration apr\u00e8s le service<\/p>\n<\/li>\n<li data-start=\"786\" data-end=\"815\">\n<p data-start=\"788\" data-end=\"815\">Optimise les s\u00e9quences tactiques<\/p>\n<\/li>\n<li data-start=\"816\" data-end=\"856\">\n<p data-start=\"818\" data-end=\"856\">Installation simple sur le manche de la raquette<\/p>\n<\/li>\n<li data-start=\"857\" data-end=\"905\">\n<p data-start=\"859\" data-end=\"905\">Contr\u00f4le et r\u00e9glages via lrsquo;application Pongbot<\/p>\n<\/li>\n<li data-start=\"906\" data-end=\"943\">\n<p data-start=\"908\" data-end=\"943\">Rechargeable (port de charge USB)<\/p>\n<\/li>\n<\/ul>\n<h3 data-start=\"945\" data-end=\"966\">&#x1f527; D\u00e9tails du produit<\/h3>\n<ul data-start=\"967\" data-end=\"1131\">\n<li data-start=\"967\" data-end=\"1015\">\n<p data-start=\"969\" data-end=\"1015\">Indicateur LED d\u00e9tat (connexion \/ batterie \/ erreur)<\/p>\n<\/li>\n<li data-start=\"1016\" data-end=\"1055\">\n<p data-start=\"1018\" data-end=\"1055\">Bouton central pour une utilisation rapide<\/p>\n<\/li>\n<li data-start=\"1056\" data-end=\"1095\">\n<p data-start=\"1058\" data-end=\"1095\">Housse en silicone pour une fixation s\u00e9curis\u00e9e<\/p>\n<\/li>\n<li data-start=\"1096\" data-end=\"1131\">\n<p data-start=\"1098\" data-end=\"1131\">Compatible avec Pongbot Pace S Pro<\/p>\n<\/li>\n<\/ul>\n<hr data-start=\"1133\" data-end=\"1136\">\n<p data-start=\"1138\" data-end=\"1196\">&#x1f4e6; Exp\u00e9dition depuis lAllemagne<br data-start=\"1164\" data-end=\"1167\">&#x1f69a; D\u00e9lai de livraison : 3 \u00e0 5 jours ouvr\u00e9s<\/p>\n","protected":false},"excerpt":{"rendered":"<p>&#x1f3be; Capteur de d\u00e9clenchement de service Pongbot s\u00e9rie S Le capteur de d\u00e9clenchement de service Pongbot active automatiquement le Pace S Pro au contact de la balle. Gr\u00e2ce \u00e0 une &#8230;<\/p>\n","protected":false},"featured_media":2856,"comment_status":"open","ping_status":"closed","template":"","meta":[],"product_brand":[],"product_cat":[96],"product_tag":[98,97],"class_list":{"0":"post-2855","1":"product","2":"type-product","3":"status-publish","4":"has-post-thumbnail","6":"product_cat-accessoires-p-ex-telecommande-balles","7":"product_tag-accessoires-pace-s-pro","8":"product_tag-capteur-de-declenchement-de-service-tennis","10":"first","11":"instock","12":"sale","13":"taxable","14":"shipping-taxable","15":"purchasable","16":"product-type-simple"},"jetpack_sharing_enabled":true,"_links":{"self":[{"href":"https:\/\/pong-bot.de\/fr\/wp-json\/wp\/v2\/product\/2855","targetHints":{"allow":["GET"]}}],"collection":[{"href":"https:\/\/pong-bot.de\/fr\/wp-json\/wp\/v2\/product"}],"about":[{"href":"https:\/\/pong-bot.de\/fr\/wp-json\/wp\/v2\/types\/product"}],"replies":[{"embeddable":true,"href":"https:\/\/pong-bot.de\/fr\/wp-json\/wp\/v2\/comments?post=2855"}],"wp:featuredmedia":[{"embeddable":true,"href":"https:\/\/pong-bot.de\/fr\/wp-json\/wp\/v2\/media\/2856"}],"wp:attachment":[{"href":"https:\/\/pong-bot.de\/fr\/wp-json\/wp\/v2\/media?parent=2855"}],"wp:term":[{"taxonomy":"product_brand","embeddable":true,"href":"https:\/\/pong-bot.de\/fr\/wp-json\/wp\/v2\/product_brand?post=2855"},{"taxonomy":"product_cat","embeddable":true,"href":"https:\/\/pong-bot.de\/fr\/wp-json\/wp\/v2\/product_cat?post=2855"},{"taxonomy":"product_tag","embeddable":true,"href":"https:\/\/pong-bot.de\/fr\/wp-json\/wp\/v2\/product_tag?post=2855"}],"curies":[{"name":"wp","href":"https:\/\/api.w.org\/{rel}","templated":true}]}}