{"id":2861,"date":"2025-09-25T19:11:07","date_gmt":"2025-09-25T19:11:07","guid":{"rendered":"https:\/\/pong-bot.de\/produkt\/pace-s-pro\/"},"modified":"2026-03-18T22:53:56","modified_gmt":"2026-03-18T21:53:56","slug":"pace-s-pro","status":"publish","type":"product","link":"https:\/\/pong-bot.de\/fr\/produkt\/pace-s-pro\/","title":{"rendered":"Pace S Pro"},"content":{"rendered":"<p><strong>Performances de niveau pro<\/strong><br \/>\nRessentez l\u2019intensit\u00e9 \u00e0 80 mph, 60 rps d\u2019effet et un changement d\u2019effet en 1,5 s<br \/>\n<strong>Coach assist\u00e9 par IA<\/strong><br \/>\nEntra\u00eenez-vous avec le tout premier syst\u00e8me de capture de mouvement au monde<br \/>\n<strong>Match Challenge NTRP 1.0\u20137.0<\/strong><br \/>\nTestez-vous \u00e0 tous les niveaux \u2013 du d\u00e9butant \u00e0 l\u2019\u00e9lite<br \/>\n<strong>Exercices personnalis\u00e9s illimit\u00e9s<\/strong><br \/>\nAcc\u00e9dez \u00e0 plus de 564 exercices pr\u00e9r\u00e9gl\u00e9s ou cr\u00e9ez les v\u00f4tres en quelques tapotements<br \/>\n<strong>Exp\u00e9rience fluide<\/strong><br \/>\nProfitez jusqu\u2019\u00e0 8 heures de jeu avec l\u2019application et la t\u00e9l\u00e9commande.<\/p>\n<p><strong>Garantie 1 an<\/strong><\/p>\n<p><strong>Livraison gratuite dans lUE et en Suisse depuis lAllemagne (d\u00e9lai de livraison : 1 semaine \u00e0 partir du 01\/10\/2025)<\/strong><\/p>\n<p><strong>Retours et \u00e9changes sans souci pendant 30 jours<\/strong><\/p>\n<p>&nbsp;<\/p>\n<div id='gallery-1' class='gallery galleryid-2861 gallery-columns-1 gallery-size-full'><figure class='gallery-item'>\n\t\t\t<div class='gallery-icon portrait'>\n\t\t\t\t<a href='https:\/\/pong-bot.de\/fr\/?attachment_id=2870'><img loading=\"lazy\" decoding=\"async\" width=\"1896\" height=\"2048\" src=\"https:\/\/pong-bot.de\/wp-content\/uploads\/2025\/09\/1-1-1896x2048-1.jpg\" class=\"attachment-full size-full\" alt=\"\" srcset=\"https:\/\/pong-bot.de\/wp-content\/uploads\/2025\/09\/1-1-1896x2048-1.jpg 1896w, https:\/\/pong-bot.de\/wp-content\/uploads\/2025\/09\/1-1-1896x2048-1-278x300.jpg 278w, https:\/\/pong-bot.de\/wp-content\/uploads\/2025\/09\/1-1-1896x2048-1-948x1024.jpg 948w, https:\/\/pong-bot.de\/wp-content\/uploads\/2025\/09\/1-1-1896x2048-1-768x830.jpg 768w, https:\/\/pong-bot.de\/wp-content\/uploads\/2025\/09\/1-1-1896x2048-1-1422x1536.jpg 1422w, https:\/\/pong-bot.de\/wp-content\/uploads\/2025\/09\/1-1-1896x2048-1-600x648.jpg 600w\" sizes=\"auto, (max-width: 1896px) 100vw, 1896px\" \/><\/a>\n\t\t\t<\/div><\/figure><figure class='gallery-item'>\n\t\t\t<div class='gallery-icon landscape'>\n\t\t\t\t<a href='https:\/\/pong-bot.de\/fr\/?attachment_id=2867'><img loading=\"lazy\" decoding=\"async\" width=\"1920\" height=\"1516\" src=\"https:\/\/pong-bot.de\/wp-content\/uploads\/2025\/09\/1530\u667a\u80fd\u7403\u53f0.320.png\" class=\"attachment-full size-full\" alt=\"\" srcset=\"https:\/\/pong-bot.de\/wp-content\/uploads\/2025\/09\/1530\u667a\u80fd\u7403\u53f0.320.png 1920w, https:\/\/pong-bot.de\/wp-content\/uploads\/2025\/09\/1530\u667a\u80fd\u7403\u53f0.320-300x237.png 300w, https:\/\/pong-bot.de\/wp-content\/uploads\/2025\/09\/1530\u667a\u80fd\u7403\u53f0.320-1024x809.png 1024w, https:\/\/pong-bot.de\/wp-content\/uploads\/2025\/09\/1530\u667a\u80fd\u7403\u53f0.320-768x606.png 768w, https:\/\/pong-bot.de\/wp-content\/uploads\/2025\/09\/1530\u667a\u80fd\u7403\u53f0.320-1536x1213.png 1536w, https:\/\/pong-bot.de\/wp-content\/uploads\/2025\/09\/1530\u667a\u80fd\u7403\u53f0.320-600x474.png 600w\" sizes=\"auto, (max-width: 1920px) 100vw, 1920px\" \/><\/a>\n\t\t\t<\/div><\/figure><figure class='gallery-item'>\n\t\t\t<div class='gallery-icon landscape'>\n\t\t\t\t<a href='https:\/\/pong-bot.de\/fr\/?attachment_id=2868'><img loading=\"lazy\" decoding=\"async\" width=\"1600\" height=\"1263\" src=\"https:\/\/pong-bot.de\/wp-content\/uploads\/2025\/09\/P-CONTROL-EC.781.png\" class=\"attachment-full size-full\" alt=\"\" srcset=\"https:\/\/pong-bot.de\/wp-content\/uploads\/2025\/09\/P-CONTROL-EC.781.png 1600w, https:\/\/pong-bot.de\/wp-content\/uploads\/2025\/09\/P-CONTROL-EC.781-300x237.png 300w, https:\/\/pong-bot.de\/wp-content\/uploads\/2025\/09\/P-CONTROL-EC.781-1024x808.png 1024w, https:\/\/pong-bot.de\/wp-content\/uploads\/2025\/09\/P-CONTROL-EC.781-768x606.png 768w, https:\/\/pong-bot.de\/wp-content\/uploads\/2025\/09\/P-CONTROL-EC.781-1536x1212.png 1536w, https:\/\/pong-bot.de\/wp-content\/uploads\/2025\/09\/P-CONTROL-EC.781-600x474.png 600w\" sizes=\"auto, (max-width: 1600px) 100vw, 1600px\" \/><\/a>\n\t\t\t<\/div><\/figure><figure class='gallery-item'>\n\t\t\t<div class='gallery-icon landscape'>\n\t\t\t\t<a href='https:\/\/pong-bot.de\/fr\/?attachment_id=2863'><img loading=\"lazy\" decoding=\"async\" width=\"768\" height=\"768\" src=\"https:\/\/pong-bot.de\/wp-content\/uploads\/2025\/09\/1-3-768x768-1.jpg\" class=\"attachment-full size-full\" alt=\"\" srcset=\"https:\/\/pong-bot.de\/wp-content\/uploads\/2025\/09\/1-3-768x768-1.jpg 768w, https:\/\/pong-bot.de\/wp-content\/uploads\/2025\/09\/1-3-768x768-1-300x300.jpg 300w, https:\/\/pong-bot.de\/wp-content\/uploads\/2025\/09\/1-3-768x768-1-150x150.jpg 150w, https:\/\/pong-bot.de\/wp-content\/uploads\/2025\/09\/1-3-768x768-1-600x600.jpg 600w, https:\/\/pong-bot.de\/wp-content\/uploads\/2025\/09\/1-3-768x768-1-100x100.jpg 100w\" sizes=\"auto, (max-width: 768px) 100vw, 768px\" \/><\/a>\n\t\t\t<\/div><\/figure><figure class='gallery-item'>\n\t\t\t<div class='gallery-icon landscape'>\n\t\t\t\t<a href='https:\/\/pong-bot.de\/fr\/?attachment_id=2865'><img loading=\"lazy\" decoding=\"async\" width=\"768\" height=\"768\" src=\"https:\/\/pong-bot.de\/wp-content\/uploads\/2025\/09\/3-3-768x768-1.jpg\" class=\"attachment-full size-full\" alt=\"\" srcset=\"https:\/\/pong-bot.de\/wp-content\/uploads\/2025\/09\/3-3-768x768-1.jpg 768w, https:\/\/pong-bot.de\/wp-content\/uploads\/2025\/09\/3-3-768x768-1-300x300.jpg 300w, https:\/\/pong-bot.de\/wp-content\/uploads\/2025\/09\/3-3-768x768-1-150x150.jpg 150w, https:\/\/pong-bot.de\/wp-content\/uploads\/2025\/09\/3-3-768x768-1-600x600.jpg 600w, https:\/\/pong-bot.de\/wp-content\/uploads\/2025\/09\/3-3-768x768-1-100x100.jpg 100w\" sizes=\"auto, (max-width: 768px) 100vw, 768px\" \/><\/a>\n\t\t\t<\/div><\/figure><figure class='gallery-item'>\n\t\t\t<div class='gallery-icon landscape'>\n\t\t\t\t<a href='https:\/\/pong-bot.de\/fr\/?attachment_id=2866'><img loading=\"lazy\" decoding=\"async\" width=\"768\" height=\"768\" src=\"https:\/\/pong-bot.de\/wp-content\/uploads\/2025\/09\/4-3-768x768-1.jpg\" class=\"attachment-full size-full\" alt=\"\" srcset=\"https:\/\/pong-bot.de\/wp-content\/uploads\/2025\/09\/4-3-768x768-1.jpg 768w, https:\/\/pong-bot.de\/wp-content\/uploads\/2025\/09\/4-3-768x768-1-300x300.jpg 300w, https:\/\/pong-bot.de\/wp-content\/uploads\/2025\/09\/4-3-768x768-1-150x150.jpg 150w, https:\/\/pong-bot.de\/wp-content\/uploads\/2025\/09\/4-3-768x768-1-600x600.jpg 600w, https:\/\/pong-bot.de\/wp-content\/uploads\/2025\/09\/4-3-768x768-1-100x100.jpg 100w\" sizes=\"auto, (max-width: 768px) 100vw, 768px\" \/><\/a>\n\t\t\t<\/div><\/figure><figure class='gallery-item'>\n\t\t\t<div class='gallery-icon portrait'>\n\t\t\t\t<a href='https:\/\/pong-bot.de\/fr\/?attachment_id=2871'><img loading=\"lazy\" decoding=\"async\" width=\"1417\" height=\"2560\" src=\"https:\/\/pong-bot.de\/wp-content\/uploads\/2025\/09\/3-1-scaled-1.jpg\" class=\"attachment-full size-full\" alt=\"\" srcset=\"https:\/\/pong-bot.de\/wp-content\/uploads\/2025\/09\/3-1-scaled-1.jpg 1417w, https:\/\/pong-bot.de\/wp-content\/uploads\/2025\/09\/3-1-scaled-1-166x300.jpg 166w, https:\/\/pong-bot.de\/wp-content\/uploads\/2025\/09\/3-1-scaled-1-567x1024.jpg 567w, https:\/\/pong-bot.de\/wp-content\/uploads\/2025\/09\/3-1-scaled-1-768x1387.jpg 768w, https:\/\/pong-bot.de\/wp-content\/uploads\/2025\/09\/3-1-scaled-1-850x1536.jpg 850w, https:\/\/pong-bot.de\/wp-content\/uploads\/2025\/09\/3-1-scaled-1-1134x2048.jpg 1134w, https:\/\/pong-bot.de\/wp-content\/uploads\/2025\/09\/3-1-scaled-1-600x1084.jpg 600w\" sizes=\"auto, (max-width: 1417px) 100vw, 1417px\" \/><\/a>\n\t\t\t<\/div><\/figure><figure class='gallery-item'>\n\t\t\t<div class='gallery-icon portrait'>\n\t\t\t\t<a href='https:\/\/pong-bot.de\/fr\/?attachment_id=2881'><img loading=\"lazy\" decoding=\"async\" width=\"1536\" height=\"2560\" src=\"https:\/\/pong-bot.de\/wp-content\/uploads\/2025\/09\/20250909-151556-scaled-2.jpg\" class=\"attachment-full size-full\" alt=\"\" srcset=\"https:\/\/pong-bot.de\/wp-content\/uploads\/2025\/09\/20250909-151556-scaled-2.jpg 1536w, https:\/\/pong-bot.de\/wp-content\/uploads\/2025\/09\/20250909-151556-scaled-2-180x300.jpg 180w, https:\/\/pong-bot.de\/wp-content\/uploads\/2025\/09\/20250909-151556-scaled-2-614x1024.jpg 614w, https:\/\/pong-bot.de\/wp-content\/uploads\/2025\/09\/20250909-151556-scaled-2-768x1280.jpg 768w, https:\/\/pong-bot.de\/wp-content\/uploads\/2025\/09\/20250909-151556-scaled-2-922x1536.jpg 922w, https:\/\/pong-bot.de\/wp-content\/uploads\/2025\/09\/20250909-151556-scaled-2-1229x2048.jpg 1229w, https:\/\/pong-bot.de\/wp-content\/uploads\/2025\/09\/20250909-151556-scaled-2-600x1000.jpg 600w\" sizes=\"auto, (max-width: 1536px) 100vw, 1536px\" \/><\/a>\n\t\t\t<\/div><\/figure><figure class='gallery-item'>\n\t\t\t<div class='gallery-icon portrait'>\n\t\t\t\t<a href='https:\/\/pong-bot.de\/fr\/?attachment_id=2873'><img loading=\"lazy\" decoding=\"async\" width=\"2039\" height=\"2048\" src=\"https:\/\/pong-bot.de\/wp-content\/uploads\/2025\/09\/5-1-2039x2048-1.jpg\" class=\"attachment-full size-full\" alt=\"\" srcset=\"https:\/\/pong-bot.de\/wp-content\/uploads\/2025\/09\/5-1-2039x2048-1.jpg 2039w, https:\/\/pong-bot.de\/wp-content\/uploads\/2025\/09\/5-1-2039x2048-1-300x300.jpg 300w, https:\/\/pong-bot.de\/wp-content\/uploads\/2025\/09\/5-1-2039x2048-1-1020x1024.jpg 1020w, https:\/\/pong-bot.de\/wp-content\/uploads\/2025\/09\/5-1-2039x2048-1-150x150.jpg 150w, https:\/\/pong-bot.de\/wp-content\/uploads\/2025\/09\/5-1-2039x2048-1-768x771.jpg 768w, https:\/\/pong-bot.de\/wp-content\/uploads\/2025\/09\/5-1-2039x2048-1-1529x1536.jpg 1529w, https:\/\/pong-bot.de\/wp-content\/uploads\/2025\/09\/5-1-2039x2048-1-600x603.jpg 600w, https:\/\/pong-bot.de\/wp-content\/uploads\/2025\/09\/5-1-2039x2048-1-100x100.jpg 100w\" sizes=\"auto, (max-width: 2039px) 100vw, 2039px\" \/><\/a>\n\t\t\t<\/div><\/figure><figure class='gallery-item'>\n\t\t\t<div class='gallery-icon portrait'>\n\t\t\t\t<a href='https:\/\/pong-bot.de\/fr\/?attachment_id=2874'><img loading=\"lazy\" decoding=\"async\" width=\"1738\" height=\"2560\" src=\"https:\/\/pong-bot.de\/wp-content\/uploads\/2025\/09\/12-1-scaled-1.jpg\" class=\"attachment-full size-full\" alt=\"\" srcset=\"https:\/\/pong-bot.de\/wp-content\/uploads\/2025\/09\/12-1-scaled-1.jpg 1738w, https:\/\/pong-bot.de\/wp-content\/uploads\/2025\/09\/12-1-scaled-1-204x300.jpg 204w, https:\/\/pong-bot.de\/wp-content\/uploads\/2025\/09\/12-1-scaled-1-695x1024.jpg 695w, https:\/\/pong-bot.de\/wp-content\/uploads\/2025\/09\/12-1-scaled-1-768x1131.jpg 768w, https:\/\/pong-bot.de\/wp-content\/uploads\/2025\/09\/12-1-scaled-1-1043x1536.jpg 1043w, https:\/\/pong-bot.de\/wp-content\/uploads\/2025\/09\/12-1-scaled-1-1390x2048.jpg 1390w, https:\/\/pong-bot.de\/wp-content\/uploads\/2025\/09\/12-1-scaled-1-600x884.jpg 600w\" sizes=\"auto, (max-width: 1738px) 100vw, 1738px\" \/><\/a>\n\t\t\t<\/div><\/figure><figure class='gallery-item'>\n\t\t\t<div class='gallery-icon portrait'>\n\t\t\t\t<a href='https:\/\/pong-bot.de\/fr\/?attachment_id=2877'><img loading=\"lazy\" decoding=\"async\" width=\"1861\" height=\"2048\" src=\"https:\/\/pong-bot.de\/wp-content\/uploads\/2025\/09\/14-1-1861x2048-1.jpg\" class=\"attachment-full size-full\" alt=\"\" srcset=\"https:\/\/pong-bot.de\/wp-content\/uploads\/2025\/09\/14-1-1861x2048-1.jpg 1861w, https:\/\/pong-bot.de\/wp-content\/uploads\/2025\/09\/14-1-1861x2048-1-273x300.jpg 273w, https:\/\/pong-bot.de\/wp-content\/uploads\/2025\/09\/14-1-1861x2048-1-931x1024.jpg 931w, https:\/\/pong-bot.de\/wp-content\/uploads\/2025\/09\/14-1-1861x2048-1-768x845.jpg 768w, https:\/\/pong-bot.de\/wp-content\/uploads\/2025\/09\/14-1-1861x2048-1-1396x1536.jpg 1396w, https:\/\/pong-bot.de\/wp-content\/uploads\/2025\/09\/14-1-1861x2048-1-600x660.jpg 600w\" sizes=\"auto, (max-width: 1861px) 100vw, 1861px\" \/><\/a>\n\t\t\t<\/div><\/figure><figure class='gallery-item'>\n\t\t\t<div class='gallery-icon portrait'>\n\t\t\t\t<a href='https:\/\/pong-bot.de\/fr\/?attachment_id=2875'><img loading=\"lazy\" decoding=\"async\" width=\"1853\" height=\"2560\" src=\"https:\/\/pong-bot.de\/wp-content\/uploads\/2025\/09\/13-1-scaled-1.jpg\" class=\"attachment-full size-full\" alt=\"\" srcset=\"https:\/\/pong-bot.de\/wp-content\/uploads\/2025\/09\/13-1-scaled-1.jpg 1853w, https:\/\/pong-bot.de\/wp-content\/uploads\/2025\/09\/13-1-scaled-1-217x300.jpg 217w, https:\/\/pong-bot.de\/wp-content\/uploads\/2025\/09\/13-1-scaled-1-741x1024.jpg 741w, https:\/\/pong-bot.de\/wp-content\/uploads\/2025\/09\/13-1-scaled-1-768x1061.jpg 768w, https:\/\/pong-bot.de\/wp-content\/uploads\/2025\/09\/13-1-scaled-1-1112x1536.jpg 1112w, https:\/\/pong-bot.de\/wp-content\/uploads\/2025\/09\/13-1-scaled-1-1482x2048.jpg 1482w, https:\/\/pong-bot.de\/wp-content\/uploads\/2025\/09\/13-1-scaled-1-600x829.jpg 600w\" sizes=\"auto, (max-width: 1853px) 100vw, 1853px\" \/><\/a>\n\t\t\t<\/div><\/figure><figure class='gallery-item'>\n\t\t\t<div class='gallery-icon portrait'>\n\t\t\t\t<a href='https:\/\/pong-bot.de\/fr\/?attachment_id=2878'><img loading=\"lazy\" decoding=\"async\" width=\"1629\" height=\"2048\" src=\"https:\/\/pong-bot.de\/wp-content\/uploads\/2025\/09\/16-1629x2048-1.jpg\" class=\"attachment-full size-full\" alt=\"\" srcset=\"https:\/\/pong-bot.de\/wp-content\/uploads\/2025\/09\/16-1629x2048-1.jpg 1629w, https:\/\/pong-bot.de\/wp-content\/uploads\/2025\/09\/16-1629x2048-1-239x300.jpg 239w, https:\/\/pong-bot.de\/wp-content\/uploads\/2025\/09\/16-1629x2048-1-815x1024.jpg 815w, https:\/\/pong-bot.de\/wp-content\/uploads\/2025\/09\/16-1629x2048-1-768x966.jpg 768w, https:\/\/pong-bot.de\/wp-content\/uploads\/2025\/09\/16-1629x2048-1-1222x1536.jpg 1222w, https:\/\/pong-bot.de\/wp-content\/uploads\/2025\/09\/16-1629x2048-1-600x754.jpg 600w\" sizes=\"auto, (max-width: 1629px) 100vw, 1629px\" \/><\/a>\n\t\t\t<\/div><\/figure>\n\t\t<\/div>\n\n","protected":false},"excerpt":{"rendered":"<p>La s\u00e9rie Pace S nest pas seulement un robot de tennis, cest votre partenaire dentra\u00eenement intelligent.<\/p>\n","protected":false},"featured_media":2862,"comment_status":"open","ping_status":"closed","template":"","meta":[],"product_brand":[],"product_cat":[77,78],"product_tag":[],"class_list":{"0":"post-2861","1":"product","2":"type-product","3":"status-publish","4":"has-post-thumbnail","6":"product_cat-machines-a-balles-de-tennis","7":"product_cat-modeles-professionnels-pour-entraineurs-clubs","9":"first","10":"instock","11":"sale","12":"featured","13":"taxable","14":"shipping-taxable","15":"purchasable","16":"product-type-simple"},"jetpack_sharing_enabled":true,"_links":{"self":[{"href":"https:\/\/pong-bot.de\/fr\/wp-json\/wp\/v2\/product\/2861","targetHints":{"allow":["GET"]}}],"collection":[{"href":"https:\/\/pong-bot.de\/fr\/wp-json\/wp\/v2\/product"}],"about":[{"href":"https:\/\/pong-bot.de\/fr\/wp-json\/wp\/v2\/types\/product"}],"replies":[{"embeddable":true,"href":"https:\/\/pong-bot.de\/fr\/wp-json\/wp\/v2\/comments?post=2861"}],"wp:featuredmedia":[{"embeddable":true,"href":"https:\/\/pong-bot.de\/fr\/wp-json\/wp\/v2\/media\/2862"}],"wp:attachment":[{"href":"https:\/\/pong-bot.de\/fr\/wp-json\/wp\/v2\/media?parent=2861"}],"wp:term":[{"taxonomy":"product_brand","embeddable":true,"href":"https:\/\/pong-bot.de\/fr\/wp-json\/wp\/v2\/product_brand?post=2861"},{"taxonomy":"product_cat","embeddable":true,"href":"https:\/\/pong-bot.de\/fr\/wp-json\/wp\/v2\/product_cat?post=2861"},{"taxonomy":"product_tag","embeddable":true,"href":"https:\/\/pong-bot.de\/fr\/wp-json\/wp\/v2\/product_tag?post=2861"}],"curies":[{"name":"wp","href":"https:\/\/api.w.org\/{rel}","templated":true}]}}