{"id":2913,"date":"2025-10-27T21:10:15","date_gmt":"2025-10-27T21:10:15","guid":{"rendered":"https:\/\/pong-bot.de\/produkt\/nova-s-pro\/"},"modified":"2025-10-27T21:10:15","modified_gmt":"2025-10-27T20:10:15","slug":"nova-s-pro","status":"publish","type":"product","link":"https:\/\/pong-bot.de\/fr\/produkt\/nova-s-pro\/","title":{"rendered":"Nova S Pro"},"content":{"rendered":"<p><strong>Robot de tennis de table portable<\/strong><\/p>\n<p><strong>Exp\u2019erience de jeu de nouvelle g\u00e9n\u00e9ration<\/strong><br \/>\nProduisez des effets topspin et backspin de niveau professionnel avec des \u00e9changes fluides et pr\u00eats \u00e0 jouer.<\/p>\n<p><strong>Partout sur la table<\/strong><br \/>\nLib\u00e9rez-vous des positions fixes gr\u00e2ce \u00e0 une innovation unique pour les services courts au filet.<\/p>\n<p><strong>Exercices pr\u00e9cis et personnalisables<\/strong><br \/>\nPersonnalisez l\u2019effet, la vitesse, le placement et l\u2019oscillation \u2013 visualisez chaque coup dans l\u2019application.<\/p>\n<p><strong>Exercices programm\u00e9s par des pros<\/strong><br \/>\nAm\u00e9liorez vos comp\u00e9tences avec plus de 264 exercices d\u2019experts, des \u00e9changes ludiques aux sessions pro.<\/p>\n<p><strong>Compact mais puissant<\/strong><br \/>\nTient dans un sac \u00e0 dos tout en contenant plus de 150 balles pour un entra\u00eenement continu.<\/p>\n<h4 data-start=\"90\" data-end=\"149\"><strong data-start=\"90\" data-end=\"147\">Informations de livraison<\/strong><\/h4>\n<ul data-start=\"151\" data-end=\"385\">\n<li data-start=\"151\" data-end=\"209\"><strong data-start=\"153\" data-end=\"180\">Exp\u00e9dition depuis l\u2019Allemagne<\/strong> vers l\u2019UE et la Suisse \u2013 rapide, fiable et <strong data-start=\"215\" data-end=\"228\">gratuite<\/strong>.<\/li>\n<\/ul>\n<h5><strong>Paramtres techniques<\/strong><\/h5>\n<table>\n<thead>\n<tr>\n<th><strong>Param\u00e8tre<\/strong><\/th>\n<th><strong>Description<\/strong><\/th>\n<\/tr>\n<\/thead>\n<tbody>\n<tr>\n<td><strong>M\u00e9thode d\u2019\u00e9jection des balles<\/strong><\/td>\n<td>Roue en caoutchouc, \u00e9jection vers le haut ; capacit\u00e9 200 balles<\/td>\n<\/tr>\n<tr>\n<td><strong>M\u00e9thode d\u2019alimentation<\/strong><\/td>\n<td>Entra\u00eenement \u00e0 double roue<\/td>\n<\/tr>\n<tr>\n<td><strong>Vitesse de balle<\/strong><\/td>\n<td>2\u201315 m\/s<\/td>\n<\/tr>\n<tr>\n<td><strong>Fr\u00e9quence de balle<\/strong><\/td>\n<td>30\u201390 balles\/minute, 11 niveaux<\/td>\n<\/tr>\n<tr>\n<td><strong>Plage de rotation<\/strong><\/td>\n<td>360\u00b0 r\u00e9glable librement<\/td>\n<\/tr>\n<tr>\n<td><strong>Vitesse de rotation<\/strong><\/td>\n<td>max. 60 tr\/s, 21 niveaux<\/td>\n<\/tr>\n<tr>\n<td><strong>Oscillation gauche\/droite<\/strong><\/td>\n<td>automatique, continue<\/td>\n<\/tr>\n<tr>\n<td><strong>Plage d\u2019oscillation<\/strong><\/td>\n<td>44\u00b0 (\u201322\u00b0 \u00e0 +22\u00b0), \u00b125\u00b0<\/td>\n<\/tr>\n<tr>\n<td><strong>R\u00e9glage de la hauteur (haut\/bas)<\/strong><\/td>\n<td>non automatique \/ 50\u00b0 (\u201320\u00b0 \u00e0 +30\u00b0), 17\u00b0\u201333\u00b0<\/td>\n<\/tr>\n<tr>\n<td><strong>R\u00e9glage de l\u2019effet lat\u00e9ral<\/strong><\/td>\n<td>manuel \/ 180\u00b0 \u00b1 90\u00b0<\/td>\n<\/tr>\n<tr>\n<td><strong>Double rebond<\/strong><\/td>\n<td>pris en charge<\/td>\n<\/tr>\n<tr>\n<td><strong>Dimensions du produit<\/strong><\/td>\n<td>465 \u00d7 340 \u00d7 176 mm<\/td>\n<\/tr>\n<tr>\n<td><strong>Dimensions de l\u2019emballage<\/strong><\/td>\n<td>570 \u00d7 450 \u00d7 200 mm<\/td>\n<\/tr>\n<tr>\n<td><strong>Tension nominale<\/strong><\/td>\n<td>DC 24 V<\/td>\n<\/tr>\n<tr>\n<td><strong>Poids net\/brut<\/strong><\/td>\n<td>4 kg \/ 6 kg<\/td>\n<\/tr>\n<tr>\n<td><strong>Interrupteur d\u2019alimentation<\/strong><\/td>\n<td>Bouton de couplage Wi-Fi \/ Bluetooth<\/td>\n<\/tr>\n<tr>\n<td><strong>M\u00e9thode de couplage<\/strong><\/td>\n<td>Bluetooth<\/td>\n<\/tr>\n<tr>\n<td><strong>Installation<\/strong><\/td>\n<td>au centre ou sur la surface de la table<\/td>\n<\/tr>\n<tr>\n<td><strong>Certifi\u00e9 CE<\/strong><\/td>\n<td>Oui<\/td>\n<\/tr>\n<tr>\n<td><strong>Accessoires<\/strong><\/td>\n<td>Adaptateur secteur (AC 100\u2013240 V) \/ balles<\/td>\n<\/tr>\n<\/tbody>\n<\/table>\n","protected":false},"excerpt":{"rendered":"<p>Robot de tennis de table portable Exp\u2019erience de jeu de nouvelle g\u00e9n\u00e9ration Produisez des effets topspin et backspin de niveau professionnel avec des \u00e9changes fluides et pr\u00eats \u00e0 jouer. Partout &#8230;<\/p>\n","protected":false},"featured_media":1778,"comment_status":"open","ping_status":"closed","template":"","meta":[],"product_brand":[],"product_cat":[90,71],"product_tag":[],"class_list":{"0":"post-2913","1":"product","2":"type-product","3":"status-publish","4":"has-post-thumbnail","6":"product_cat-modeles-dentree-de-gamme-pour-joueurs-amateurs","7":"product_cat-non-classe","9":"first","10":"instock","11":"sale","12":"featured","13":"taxable","14":"shipping-taxable","15":"purchasable","16":"product-type-simple"},"jetpack_sharing_enabled":true,"_links":{"self":[{"href":"https:\/\/pong-bot.de\/fr\/wp-json\/wp\/v2\/product\/2913","targetHints":{"allow":["GET"]}}],"collection":[{"href":"https:\/\/pong-bot.de\/fr\/wp-json\/wp\/v2\/product"}],"about":[{"href":"https:\/\/pong-bot.de\/fr\/wp-json\/wp\/v2\/types\/product"}],"replies":[{"embeddable":true,"href":"https:\/\/pong-bot.de\/fr\/wp-json\/wp\/v2\/comments?post=2913"}],"wp:featuredmedia":[{"embeddable":true,"href":"https:\/\/pong-bot.de\/fr\/wp-json\/wp\/v2\/media\/1778"}],"wp:attachment":[{"href":"https:\/\/pong-bot.de\/fr\/wp-json\/wp\/v2\/media?parent=2913"}],"wp:term":[{"taxonomy":"product_brand","embeddable":true,"href":"https:\/\/pong-bot.de\/fr\/wp-json\/wp\/v2\/product_brand?post=2913"},{"taxonomy":"product_cat","embeddable":true,"href":"https:\/\/pong-bot.de\/fr\/wp-json\/wp\/v2\/product_cat?post=2913"},{"taxonomy":"product_tag","embeddable":true,"href":"https:\/\/pong-bot.de\/fr\/wp-json\/wp\/v2\/product_tag?post=2913"}],"curies":[{"name":"wp","href":"https:\/\/api.w.org\/{rel}","templated":true}]}}