{"id":2946,"date":"2026-02-23T23:48:57","date_gmt":"2026-02-23T22:48:57","guid":{"rendered":"https:\/\/pong-bot.de\/produkt\/sac-de-transport-pongbot-pour-nova-s-pro\/"},"modified":"2026-02-23T23:48:57","modified_gmt":"2026-02-23T22:48:57","slug":"sac-de-transport-pongbot-pour-nova-s-pro","status":"publish","type":"product","link":"https:\/\/pong-bot.de\/fr\/produkt\/sac-de-transport-pongbot-pour-nova-s-pro\/","title":{"rendered":"Sac de transport PONGBOT pour Nova S Pro"},"content":{"rendered":"<p>Le sac de transport PONGBOT est le compagnon id\u00e9al pour votre robot de tennis de table NOVA PONGBOT PRO. Con\u00e7u pour le confort et la durabilit\u00e9, ce sac vous permet de transporter votre robot sans effort. Fabriqu\u00e9 \u00e0 partir de mat\u00e9riaux de haute qualit\u00e9, il dispose dun rembourrage g\u00e9n\u00e9reux pour prot\u00e9ger votre pr\u00e9cieux \u00e9quipement pendant le transport. Lint\u00e9rieur spacieux peut accueillir le robot et ses accessoires, tandis que la bandouli\u00e8re r\u00e9glable assure un transport confortable. Avec son design \u00e9l\u00e9gant et pratique, ce sac de transport garantit que votre robot de tennis de table Nova S Pro reste en s\u00e9curit\u00e9 et organis\u00e9, que vous alliez \u00e0 lentra\u00eenement ou \u00e0 un tournoi. Investissez dans cet accessoire indispensable et profitez de la tranquillit\u00e9 desprit quoffre un transport s\u00e9curis\u00e9.<\/p>\n<ul class=\"a-unordered-list a-vertical a-spacing-mini\">\n<li class=\"a-spacing-mini\"><span class=\"a-list-item\">Sac de transport pratique : Ce sac durable est con\u00e7u pour transporter et ranger en toute s\u00e9curit\u00e9 votre robot de tennis de table Nova S Pro.<\/span><\/li>\n<li class=\"a-spacing-mini\"><span class=\"a-list-item\">Lint\u00e9rieur est dot\u00e9 dun rembourrage doux pour amortir et prot\u00e9ger le robot des chocs pendant le voyage.<\/span><\/li>\n<li class=\"a-spacing-mini\"><span class=\"a-list-item\">Compact et portable : Sa taille compacte et sa bandouli\u00e8re r\u00e9glable incluse permettent un transport facile vers et depuis les entra\u00eenements.<\/span><\/li>\n<li class=\"a-spacing-mini\"><span class=\"a-list-item\">FERMETURE S\u00c9CURIS\u00c9E &#8211; Un compartiment principal zipp\u00e9 garantit que le robot reste bien rang\u00e9 dans le sac.<\/span><\/li>\n<li class=\"a-spacing-mini\"><span class=\"a-list-item\"><span class=\"a-list-item\"><span class=\"a-list-item\">Peut \u00eatre utilis\u00e9 comme sac \u00e0 main ou sac \u00e0 bandouli\u00e8re pour des options de transport polyvalentes.<\/span><\/span><\/span><div id='gallery-1' class='gallery galleryid-2946 gallery-columns-1 gallery-size-full'><figure class='gallery-item'>\n\t\t\t<div class='gallery-icon portrait'>\n\t\t\t\t<a href='https:\/\/pong-bot.de\/fr\/?attachment_id=2832'><img loading=\"lazy\" decoding=\"async\" width=\"899\" height=\"1500\" src=\"https:\/\/pong-bot.de\/wp-content\/uploads\/2025\/08\/61PN4qgjEHL._AC_SL1500_.jpg\" class=\"attachment-full size-full\" alt=\"\" srcset=\"https:\/\/pong-bot.de\/wp-content\/uploads\/2025\/08\/61PN4qgjEHL._AC_SL1500_.jpg 899w, https:\/\/pong-bot.de\/wp-content\/uploads\/2025\/08\/61PN4qgjEHL._AC_SL1500_-180x300.jpg 180w, https:\/\/pong-bot.de\/wp-content\/uploads\/2025\/08\/61PN4qgjEHL._AC_SL1500_-614x1024.jpg 614w, https:\/\/pong-bot.de\/wp-content\/uploads\/2025\/08\/61PN4qgjEHL._AC_SL1500_-768x1281.jpg 768w, https:\/\/pong-bot.de\/wp-content\/uploads\/2025\/08\/61PN4qgjEHL._AC_SL1500_-600x1001.jpg 600w\" sizes=\"auto, (max-width: 899px) 100vw, 899px\" \/><\/a>\n\t\t\t<\/div><\/figure><figure class='gallery-item'>\n\t\t\t<div class='gallery-icon landscape'>\n\t\t\t\t<a href='https:\/\/pong-bot.de\/fr\/?attachment_id=2833'><img loading=\"lazy\" decoding=\"async\" width=\"1500\" height=\"1338\" src=\"https:\/\/pong-bot.de\/wp-content\/uploads\/2025\/08\/61rrv8ScNTL._AC_SL1500_.jpg\" class=\"attachment-full size-full\" alt=\"\" srcset=\"https:\/\/pong-bot.de\/wp-content\/uploads\/2025\/08\/61rrv8ScNTL._AC_SL1500_.jpg 1500w, https:\/\/pong-bot.de\/wp-content\/uploads\/2025\/08\/61rrv8ScNTL._AC_SL1500_-300x268.jpg 300w, https:\/\/pong-bot.de\/wp-content\/uploads\/2025\/08\/61rrv8ScNTL._AC_SL1500_-1024x913.jpg 1024w, https:\/\/pong-bot.de\/wp-content\/uploads\/2025\/08\/61rrv8ScNTL._AC_SL1500_-768x685.jpg 768w, https:\/\/pong-bot.de\/wp-content\/uploads\/2025\/08\/61rrv8ScNTL._AC_SL1500_-600x535.jpg 600w\" sizes=\"auto, (max-width: 1500px) 100vw, 1500px\" \/><\/a>\n\t\t\t<\/div><\/figure><figure class='gallery-item'>\n\t\t\t<div class='gallery-icon portrait'>\n\t\t\t\t<a href='https:\/\/pong-bot.de\/fr\/?attachment_id=2834'><img loading=\"lazy\" decoding=\"async\" width=\"1397\" height=\"1500\" src=\"https:\/\/pong-bot.de\/wp-content\/uploads\/2025\/08\/81y5MIxhjXL._AC_SL1500_.jpg\" class=\"attachment-full size-full\" alt=\"\" srcset=\"https:\/\/pong-bot.de\/wp-content\/uploads\/2025\/08\/81y5MIxhjXL._AC_SL1500_.jpg 1397w, https:\/\/pong-bot.de\/wp-content\/uploads\/2025\/08\/81y5MIxhjXL._AC_SL1500_-279x300.jpg 279w, https:\/\/pong-bot.de\/wp-content\/uploads\/2025\/08\/81y5MIxhjXL._AC_SL1500_-954x1024.jpg 954w, https:\/\/pong-bot.de\/wp-content\/uploads\/2025\/08\/81y5MIxhjXL._AC_SL1500_-768x825.jpg 768w, https:\/\/pong-bot.de\/wp-content\/uploads\/2025\/08\/81y5MIxhjXL._AC_SL1500_-600x644.jpg 600w\" sizes=\"auto, (max-width: 1397px) 100vw, 1397px\" \/><\/a>\n\t\t\t<\/div><\/figure>\n\t\t<\/div>\n\n<p>&nbsp;<\/p>\n<p>&nbsp;<\/li>\n<\/ul>\n","protected":false},"excerpt":{"rendered":"<p>Le sac de transport PONGBOT est le compagnon id\u00e9al pour votre robot de tennis de table NOVA PONGBOT PRO.<\/p>\n","protected":false},"featured_media":2947,"comment_status":"open","ping_status":"closed","template":"","meta":[],"product_brand":[],"product_cat":[91,71],"product_tag":[],"class_list":{"0":"post-2946","1":"product","2":"type-product","3":"status-publish","4":"has-post-thumbnail","6":"product_cat-accessoires-filets-de-recuperation-balles-pieces-de-rechange","7":"product_cat-non-classe","9":"first","10":"outofstock","11":"sale","12":"taxable","13":"shipping-taxable","14":"purchasable","15":"product-type-simple"},"jetpack_sharing_enabled":true,"_links":{"self":[{"href":"https:\/\/pong-bot.de\/fr\/wp-json\/wp\/v2\/product\/2946","targetHints":{"allow":["GET"]}}],"collection":[{"href":"https:\/\/pong-bot.de\/fr\/wp-json\/wp\/v2\/product"}],"about":[{"href":"https:\/\/pong-bot.de\/fr\/wp-json\/wp\/v2\/types\/product"}],"replies":[{"embeddable":true,"href":"https:\/\/pong-bot.de\/fr\/wp-json\/wp\/v2\/comments?post=2946"}],"wp:featuredmedia":[{"embeddable":true,"href":"https:\/\/pong-bot.de\/fr\/wp-json\/wp\/v2\/media\/2947"}],"wp:attachment":[{"href":"https:\/\/pong-bot.de\/fr\/wp-json\/wp\/v2\/media?parent=2946"}],"wp:term":[{"taxonomy":"product_brand","embeddable":true,"href":"https:\/\/pong-bot.de\/fr\/wp-json\/wp\/v2\/product_brand?post=2946"},{"taxonomy":"product_cat","embeddable":true,"href":"https:\/\/pong-bot.de\/fr\/wp-json\/wp\/v2\/product_cat?post=2946"},{"taxonomy":"product_tag","embeddable":true,"href":"https:\/\/pong-bot.de\/fr\/wp-json\/wp\/v2\/product_tag?post=2946"}],"curies":[{"name":"wp","href":"https:\/\/api.w.org\/{rel}","templated":true}]}}